{"id":4160,"date":"2026-02-09T13:51:50","date_gmt":"2026-02-09T12:51:50","guid":{"rendered":"https:\/\/fitting-cometa.hu\/?page_id=4160"},"modified":"2026-02-11T11:40:25","modified_gmt":"2026-02-11T10:40:25","slug":"kozcsavar-csatlakozo-esztergalt-idomok","status":"publish","type":"page","link":"https:\/\/fitting-cometa.hu\/en\/kozcsavar-csatlakozo-esztergalt-idomok\/","title":{"rendered":"k\u00f6zcsavar \/ csatlakoz\u00f3 \/ eszterg\u00e1lt idomok"},"content":{"rendered":"<section class=\"section\" id=\"section_2082472468\">\n\t\t<div class=\"bg section-bg fill bg-fill\" >\n\n\t\t\t\n\t\t\t\n\t\t\t\n\n\t\t<\/div>\n\n\t\t\n\n\t\t<div class=\"section-content relative\">\n\t\t\t\n\n<div class=\"row align-center\"  id=\"row-2047391507\">\n\n\n\t<div id=\"col-1486701314\" class=\"col medium-12 small-12 large-12\"  >\n\t\t\t\t<div class=\"col-inner text-center\"  >\n\t\t\t\n\t\t\t\n\n\t<div id=\"text-874723681\" class=\"text\">\n\t\t\n\n<h1>Hex Nipple<br \/>\nConnector<br \/>\nTurned parts<\/h1>\n\t\t\n<style>\n#text-874723681 {\n  font-size: 2.1rem;\n  color: rgb(212, 212, 212);\n}\n#text-874723681 > * {\n  color: rgb(212, 212, 212);\n}\n@media (min-width:550px) {\n  #text-874723681 {\n    font-size: 2.75rem;\n  }\n}\n<\/style>\n\t<\/div>\n\t\n\n\t\t<\/div>\n\t\t\t\t\n<style>\n#col-1486701314 > .col-inner {\n  margin: 60px 0px 0px 0px;\n}\n<\/style>\n\t<\/div>\n\n\t\n\n<\/div>\n\n\t\t<\/div>\n\n\t\t\n<style>\n#section_2082472468 {\n  padding-top: 30px;\n  padding-bottom: 30px;\n  min-height: 500px;\n}\n#section_2082472468 .section-bg.bg-loaded {\n  background-image: url(https:\/\/fitting-cometa.hu\/wp-content\/uploads\/2026\/02\/kozcsavar-olda-hatter-e1770644564412.jpg);\n}\n<\/style>\n\t<\/section>\n\t\n\t<section class=\"section\" id=\"section_818932134\">\n\t\t<div class=\"bg section-bg fill bg-fill  bg-loaded\" >\n\n\t\t\t\n\t\t\t\n\t\t\t\n\n\t\t<\/div>\n\n\t\t\n\n\t\t<div class=\"section-content relative\">\n\t\t\t\n\n<div class=\"text-center\"><div class=\"is-divider divider clearfix\" style=\"max-width:45vw;height:5px;background-color:rgb(212, 212, 212);\"><\/div><\/div>\n\n<div class=\"row row-full-width\"  id=\"row-1338838300\">\n\n\n\t<div id=\"col-1722630188\" class=\"col medium-3 small-12 large-3\"  >\n\t\t\t\t<div class=\"col-inner text-center\"  >\n\t\t\t\n\t\t\t\n\n\t<div id=\"text-3787701659\" class=\"text\">\n\t\t\n\n<p>Double intermediate screw and Transitional intermediate screw<\/p>\n\t\t\n<style>\n#text-3787701659 {\n  font-size: 1.5rem;\n  text-align: center;\n  color: rgb(215, 215, 215);\n}\n#text-3787701659 > * {\n  color: rgb(215, 215, 215);\n}\n<\/style>\n\t<\/div>\n\t\n\t<div id=\"text-966357227\" class=\"text\">\n\t\t\n\n<ul>\n<li>Types: Equal shank double socket head cap screw, tapered (transition) socket head cap screw.<\/li>\n<li>Design: Solid hexagonal (hex) center for easy and secure key grip.<\/li>\n<li>What is it good for? For connecting valves, pumps and instruments to the pipeline.<\/li>\n<li>Why it's good: The precise thread profile (NPT, BSPP, BSPT) minimizes the need for sealant and withstands frequent disassembly and assembly.<\/li>\n<\/ul>\n\t\t\n<style>\n#text-966357227 {\n  font-size: 0.8rem;\n  text-align: left;\n  color: rgb(215, 215, 215);\n}\n#text-966357227 > * {\n  color: rgb(215, 215, 215);\n}\n@media (min-width:550px) {\n  #text-966357227 {\n    font-size: 1.1rem;\n  }\n}\n<\/style>\n\t<\/div>\n\t\n\n\t\t<\/div>\n\t\t\t\t\t<\/div>\n\n\t\n\n\t<div id=\"col-2022834524\" class=\"col medium-3 small-12 large-3\"  >\n\t\t\t\t<div class=\"col-inner text-center\"  >\n\t\t\t\n\t\t\t\n\n\t<div id=\"text-2709948787\" class=\"text\">\n\t\t\n\n<p>Union \/ Hollander<\/p>\n\t\t\n<style>\n#text-2709948787 {\n  font-size: 1.5rem;\n  text-align: center;\n  color: rgb(215, 215, 215);\n}\n#text-2709948787 > * {\n  color: rgb(215, 215, 215);\n}\n<\/style>\n\t<\/div>\n\t\n\t<div id=\"text-2032275070\" class=\"text\">\n\t\t\n\n<ul>\n<li>Construction: Three-part construction (two end fittings and a union nut).<\/li>\n<li>Seal: Conical (metal-to-metal) or flat seal design, depending on the application requirements.<\/li>\n<li>What is it good for? At points where regular cleaning, instrument replacement or maintenance is required.<\/li>\n<li>Why it's good? Pieces specifically designed for high pressure and vibration that close perfectly even after multiple disassembly.<\/li>\n<\/ul>\n\t\t\n<style>\n#text-2032275070 {\n  font-size: 0.8rem;\n  text-align: left;\n  color: rgb(215, 215, 215);\n}\n#text-2032275070 > * {\n  color: rgb(215, 215, 215);\n}\n@media (min-width:550px) {\n  #text-2032275070 {\n    font-size: 1.1rem;\n  }\n}\n<\/style>\n\t<\/div>\n\t\n\n\t\t<\/div>\n\t\t\t\t\t<\/div>\n\n\t\n\n\t<div id=\"col-1743262580\" class=\"col medium-3 small-12 large-3\"  >\n\t\t\t\t<div class=\"col-inner text-center\"  >\n\t\t\t\n\t\t\t\n\n\t<div id=\"text-2656005704\" class=\"text\">\n\t\t\n\n<p>Welding Nipple<\/p>\n\t\t\n<style>\n#text-2656005704 {\n  font-size: 1.5rem;\n  text-align: center;\n  color: rgb(215, 215, 215);\n}\n#text-2656005704 > * {\n  color: rgb(215, 215, 215);\n}\n<\/style>\n\t<\/div>\n\t\n\t<div id=\"text-1692356255\" class=\"text\">\n\t\t\n\n<ul>\n<li>Design: Weldable at one end (butt or socketed), with external thread at the other end.<\/li>\n<li>What is it good for? For creating tank stubs, instrument connections, or changing from rigid piping to flexible hoses.<\/li>\n<li>Why it's good? The body, made of forged or bar material, can withstand the heat load during welding and does not deform, so the thread remains perfect even after installation.<\/li>\n<\/ul>\n\t\t\n<style>\n#text-1692356255 {\n  font-size: 0.8rem;\n  text-align: left;\n  color: rgb(215, 215, 215);\n}\n#text-1692356255 > * {\n  color: rgb(215, 215, 215);\n}\n@media (min-width:550px) {\n  #text-1692356255 {\n    font-size: 1.1rem;\n  }\n}\n<\/style>\n\t<\/div>\n\t\n\n\t\t<\/div>\n\t\t\t\t\t<\/div>\n\n\t\n\n\t<div id=\"col-3936989\" class=\"col medium-3 small-12 large-3\"  >\n\t\t\t\t<div class=\"col-inner text-center\"  >\n\t\t\t\n\t\t\t\n\n\t<div id=\"text-3463224242\" class=\"text\">\n\t\t\n\n<p>Socket \/ Coupling<\/p>\n\t\t\n<style>\n#text-3463224242 {\n  font-size: 1.5rem;\n  text-align: center;\n  color: rgb(215, 215, 215);\n}\n#text-3463224242 > * {\n  color: rgb(215, 215, 215);\n}\n<\/style>\n\t<\/div>\n\t\n\t<div id=\"text-2263707530\" class=\"text\">\n\t\t\n\n<ul>\n<li>Types: Full Coupling, Half Coupling and Reducing Coupling.<\/li>\n<li>What is it good for? For joining pipe sections or welding into tank walls to create internally threaded connection points.<\/li>\n<li>Why it's good? Our reinforced wall thickness (3000#, 6000#) makes these fittings the most stable points in the system, resisting internal pressure and external mechanical effects.<\/li>\n<\/ul>\n\t\t\n<style>\n#text-2263707530 {\n  font-size: 0.8rem;\n  text-align: left;\n  color: rgb(215, 215, 215);\n}\n#text-2263707530 > * {\n  color: rgb(215, 215, 215);\n}\n@media (min-width:550px) {\n  #text-2263707530 {\n    font-size: 1.1rem;\n  }\n}\n<\/style>\n\t<\/div>\n\t\n\n\t\t<\/div>\n\t\t\t\t\t<\/div>\n\n\t\n\n<\/div>\n\n\t\t<\/div>\n\n\t\t\n<style>\n#section_818932134 {\n  padding-top: 30px;\n  padding-bottom: 30px;\n  background-color: rgb(64, 114, 89);\n}\n<\/style>\n\t<\/section>\n\t\n\t<section class=\"section\" id=\"section_95654214\">\n\t\t<div class=\"bg section-bg fill bg-fill  bg-loaded\" >\n\n\t\t\t\n\t\t\t\n\t\t\t\n\n\t\t<\/div>\n\n\t\t\n\n\t\t<div class=\"section-content relative\">\n\t\t\t\n\n<div class=\"row\"  id=\"row-463335353\">\n\n\n\t<div id=\"col-380506975\" class=\"col medium-4 small-12 large-4\"  >\n\t\t\t\t<div class=\"col-inner text-center\"  >\n\t\t\t\n\t\t\t\n\n\t<div id=\"text-4139360169\" class=\"text\">\n\t\t\n\n<p>Email: albrecht.fiai@albrecht.hu<\/p>\n\t\t\n<style>\n#text-4139360169 {\n  font-size: 1.35rem;\n  color: rgb(212, 212, 212);\n}\n#text-4139360169 > * {\n  color: rgb(212, 212, 212);\n}\n<\/style>\n\t<\/div>\n\t\n\n\t\t<\/div>\n\t\t\t\t\t<\/div>\n\n\t\n\n\t<div id=\"col-468405400\" class=\"col medium-4 small-12 large-4\"  >\n\t\t\t\t<div class=\"col-inner text-center\"  >\n\t\t\t\n\t\t\t\n\n\t<div id=\"text-2183528110\" class=\"text\">\n\t\t\n\n<p>\u260f Phone: +36 46 502 070<\/p>\n<p>\u2706 Mobile: +36 20 404 6006<\/p>\n\t\t\n<style>\n#text-2183528110 {\n  font-size: 1.45rem;\n  color: rgb(215, 215, 215);\n}\n#text-2183528110 > * {\n  color: rgb(215, 215, 215);\n}\n<\/style>\n\t<\/div>\n\t\n\n\t\t<\/div>\n\t\t\t\t\t<\/div>\n\n\t\n\n\t<div id=\"col-1153237577\" class=\"col medium-4 small-12 large-4\"  >\n\t\t\t\t<div class=\"col-inner text-center\"  >\n\t\t\t\n\t\t\t\n\n\t<div id=\"text-560566294\" class=\"text\">\n\t\t\n\n<p>Address: 3526 Miskolc, Rep\u00fcl\u0151t\u00e9ri \u00fat 9\/b.<\/p>\n\t\t\n<style>\n#text-560566294 {\n  font-size: 1.3rem;\n  color: rgb(212, 212, 212);\n}\n#text-560566294 > * {\n  color: rgb(212, 212, 212);\n}\n<\/style>\n\t<\/div>\n\t\n\n\t\t<\/div>\n\t\t\t\t\t<\/div>\n\n\t\n\n<\/div>\n\n\t\t<\/div>\n\n\t\t\n<style>\n#section_95654214 {\n  padding-top: 30px;\n  padding-bottom: 30px;\n  background-color: rgb(64, 114, 89);\n}\n<\/style>\n\t<\/section>","protected":false},"excerpt":{"rendered":"","protected":false},"author":1,"featured_media":0,"parent":0,"menu_order":0,"comment_status":"closed","ping_status":"closed","template":"page-single-page-nav-transparent.php","meta":{"footnotes":""},"class_list":["post-4160","page","type-page","status-publish","hentry"],"yoast_head":"<!-- This site is optimized with the Yoast SEO plugin v27.0 - https:\/\/yoast.com\/product\/yoast-seo-wordpress\/ -->\n<title>k\u00f6zcsavar \/ csatlakoz\u00f3 \/ eszterg\u00e1lt idomok - Karima, Cs\u0151\u00edv, T-idom, Sz\u0171k\u00edt\u0151, Ed\u00e9nyfen\u00e9k | Cometa Kft.<\/title>\n<meta name=\"description\" content=\"Egyedi eszterg\u00e1lt k\u00f6zcsavarok, bonthat\u00f3 csatlakoz\u00f3k, karmanty\u00fak\" \/>\n<meta name=\"robots\" content=\"index, follow, max-snippet:-1, max-image-preview:large, max-video-preview:-1\" \/>\n<link rel=\"canonical\" href=\"https:\/\/fitting-cometa.hu\/en\/kozcsavar-csatlakozo-esztergalt-idomok\/\" \/>\n<meta property=\"og:locale\" content=\"en_GB\" \/>\n<meta property=\"og:type\" content=\"article\" \/>\n<meta property=\"og:title\" content=\"k\u00f6zcsavar \/ csatlakoz\u00f3 \/ eszterg\u00e1lt idomok - Karima, Cs\u0151\u00edv, T-idom, Sz\u0171k\u00edt\u0151, Ed\u00e9nyfen\u00e9k | Cometa Kft.\" \/>\n<meta property=\"og:description\" content=\"Egyedi eszterg\u00e1lt k\u00f6zcsavarok, bonthat\u00f3 csatlakoz\u00f3k, karmanty\u00fak\" \/>\n<meta property=\"og:url\" content=\"https:\/\/fitting-cometa.hu\/en\/kozcsavar-csatlakozo-esztergalt-idomok\/\" \/>\n<meta property=\"og:site_name\" content=\"Karima, Cs\u0151\u00edv, T-idom, Sz\u0171k\u00edt\u0151, Ed\u00e9nyfen\u00e9k | Cometa Kft.\" \/>\n<meta property=\"article:publisher\" content=\"https:\/\/www.facebook.com\/Albrecht.Cometa\/\" \/>\n<meta property=\"article:modified_time\" content=\"2026-02-11T10:40:25+00:00\" \/>\n<meta property=\"og:image\" content=\"https:\/\/fitting-cometa.hu\/wp-content\/uploads\/2026\/02\/logo.png\" \/>\n\t<meta property=\"og:image:width\" content=\"600\" \/>\n\t<meta property=\"og:image:height\" content=\"450\" \/>\n\t<meta property=\"og:image:type\" content=\"image\/png\" \/>\n<meta name=\"twitter:card\" content=\"summary_large_image\" \/>\n<script type=\"application\/ld+json\" class=\"yoast-schema-graph\">{\"@context\":\"https:\/\/schema.org\",\"@graph\":[{\"@type\":\"WebPage\",\"@id\":\"https:\/\/fitting-cometa.hu\/kozcsavar-csatlakozo-esztergalt-idomok\/\",\"url\":\"https:\/\/fitting-cometa.hu\/kozcsavar-csatlakozo-esztergalt-idomok\/\",\"name\":\"k\u00f6zcsavar \/ csatlakoz\u00f3 \/ eszterg\u00e1lt idomok - Karima, Cs\u0151\u00edv, T-idom, Sz\u0171k\u00edt\u0151, Ed\u00e9nyfen\u00e9k | Cometa Kft.\",\"isPartOf\":{\"@id\":\"https:\/\/fitting-cometa.hu\/#website\"},\"datePublished\":\"2026-02-09T12:51:50+00:00\",\"dateModified\":\"2026-02-11T10:40:25+00:00\",\"description\":\"Egyedi eszterg\u00e1lt k\u00f6zcsavarok, bonthat\u00f3 csatlakoz\u00f3k, karmanty\u00fak\",\"breadcrumb\":{\"@id\":\"https:\/\/fitting-cometa.hu\/kozcsavar-csatlakozo-esztergalt-idomok\/#breadcrumb\"},\"inLanguage\":\"en-GB\",\"potentialAction\":[{\"@type\":\"ReadAction\",\"target\":[\"https:\/\/fitting-cometa.hu\/kozcsavar-csatlakozo-esztergalt-idomok\/\"]}]},{\"@type\":\"BreadcrumbList\",\"@id\":\"https:\/\/fitting-cometa.hu\/kozcsavar-csatlakozo-esztergalt-idomok\/#breadcrumb\",\"itemListElement\":[{\"@type\":\"ListItem\",\"position\":1,\"name\":\"Kezd\u0151lap\",\"item\":\"https:\/\/fitting-cometa.hu\/\"},{\"@type\":\"ListItem\",\"position\":2,\"name\":\"k\u00f6zcsavar \/ csatlakoz\u00f3 \/ eszterg\u00e1lt idomok\"}]},{\"@type\":\"WebSite\",\"@id\":\"https:\/\/fitting-cometa.hu\/#website\",\"url\":\"https:\/\/fitting-cometa.hu\/\",\"name\":\"Fitting-cometa\",\"description\":\"Sz\u00e9nac\u00e9l \u00e9s rozsdamentes term\u00e9kek\",\"publisher\":{\"@id\":\"https:\/\/fitting-cometa.hu\/#organization\"},\"potentialAction\":[{\"@type\":\"SearchAction\",\"target\":{\"@type\":\"EntryPoint\",\"urlTemplate\":\"https:\/\/fitting-cometa.hu\/?s={search_term_string}\"},\"query-input\":{\"@type\":\"PropertyValueSpecification\",\"valueRequired\":true,\"valueName\":\"search_term_string\"}}],\"inLanguage\":\"en-GB\"},{\"@type\":\"Organization\",\"@id\":\"https:\/\/fitting-cometa.hu\/#organization\",\"name\":\"Fitting-cometa\",\"url\":\"https:\/\/fitting-cometa.hu\/\",\"logo\":{\"@type\":\"ImageObject\",\"inLanguage\":\"en-GB\",\"@id\":\"https:\/\/fitting-cometa.hu\/#\/schema\/logo\/image\/\",\"url\":\"https:\/\/fitting-cometa.hu\/wp-content\/uploads\/2026\/02\/logo.png\",\"contentUrl\":\"https:\/\/fitting-cometa.hu\/wp-content\/uploads\/2026\/02\/logo.png\",\"width\":600,\"height\":450,\"caption\":\"Fitting-cometa\"},\"image\":{\"@id\":\"https:\/\/fitting-cometa.hu\/#\/schema\/logo\/image\/\"},\"sameAs\":[\"https:\/\/www.facebook.com\/Albrecht.Cometa\/\",\"https:\/\/www.linkedin.com\/company\/albrecht-s-fiai-kft\/\",\"https:\/\/hu.linkedin.com\/in\/krisztin-albrecht-17b47a3a5\/en\"]}]}<\/script>\n<!-- \/ Yoast SEO plugin. -->","yoast_head_json":{"title":"k\u00f6zcsavar \/ csatlakoz\u00f3 \/ eszterg\u00e1lt idomok - Karima, Cs\u0151\u00edv, T-idom, Sz\u0171k\u00edt\u0151, Ed\u00e9nyfen\u00e9k | Cometa Kft.","description":"Egyedi eszterg\u00e1lt k\u00f6zcsavarok, bonthat\u00f3 csatlakoz\u00f3k, karmanty\u00fak","robots":{"index":"index","follow":"follow","max-snippet":"max-snippet:-1","max-image-preview":"max-image-preview:large","max-video-preview":"max-video-preview:-1"},"canonical":"https:\/\/fitting-cometa.hu\/en\/kozcsavar-csatlakozo-esztergalt-idomok\/","og_locale":"en_GB","og_type":"article","og_title":"k\u00f6zcsavar \/ csatlakoz\u00f3 \/ eszterg\u00e1lt idomok - Karima, Cs\u0151\u00edv, T-idom, Sz\u0171k\u00edt\u0151, Ed\u00e9nyfen\u00e9k | Cometa Kft.","og_description":"Egyedi eszterg\u00e1lt k\u00f6zcsavarok, bonthat\u00f3 csatlakoz\u00f3k, karmanty\u00fak","og_url":"https:\/\/fitting-cometa.hu\/en\/kozcsavar-csatlakozo-esztergalt-idomok\/","og_site_name":"Karima, Cs\u0151\u00edv, T-idom, Sz\u0171k\u00edt\u0151, Ed\u00e9nyfen\u00e9k | Cometa Kft.","article_publisher":"https:\/\/www.facebook.com\/Albrecht.Cometa\/","article_modified_time":"2026-02-11T10:40:25+00:00","og_image":[{"width":600,"height":450,"url":"https:\/\/fitting-cometa.hu\/wp-content\/uploads\/2026\/02\/logo.png","type":"image\/png"}],"twitter_card":"summary_large_image","schema":{"@context":"https:\/\/schema.org","@graph":[{"@type":"WebPage","@id":"https:\/\/fitting-cometa.hu\/kozcsavar-csatlakozo-esztergalt-idomok\/","url":"https:\/\/fitting-cometa.hu\/kozcsavar-csatlakozo-esztergalt-idomok\/","name":"k\u00f6zcsavar \/ csatlakoz\u00f3 \/ eszterg\u00e1lt idomok - Karima, Cs\u0151\u00edv, T-idom, Sz\u0171k\u00edt\u0151, Ed\u00e9nyfen\u00e9k | Cometa Kft.","isPartOf":{"@id":"https:\/\/fitting-cometa.hu\/#website"},"datePublished":"2026-02-09T12:51:50+00:00","dateModified":"2026-02-11T10:40:25+00:00","description":"Egyedi eszterg\u00e1lt k\u00f6zcsavarok, bonthat\u00f3 csatlakoz\u00f3k, karmanty\u00fak","breadcrumb":{"@id":"https:\/\/fitting-cometa.hu\/kozcsavar-csatlakozo-esztergalt-idomok\/#breadcrumb"},"inLanguage":"en-GB","potentialAction":[{"@type":"ReadAction","target":["https:\/\/fitting-cometa.hu\/kozcsavar-csatlakozo-esztergalt-idomok\/"]}]},{"@type":"BreadcrumbList","@id":"https:\/\/fitting-cometa.hu\/kozcsavar-csatlakozo-esztergalt-idomok\/#breadcrumb","itemListElement":[{"@type":"ListItem","position":1,"name":"Kezd\u0151lap","item":"https:\/\/fitting-cometa.hu\/"},{"@type":"ListItem","position":2,"name":"k\u00f6zcsavar \/ csatlakoz\u00f3 \/ eszterg\u00e1lt idomok"}]},{"@type":"WebSite","@id":"https:\/\/fitting-cometa.hu\/#website","url":"https:\/\/fitting-cometa.hu\/","name":"Fitting-cometa","description":"Sz\u00e9nac\u00e9l \u00e9s rozsdamentes term\u00e9kek","publisher":{"@id":"https:\/\/fitting-cometa.hu\/#organization"},"potentialAction":[{"@type":"SearchAction","target":{"@type":"EntryPoint","urlTemplate":"https:\/\/fitting-cometa.hu\/?s={search_term_string}"},"query-input":{"@type":"PropertyValueSpecification","valueRequired":true,"valueName":"search_term_string"}}],"inLanguage":"en-GB"},{"@type":"Organization","@id":"https:\/\/fitting-cometa.hu\/#organization","name":"Fitting-cometa","url":"https:\/\/fitting-cometa.hu\/","logo":{"@type":"ImageObject","inLanguage":"en-GB","@id":"https:\/\/fitting-cometa.hu\/#\/schema\/logo\/image\/","url":"https:\/\/fitting-cometa.hu\/wp-content\/uploads\/2026\/02\/logo.png","contentUrl":"https:\/\/fitting-cometa.hu\/wp-content\/uploads\/2026\/02\/logo.png","width":600,"height":450,"caption":"Fitting-cometa"},"image":{"@id":"https:\/\/fitting-cometa.hu\/#\/schema\/logo\/image\/"},"sameAs":["https:\/\/www.facebook.com\/Albrecht.Cometa\/","https:\/\/www.linkedin.com\/company\/albrecht-s-fiai-kft\/","https:\/\/hu.linkedin.com\/in\/krisztin-albrecht-17b47a3a5\/en"]}]}},"_links":{"self":[{"href":"https:\/\/fitting-cometa.hu\/en\/wp-json\/wp\/v2\/pages\/4160","targetHints":{"allow":["GET"]}}],"collection":[{"href":"https:\/\/fitting-cometa.hu\/en\/wp-json\/wp\/v2\/pages"}],"about":[{"href":"https:\/\/fitting-cometa.hu\/en\/wp-json\/wp\/v2\/types\/page"}],"author":[{"embeddable":true,"href":"https:\/\/fitting-cometa.hu\/en\/wp-json\/wp\/v2\/users\/1"}],"replies":[{"embeddable":true,"href":"https:\/\/fitting-cometa.hu\/en\/wp-json\/wp\/v2\/comments?post=4160"}],"version-history":[{"count":11,"href":"https:\/\/fitting-cometa.hu\/en\/wp-json\/wp\/v2\/pages\/4160\/revisions"}],"predecessor-version":[{"id":4331,"href":"https:\/\/fitting-cometa.hu\/en\/wp-json\/wp\/v2\/pages\/4160\/revisions\/4331"}],"wp:attachment":[{"href":"https:\/\/fitting-cometa.hu\/en\/wp-json\/wp\/v2\/media?parent=4160"}],"curies":[{"name":"wp","href":"https:\/\/api.w.org\/{rel}","templated":true}]}}