{"id":4090,"date":"2026-02-08T17:34:09","date_gmt":"2026-02-08T16:34:09","guid":{"rendered":"https:\/\/fitting-cometa.hu\/?page_id=4090"},"modified":"2026-02-11T11:47:04","modified_gmt":"2026-02-11T10:47:04","slug":"weldolet-thredolet-szegcsavar","status":"publish","type":"page","link":"https:\/\/fitting-cometa.hu\/en\/weldolet-thredolet-szegcsavar\/","title":{"rendered":"Weldolet\/Thredolet\/SCREW"},"content":{"rendered":"<section class=\"section\" id=\"section_2014040748\">\n\t\t<div class=\"bg section-bg fill bg-fill\" >\n\n\t\t\t\n\t\t\t\n\t\t\t\n\n\t\t<\/div>\n\n\t\t\n\n\t\t<div class=\"section-content relative\">\n\t\t\t\n\n<div class=\"row align-center\"  id=\"row-1619757855\">\n\n\n\t<div id=\"col-1876565593\" class=\"col medium-12 small-12 large-10\"  >\n\t\t\t\t<div class=\"col-inner text-center\"  >\n\t\t\t\n\t\t\t\n\n\t<div id=\"text-3069249230\" class=\"text\">\n\t\t\n\n<h1 style=\"text-align: center;\">Weldolet\/Thredolet<br \/>Screw<\/h1>\n\t\t\n<style>\n#text-3069249230 {\n  font-size: 1.65rem;\n  text-align: left;\n  color: rgb(212, 212, 212);\n}\n#text-3069249230 > * {\n  color: rgb(212, 212, 212);\n}\n@media (min-width:550px) {\n  #text-3069249230 {\n    font-size: 2.75rem;\n  }\n}\n<\/style>\n\t<\/div>\n\t\n\n\t\t<\/div>\n\t\t\t\t\n<style>\n#col-1876565593 > .col-inner {\n  margin: 60px 0px 0px 0px;\n}\n<\/style>\n\t<\/div>\n\n\t\n\n<\/div>\n\n\t\t<\/div>\n\n\t\t\n<style>\n#section_2014040748 {\n  padding-top: 30px;\n  padding-bottom: 30px;\n  min-height: 500px;\n}\n#section_2014040748 .section-bg.bg-loaded {\n  background-image: url(https:\/\/fitting-cometa.hu\/wp-content\/uploads\/2026\/02\/thresdolet-oldal-hatter-e1770571404825.jpg);\n}\n<\/style>\n\t<\/section>\n\t\n\t<section class=\"section\" id=\"section_748494879\">\n\t\t<div class=\"bg section-bg fill bg-fill  bg-loaded\" >\n\n\t\t\t\n\t\t\t\n\t\t\t\n\n\t\t<\/div>\n\n\t\t\n\n\t\t<div class=\"section-content relative\">\n\t\t\t\n\n<div class=\"text-center\"><div class=\"is-divider divider clearfix\" style=\"max-width:45vw;height:5px;background-color:rgb(212, 212, 212);\"><\/div><\/div>\n\n<div class=\"row row-full-width align-center\"  id=\"row-1568624647\">\n\n\n\t<div id=\"col-805459971\" class=\"col medium-4 small-12 large-4\"  >\n\t\t\t\t<div class=\"col-inner text-center\"  >\n\t\t\t\n\t\t\t\n\n\t<div id=\"text-2715107010\" class=\"text\">\n\t\t\n\n<p>Weldolet \/ Thredolet \/ Sockolet<\/p>\n\t\t\n<style>\n#text-2715107010 {\n  font-size: 1.5rem;\n  text-align: center;\n  color: rgb(215, 215, 215);\n}\n#text-2715107010 > * {\n  color: rgb(215, 215, 215);\n}\n<\/style>\n\t<\/div>\n\t\n\t<div id=\"text-446408538\" class=\"text\">\n\t\t\n\n<ul>\n<li>Weldolet: Weldable design that ensures material structural continuity.<\/li>\n<li>Thredolet: Threaded internal design, ideal for quickly creating instrumentation points and detachable branches.<\/li>\n<li>Socket: It has a turned shoulder (socket) on the inside, into which the branch pipe fits comfortably, and can then be secured from the outside with a fillet weld.<\/li>\n<li>What is it good for? For high pressure gas and oil pipelines, where installing a standard T-piece is not economical or not statically advantageous.<\/li>\n<li>Why it's good? They have integrated reinforcement, so there's no need for additional welded reinforcement pads. The CNC machined base perfectly fits the curve of the receiving tube, minimizing weld stress.<\/li>\n<li>Pressure ratings: 3000#, 6000# and 9000#, according to ASME\/ANSI standards.<\/li>\n<\/ul>\n\t\t\n<style>\n#text-446408538 {\n  font-size: 0.8rem;\n  text-align: left;\n  color: rgb(215, 215, 215);\n}\n#text-446408538 > * {\n  color: rgb(215, 215, 215);\n}\n@media (min-width:550px) {\n  #text-446408538 {\n    font-size: 1.2rem;\n  }\n}\n<\/style>\n\t<\/div>\n\t\n\n\t\t<\/div>\n\t\t\t\t\t<\/div>\n\n\t\n\n\t<div id=\"col-302996658\" class=\"col medium-4 small-12 large-4\"  >\n\t\t\t\t<div class=\"col-inner text-center\"  >\n\t\t\t\n\t\t\t\n\n\t<div id=\"text-4135005885\" class=\"text\">\n\t\t\n\n<p>Stud Bolt + Nut<\/p>\n\t\t\n<style>\n#text-4135005885 {\n  font-size: 1.5rem;\n  text-align: center;\n  color: rgb(215, 215, 215);\n}\n#text-4135005885 > * {\n  color: rgb(215, 215, 215);\n}\n<\/style>\n\t<\/div>\n\t\n\t<div id=\"text-3675188873\" class=\"text\">\n\t\t\n\n<ul>\n<li>Kialak\u00edt\u00e1s: Ak\u00e1r teljes hosszon menetes sz\u00e1rak, mindk\u00e9t v\u00e9g\u00fck\u00f6n any\u00e1val (Stud Bolt with heavy hex nuts).<\/li>\n<li>What is it good for? For tightening flange plates, installing heat exchangers, and securing high-pressure tank covers.<\/li>\n<li>Why it's good: Unlike traditional hex head screws, rivets distribute stress more evenly and are easier to replace during maintenance.<\/li>\n<li>Material grade: A193 B7, B8, B16 or other alloy steels that can withstand extreme temperature fluctuations<\/li>\n<li>Coatings: Available with galvanized, cadmium or PTFE (Teflon) coating for easier installation and corrosion protection.<\/li>\n<\/ul>\n\t\t\n<style>\n#text-3675188873 {\n  font-size: 0.8rem;\n  text-align: left;\n  color: rgb(215, 215, 215);\n}\n#text-3675188873 > * {\n  color: rgb(215, 215, 215);\n}\n@media (min-width:550px) {\n  #text-3675188873 {\n    font-size: 1.2rem;\n  }\n}\n<\/style>\n\t<\/div>\n\t\n\n\t\t<\/div>\n\t\t\t\t\t<\/div>\n\n\t\n\n<\/div>\n\t<div id=\"text-1241914213\" class=\"text\">\n\t\t\n\n<p>Inquiry <a href=\"mailto:albrecht.fiai@albrecht.hu\">albrecht.fiai@albrecht.hu<\/a><\/p>\n\t\t\n<style>\n#text-1241914213 {\n  font-size: 1.35rem;\n  text-align: center;\n  color: rgb(215, 215, 215);\n}\n#text-1241914213 > * {\n  color: rgb(215, 215, 215);\n}\n<\/style>\n\t<\/div>\n\t\n\n\t\t<\/div>\n\n\t\t\n<style>\n#section_748494879 {\n  padding-top: 30px;\n  padding-bottom: 30px;\n  background-color: rgb(64, 114, 89);\n}\n<\/style>\n\t<\/section>\n\t\n\t<section class=\"section\" id=\"section_1947969040\">\n\t\t<div class=\"bg section-bg fill bg-fill  bg-loaded\" >\n\n\t\t\t\n\t\t\t\n\t\t\t\n\n\t\t<\/div>\n\n\t\t\n\n\t\t<div class=\"section-content relative\">\n\t\t\t\n\n<div class=\"row\"  id=\"row-459729851\">\n\n\n\t<div id=\"col-558086201\" class=\"col medium-4 small-12 large-4\"  >\n\t\t\t\t<div class=\"col-inner text-center\"  >\n\t\t\t\n\t\t\t\n\n\t<div id=\"text-101463548\" class=\"text\">\n\t\t\n\n<p>Email: albrecht.fiai@albrecht.hu<\/p>\n\t\t\n<style>\n#text-101463548 {\n  font-size: 1.35rem;\n  color: rgb(212, 212, 212);\n}\n#text-101463548 > * {\n  color: rgb(212, 212, 212);\n}\n<\/style>\n\t<\/div>\n\t\n\n\t\t<\/div>\n\t\t\t\t\t<\/div>\n\n\t\n\n\t<div id=\"col-2125714615\" class=\"col medium-4 small-12 large-4\"  >\n\t\t\t\t<div class=\"col-inner text-center\"  >\n\t\t\t\n\t\t\t\n\n\t<div id=\"text-3550882332\" class=\"text\">\n\t\t\n\n<p>\u260f Phone: +36 46 502 070<\/p>\n<p>\u2706 Mobile: +36 20 404 6006<\/p>\n\t\t\n<style>\n#text-3550882332 {\n  font-size: 1.45rem;\n  color: rgb(215, 215, 215);\n}\n#text-3550882332 > * {\n  color: rgb(215, 215, 215);\n}\n<\/style>\n\t<\/div>\n\t\n\n\t\t<\/div>\n\t\t\t\t\t<\/div>\n\n\t\n\n\t<div id=\"col-979570395\" class=\"col medium-4 small-12 large-4\"  >\n\t\t\t\t<div class=\"col-inner text-center\"  >\n\t\t\t\n\t\t\t\n\n\t<div id=\"text-131728211\" class=\"text\">\n\t\t\n\n<p>Address: 3526 Miskolc, Rep\u00fcl\u0151t\u00e9ri \u00fat 9\/b.<\/p>\n\t\t\n<style>\n#text-131728211 {\n  font-size: 1.3rem;\n  color: rgb(212, 212, 212);\n}\n#text-131728211 > * {\n  color: rgb(212, 212, 212);\n}\n<\/style>\n\t<\/div>\n\t\n\n\t\t<\/div>\n\t\t\t\t\t<\/div>\n\n\t\n\n<\/div>\n\n\t\t<\/div>\n\n\t\t\n<style>\n#section_1947969040 {\n  padding-top: 30px;\n  padding-bottom: 30px;\n  background-color: rgb(64, 114, 89);\n}\n<\/style>\n\t<\/section>","protected":false},"excerpt":{"rendered":"","protected":false},"author":1,"featured_media":0,"parent":0,"menu_order":0,"comment_status":"closed","ping_status":"closed","template":"page-single-page-nav-transparent.php","meta":{"footnotes":""},"class_list":["post-4090","page","type-page","status-publish","hentry"],"yoast_head":"<!-- This site is optimized with the Yoast SEO plugin v27.0 - https:\/\/yoast.com\/product\/yoast-seo-wordpress\/ -->\n<title>Weldolet\/Thredolet\/Szegcsavar - Karima, Cs\u0151\u00edv, T-idom, Sz\u0171k\u00edt\u0151, Ed\u00e9nyfen\u00e9k | Cometa Kft.<\/title>\n<meta name=\"description\" content=\"Fedezze fel a Weldolet, Thredolet \u00e9s Szegcsavar el\u0151nyeit, ide\u00e1lis megold\u00e1s nagynyom\u00e1s\u00fa vezet\u00e9kekhez.\" \/>\n<meta name=\"robots\" content=\"index, follow, max-snippet:-1, max-image-preview:large, max-video-preview:-1\" \/>\n<link rel=\"canonical\" href=\"https:\/\/fitting-cometa.hu\/en\/weldolet-thredolet-szegcsavar\/\" \/>\n<meta property=\"og:locale\" content=\"en_GB\" \/>\n<meta property=\"og:type\" content=\"article\" \/>\n<meta property=\"og:title\" content=\"Weldolet\/Thredolet\/Szegcsavar - Karima, Cs\u0151\u00edv, T-idom, Sz\u0171k\u00edt\u0151, Ed\u00e9nyfen\u00e9k | Cometa Kft.\" \/>\n<meta property=\"og:description\" content=\"Fedezze fel a Weldolet, Thredolet \u00e9s Szegcsavar el\u0151nyeit, ide\u00e1lis megold\u00e1s nagynyom\u00e1s\u00fa vezet\u00e9kekhez.\" \/>\n<meta property=\"og:url\" content=\"https:\/\/fitting-cometa.hu\/en\/weldolet-thredolet-szegcsavar\/\" \/>\n<meta property=\"og:site_name\" content=\"Karima, Cs\u0151\u00edv, T-idom, Sz\u0171k\u00edt\u0151, Ed\u00e9nyfen\u00e9k | Cometa Kft.\" \/>\n<meta property=\"article:publisher\" content=\"https:\/\/www.facebook.com\/Albrecht.Cometa\/\" \/>\n<meta property=\"article:modified_time\" content=\"2026-02-11T10:47:04+00:00\" \/>\n<meta property=\"og:image\" content=\"https:\/\/fitting-cometa.hu\/wp-content\/uploads\/2026\/02\/logo.png\" \/>\n\t<meta property=\"og:image:width\" content=\"600\" \/>\n\t<meta property=\"og:image:height\" content=\"450\" \/>\n\t<meta property=\"og:image:type\" content=\"image\/png\" \/>\n<meta name=\"twitter:card\" content=\"summary_large_image\" \/>\n<meta name=\"twitter:label1\" content=\"Estimated reading time\" \/>\n\t<meta name=\"twitter:data1\" content=\"2 minutes\" \/>\n<script type=\"application\/ld+json\" class=\"yoast-schema-graph\">{\"@context\":\"https:\/\/schema.org\",\"@graph\":[{\"@type\":\"WebPage\",\"@id\":\"https:\/\/fitting-cometa.hu\/weldolet-thredolet-szegcsavar\/\",\"url\":\"https:\/\/fitting-cometa.hu\/weldolet-thredolet-szegcsavar\/\",\"name\":\"Weldolet\/Thredolet\/Szegcsavar - Karima, Cs\u0151\u00edv, T-idom, Sz\u0171k\u00edt\u0151, Ed\u00e9nyfen\u00e9k | Cometa Kft.\",\"isPartOf\":{\"@id\":\"https:\/\/fitting-cometa.hu\/#website\"},\"datePublished\":\"2026-02-08T16:34:09+00:00\",\"dateModified\":\"2026-02-11T10:47:04+00:00\",\"description\":\"Fedezze fel a Weldolet, Thredolet \u00e9s Szegcsavar el\u0151nyeit, ide\u00e1lis megold\u00e1s nagynyom\u00e1s\u00fa vezet\u00e9kekhez.\",\"breadcrumb\":{\"@id\":\"https:\/\/fitting-cometa.hu\/weldolet-thredolet-szegcsavar\/#breadcrumb\"},\"inLanguage\":\"en-GB\",\"potentialAction\":[{\"@type\":\"ReadAction\",\"target\":[\"https:\/\/fitting-cometa.hu\/weldolet-thredolet-szegcsavar\/\"]}]},{\"@type\":\"BreadcrumbList\",\"@id\":\"https:\/\/fitting-cometa.hu\/weldolet-thredolet-szegcsavar\/#breadcrumb\",\"itemListElement\":[{\"@type\":\"ListItem\",\"position\":1,\"name\":\"Kezd\u0151lap\",\"item\":\"https:\/\/fitting-cometa.hu\/\"},{\"@type\":\"ListItem\",\"position\":2,\"name\":\"Weldolet\/Thredolet\/Szegcsavar\"}]},{\"@type\":\"WebSite\",\"@id\":\"https:\/\/fitting-cometa.hu\/#website\",\"url\":\"https:\/\/fitting-cometa.hu\/\",\"name\":\"Fitting-cometa\",\"description\":\"Sz\u00e9nac\u00e9l \u00e9s rozsdamentes term\u00e9kek\",\"publisher\":{\"@id\":\"https:\/\/fitting-cometa.hu\/#organization\"},\"potentialAction\":[{\"@type\":\"SearchAction\",\"target\":{\"@type\":\"EntryPoint\",\"urlTemplate\":\"https:\/\/fitting-cometa.hu\/?s={search_term_string}\"},\"query-input\":{\"@type\":\"PropertyValueSpecification\",\"valueRequired\":true,\"valueName\":\"search_term_string\"}}],\"inLanguage\":\"en-GB\"},{\"@type\":\"Organization\",\"@id\":\"https:\/\/fitting-cometa.hu\/#organization\",\"name\":\"Fitting-cometa\",\"url\":\"https:\/\/fitting-cometa.hu\/\",\"logo\":{\"@type\":\"ImageObject\",\"inLanguage\":\"en-GB\",\"@id\":\"https:\/\/fitting-cometa.hu\/#\/schema\/logo\/image\/\",\"url\":\"https:\/\/fitting-cometa.hu\/wp-content\/uploads\/2026\/02\/logo.png\",\"contentUrl\":\"https:\/\/fitting-cometa.hu\/wp-content\/uploads\/2026\/02\/logo.png\",\"width\":600,\"height\":450,\"caption\":\"Fitting-cometa\"},\"image\":{\"@id\":\"https:\/\/fitting-cometa.hu\/#\/schema\/logo\/image\/\"},\"sameAs\":[\"https:\/\/www.facebook.com\/Albrecht.Cometa\/\",\"https:\/\/www.linkedin.com\/company\/albrecht-s-fiai-kft\/\",\"https:\/\/hu.linkedin.com\/in\/krisztin-albrecht-17b47a3a5\/en\"]}]}<\/script>\n<!-- \/ Yoast SEO plugin. -->","yoast_head_json":{"title":"Weldolet\/Thredolet\/Szegcsavar - Karima, Cs\u0151\u00edv, T-idom, Sz\u0171k\u00edt\u0151, Ed\u00e9nyfen\u00e9k | Cometa Kft.","description":"Fedezze fel a Weldolet, Thredolet \u00e9s Szegcsavar el\u0151nyeit, ide\u00e1lis megold\u00e1s nagynyom\u00e1s\u00fa vezet\u00e9kekhez.","robots":{"index":"index","follow":"follow","max-snippet":"max-snippet:-1","max-image-preview":"max-image-preview:large","max-video-preview":"max-video-preview:-1"},"canonical":"https:\/\/fitting-cometa.hu\/en\/weldolet-thredolet-szegcsavar\/","og_locale":"en_GB","og_type":"article","og_title":"Weldolet\/Thredolet\/Szegcsavar - Karima, Cs\u0151\u00edv, T-idom, Sz\u0171k\u00edt\u0151, Ed\u00e9nyfen\u00e9k | Cometa Kft.","og_description":"Fedezze fel a Weldolet, Thredolet \u00e9s Szegcsavar el\u0151nyeit, ide\u00e1lis megold\u00e1s nagynyom\u00e1s\u00fa vezet\u00e9kekhez.","og_url":"https:\/\/fitting-cometa.hu\/en\/weldolet-thredolet-szegcsavar\/","og_site_name":"Karima, Cs\u0151\u00edv, T-idom, Sz\u0171k\u00edt\u0151, Ed\u00e9nyfen\u00e9k | Cometa Kft.","article_publisher":"https:\/\/www.facebook.com\/Albrecht.Cometa\/","article_modified_time":"2026-02-11T10:47:04+00:00","og_image":[{"width":600,"height":450,"url":"https:\/\/fitting-cometa.hu\/wp-content\/uploads\/2026\/02\/logo.png","type":"image\/png"}],"twitter_card":"summary_large_image","twitter_misc":{"Estimated reading time":"2 minutes"},"schema":{"@context":"https:\/\/schema.org","@graph":[{"@type":"WebPage","@id":"https:\/\/fitting-cometa.hu\/weldolet-thredolet-szegcsavar\/","url":"https:\/\/fitting-cometa.hu\/weldolet-thredolet-szegcsavar\/","name":"Weldolet\/Thredolet\/Szegcsavar - Karima, Cs\u0151\u00edv, T-idom, Sz\u0171k\u00edt\u0151, Ed\u00e9nyfen\u00e9k | Cometa Kft.","isPartOf":{"@id":"https:\/\/fitting-cometa.hu\/#website"},"datePublished":"2026-02-08T16:34:09+00:00","dateModified":"2026-02-11T10:47:04+00:00","description":"Fedezze fel a Weldolet, Thredolet \u00e9s Szegcsavar el\u0151nyeit, ide\u00e1lis megold\u00e1s nagynyom\u00e1s\u00fa vezet\u00e9kekhez.","breadcrumb":{"@id":"https:\/\/fitting-cometa.hu\/weldolet-thredolet-szegcsavar\/#breadcrumb"},"inLanguage":"en-GB","potentialAction":[{"@type":"ReadAction","target":["https:\/\/fitting-cometa.hu\/weldolet-thredolet-szegcsavar\/"]}]},{"@type":"BreadcrumbList","@id":"https:\/\/fitting-cometa.hu\/weldolet-thredolet-szegcsavar\/#breadcrumb","itemListElement":[{"@type":"ListItem","position":1,"name":"Kezd\u0151lap","item":"https:\/\/fitting-cometa.hu\/"},{"@type":"ListItem","position":2,"name":"Weldolet\/Thredolet\/Szegcsavar"}]},{"@type":"WebSite","@id":"https:\/\/fitting-cometa.hu\/#website","url":"https:\/\/fitting-cometa.hu\/","name":"Fitting-cometa","description":"Sz\u00e9nac\u00e9l \u00e9s rozsdamentes term\u00e9kek","publisher":{"@id":"https:\/\/fitting-cometa.hu\/#organization"},"potentialAction":[{"@type":"SearchAction","target":{"@type":"EntryPoint","urlTemplate":"https:\/\/fitting-cometa.hu\/?s={search_term_string}"},"query-input":{"@type":"PropertyValueSpecification","valueRequired":true,"valueName":"search_term_string"}}],"inLanguage":"en-GB"},{"@type":"Organization","@id":"https:\/\/fitting-cometa.hu\/#organization","name":"Fitting-cometa","url":"https:\/\/fitting-cometa.hu\/","logo":{"@type":"ImageObject","inLanguage":"en-GB","@id":"https:\/\/fitting-cometa.hu\/#\/schema\/logo\/image\/","url":"https:\/\/fitting-cometa.hu\/wp-content\/uploads\/2026\/02\/logo.png","contentUrl":"https:\/\/fitting-cometa.hu\/wp-content\/uploads\/2026\/02\/logo.png","width":600,"height":450,"caption":"Fitting-cometa"},"image":{"@id":"https:\/\/fitting-cometa.hu\/#\/schema\/logo\/image\/"},"sameAs":["https:\/\/www.facebook.com\/Albrecht.Cometa\/","https:\/\/www.linkedin.com\/company\/albrecht-s-fiai-kft\/","https:\/\/hu.linkedin.com\/in\/krisztin-albrecht-17b47a3a5\/en"]}]}},"_links":{"self":[{"href":"https:\/\/fitting-cometa.hu\/en\/wp-json\/wp\/v2\/pages\/4090","targetHints":{"allow":["GET"]}}],"collection":[{"href":"https:\/\/fitting-cometa.hu\/en\/wp-json\/wp\/v2\/pages"}],"about":[{"href":"https:\/\/fitting-cometa.hu\/en\/wp-json\/wp\/v2\/types\/page"}],"author":[{"embeddable":true,"href":"https:\/\/fitting-cometa.hu\/en\/wp-json\/wp\/v2\/users\/1"}],"replies":[{"embeddable":true,"href":"https:\/\/fitting-cometa.hu\/en\/wp-json\/wp\/v2\/comments?post=4090"}],"version-history":[{"count":11,"href":"https:\/\/fitting-cometa.hu\/en\/wp-json\/wp\/v2\/pages\/4090\/revisions"}],"predecessor-version":[{"id":4345,"href":"https:\/\/fitting-cometa.hu\/en\/wp-json\/wp\/v2\/pages\/4090\/revisions\/4345"}],"wp:attachment":[{"href":"https:\/\/fitting-cometa.hu\/en\/wp-json\/wp\/v2\/media?parent=4090"}],"curies":[{"name":"wp","href":"https:\/\/api.w.org\/{rel}","templated":true}]}}