{"id":3916,"date":"2026-02-01T19:30:29","date_gmt":"2026-02-01T18:30:29","guid":{"rendered":"https:\/\/fitting-cometa.hu\/?page_id=3916"},"modified":"2026-02-11T11:46:36","modified_gmt":"2026-02-11T10:46:36","slug":"egyeb-csoidomok","status":"publish","type":"page","link":"https:\/\/fitting-cometa.hu\/en\/egyeb-csoidomok\/","title":{"rendered":"OTHER PIPE ITEMS"},"content":{"rendered":"<section class=\"section\" id=\"section_1119747022\">\n\t\t<div class=\"bg section-bg fill bg-fill\" >\n\n\t\t\t\n\t\t\t\n\t\t\t\n\n\t\t<\/div>\n\n\t\t\n\n\t\t<div class=\"section-content relative\">\n\t\t\t\n\n<div class=\"row align-center\"  id=\"row-64915362\">\n\n\n\t<div id=\"col-1335258766\" class=\"col medium-12 small-12 large-10\"  >\n\t\t\t\t<div class=\"col-inner text-center\"  >\n\t\t\t\n\t\t\t\n\n\t<div id=\"text-719868245\" class=\"text\">\n\t\t\n\n<h1>OTHER PIPE ITEMS<\/h1>\n\t\t\n<style>\n#text-719868245 {\n  font-size: 2.75rem;\n  color: rgb(212, 212, 212);\n}\n#text-719868245 > * {\n  color: rgb(212, 212, 212);\n}\n<\/style>\n\t<\/div>\n\t\n\n\t\t<\/div>\n\t\t\t\t\n<style>\n#col-1335258766 > .col-inner {\n  margin: 60px 0px 0px 0px;\n}\n<\/style>\n\t<\/div>\n\n\t\n\n<\/div>\n\n\t\t<\/div>\n\n\t\t\n<style>\n#section_1119747022 {\n  padding-top: 30px;\n  padding-bottom: 30px;\n  min-height: 500px;\n}\n#section_1119747022 .section-bg.bg-loaded {\n  background-image: url(https:\/\/fitting-cometa.hu\/wp-content\/uploads\/2026\/02\/csoiv_hatter.jpg);\n}\n<\/style>\n\t<\/section>\n\t\n\t<section class=\"section\" id=\"section_2044109613\">\n\t\t<div class=\"bg section-bg fill bg-fill  bg-loaded\" >\n\n\t\t\t\n\t\t\t\n\t\t\t\n\n\t\t<\/div>\n\n\t\t\n\n\t\t<div class=\"section-content relative\">\n\t\t\t\n\n<div class=\"text-center\"><div class=\"is-divider divider clearfix\" style=\"max-width:45vw;height:5px;background-color:rgb(212, 212, 212);\"><\/div><\/div>\n\n<div class=\"row row-full-width\"  id=\"row-1615564022\">\n\n\n\t<div id=\"col-238274282\" class=\"col medium-4 small-12 large-4\"  >\n\t\t\t\t<div class=\"col-inner text-center\"  >\n\t\t\t\n\t\t\t\n\n\t<div id=\"text-3252592168\" class=\"text\">\n\t\t\n\n<p>Y-piece<\/p>\n\t\t\n<style>\n#text-3252592168 {\n  font-size: 1.5rem;\n  text-align: center;\n  color: rgb(215, 215, 215);\n}\n#text-3252592168 > * {\n  color: rgb(215, 215, 215);\n}\n<\/style>\n\t<\/div>\n\t\n\t<div id=\"text-2725853568\" class=\"text\">\n\t\t\n\n<ul>\n<li>Design: Branches available at 45\u00b0, 30\u00b0 or custom angles.<\/li>\n<li>What is it good for? For systems where low pressure drop is important or where abrasive media are transported (e.g. slurry, powdery materials).<\/li>\n<li>Why it's good? The thick-walled material allows for extraordinary wall thickness at critical \"corner points\", so the service life of the fitting is many times longer than welded sheet metal solutions.<\/li>\n<\/ul>\n\t\t\n<style>\n#text-2725853568 {\n  font-size: 0.8rem;\n  text-align: left;\n  color: rgb(215, 215, 215);\n}\n#text-2725853568 > * {\n  color: rgb(215, 215, 215);\n}\n<\/style>\n\t<\/div>\n\t\n\n\t\t<\/div>\n\t\t\t\t\t<\/div>\n\n\t\n\n\t<div id=\"col-992454752\" class=\"col medium-4 small-12 large-4\"  >\n\t\t\t\t<div class=\"col-inner text-center\"  >\n\t\t\t\n\t\t\t\n\n\t<div id=\"text-2025136776\" class=\"text\">\n\t\t\n\n<p>Saddle<\/p>\n\t\t\n<style>\n#text-2025136776 {\n  font-size: 1.5rem;\n  text-align: center;\n  color: rgb(215, 215, 215);\n}\n#text-2025136776 > * {\n  color: rgb(215, 215, 215);\n}\n<\/style>\n\t<\/div>\n\t\n\t<div id=\"text-2013200381\" class=\"text\">\n\t\t\n\n<p>Function: Used to create subsequent or planned branches to existing pipelines.<\/p>\n<p>What is it good for? For high-pressure manifolds where installing a traditional T-piece is not possible or would be too expensive.<\/p>\n<p>Why is it good? The saddle shape distributes mechanical stress around the pipe wall, preventing cracks from forming along the weld seam. Each piece is machined to the diameter (radius) of the receiving pipe.<\/p>\n\t\t\n<style>\n#text-2013200381 {\n  font-size: 0.8rem;\n  text-align: left;\n  color: rgb(215, 215, 215);\n}\n#text-2013200381 > * {\n  color: rgb(215, 215, 215);\n}\n<\/style>\n\t<\/div>\n\t\n\n\t\t<\/div>\n\t\t\t\t\t<\/div>\n\n\t\n\n\t<div id=\"col-2126039426\" class=\"col medium-4 small-12 large-4\"  >\n\t\t\t\t<div class=\"col-inner text-center\"  >\n\t\t\t\n\t\t\t\n\n\t<div id=\"text-558891080\" class=\"text\">\n\t\t\n\n<p>lasts<\/p>\n\t\t\n<style>\n#text-558891080 {\n  font-size: 1.5rem;\n  text-align: center;\n  color: rgb(215, 215, 215);\n}\n#text-558891080 > * {\n  color: rgb(215, 215, 215);\n}\n<\/style>\n\t<\/div>\n\t\n\t<div id=\"text-3042509728\" class=\"text\">\n\t\t\n\n<ul>\n<li>Types: Reinforced branch fittings or heavy duty pipe support bases<\/li>\n<li>What is it good for? For fixed points in heavy industrial pipelines, pumping stations exposed to vibration and systems with high thermal expansion.<\/li>\n<li>Why is it good? The machined surface ensures precise seating and vibration absorption. The massive material thickness is resistant to corrosion and external mechanical influences.<\/li>\n<\/ul>\n\t\t\n<style>\n#text-3042509728 {\n  font-size: 0.8rem;\n  text-align: left;\n  color: rgb(215, 215, 215);\n}\n#text-3042509728 > * {\n  color: rgb(215, 215, 215);\n}\n<\/style>\n\t<\/div>\n\t\n\n\t\t<\/div>\n\t\t\t\t\t<\/div>\n\n\t\n\n<\/div>\n\t<div id=\"text-684059505\" class=\"text\">\n\t\t\n\n<p>Inquiry <a href=\"mailto:cometa@albrecht.hu\">cometa@albrecht.hu<\/a><\/p>\n\t\t\n<style>\n#text-684059505 {\n  font-size: 1.35rem;\n  text-align: center;\n  color: rgb(212, 212, 212);\n}\n#text-684059505 > * {\n  color: rgb(212, 212, 212);\n}\n<\/style>\n\t<\/div>\n\t\n\n\t\t<\/div>\n\n\t\t\n<style>\n#section_2044109613 {\n  padding-top: 30px;\n  padding-bottom: 30px;\n  background-color: rgb(64, 114, 89);\n}\n<\/style>\n\t<\/section>\n\t\n\t<section class=\"section\" id=\"section_559884016\">\n\t\t<div class=\"bg section-bg fill bg-fill  bg-loaded\" >\n\n\t\t\t\n\t\t\t\n\t\t\t\n\n\t\t<\/div>\n\n\t\t\n\n\t\t<div class=\"section-content relative\">\n\t\t\t\n\n<div class=\"row align-center\"  id=\"row-1837366039\">\n\n\n\t<div id=\"col-860748432\" class=\"col medium-4 small-12 large-4\"  >\n\t\t\t\t<div class=\"col-inner text-center\"  >\n\t\t\t\n\t\t\t\n\n\t<div id=\"text-1535511655\" class=\"text\">\n\t\t\n\n<p>\u260f Phone: +36 46 502 070<\/p>\n<p>\u2706 Mobile: +36 20 404 6006<\/p>\n\t\t\n<style>\n#text-1535511655 {\n  font-size: 1.45rem;\n  color: rgb(215, 215, 215);\n}\n#text-1535511655 > * {\n  color: rgb(215, 215, 215);\n}\n<\/style>\n\t<\/div>\n\t\n\n\t\t<\/div>\n\t\t\t\t\t<\/div>\n\n\t\n\n\t<div id=\"col-1070845597\" class=\"col medium-4 small-12 large-4\"  >\n\t\t\t\t<div class=\"col-inner text-center\"  >\n\t\t\t\n\t\t\t\n\n\t<div id=\"text-3757771699\" class=\"text\">\n\t\t\n\n<p>Address: 3526 Miskolc, Rep\u00fcl\u0151t\u00e9ri \u00fat 9\/b.<\/p>\n\t\t\n<style>\n#text-3757771699 {\n  font-size: 1.3rem;\n  color: rgb(212, 212, 212);\n}\n#text-3757771699 > * {\n  color: rgb(212, 212, 212);\n}\n<\/style>\n\t<\/div>\n\t\n\n\t\t<\/div>\n\t\t\t\t\t<\/div>\n\n\t\n\n<\/div>\n\n\t\t<\/div>\n\n\t\t\n<style>\n#section_559884016 {\n  padding-top: 30px;\n  padding-bottom: 30px;\n  background-color: rgb(64, 114, 89);\n}\n<\/style>\n\t<\/section>","protected":false},"excerpt":{"rendered":"","protected":false},"author":1,"featured_media":0,"parent":0,"menu_order":0,"comment_status":"closed","ping_status":"closed","template":"page-single-page-nav-transparent.php","meta":{"footnotes":""},"class_list":["post-3916","page","type-page","status-publish","hentry"],"yoast_head":"<!-- This site is optimized with the Yoast SEO plugin v27.0 - https:\/\/yoast.com\/product\/yoast-seo-wordpress\/ -->\n<title>Egy\u00e9b cs\u0151idomok - Karima, Cs\u0151\u00edv, T-idom, Sz\u0171k\u00edt\u0151, Ed\u00e9nyfen\u00e9k | Cometa Kft.<\/title>\n<meta name=\"description\" content=\"A cs\u0151idomok, p\u00e9ld\u00e1ul a Y-idom \u00e9s nyeregidom, ide\u00e1lisak magas nyom\u00e1s\u00fa rendszerekhez, egyedi ig\u00e9nyek szerint tervezhet\u0151k.\" \/>\n<meta name=\"robots\" content=\"index, follow, max-snippet:-1, max-image-preview:large, max-video-preview:-1\" \/>\n<link rel=\"canonical\" href=\"https:\/\/fitting-cometa.hu\/en\/egyeb-csoidomok\/\" \/>\n<meta property=\"og:locale\" content=\"en_GB\" \/>\n<meta property=\"og:type\" content=\"article\" \/>\n<meta property=\"og:title\" content=\"Egy\u00e9b cs\u0151idomok - Karima, Cs\u0151\u00edv, T-idom, Sz\u0171k\u00edt\u0151, Ed\u00e9nyfen\u00e9k | Cometa Kft.\" \/>\n<meta property=\"og:description\" content=\"A cs\u0151idomok, p\u00e9ld\u00e1ul a Y-idom \u00e9s nyeregidom, ide\u00e1lisak magas nyom\u00e1s\u00fa rendszerekhez, egyedi ig\u00e9nyek szerint tervezhet\u0151k.\" \/>\n<meta property=\"og:url\" content=\"https:\/\/fitting-cometa.hu\/en\/egyeb-csoidomok\/\" \/>\n<meta property=\"og:site_name\" content=\"Karima, Cs\u0151\u00edv, T-idom, Sz\u0171k\u00edt\u0151, Ed\u00e9nyfen\u00e9k | Cometa Kft.\" \/>\n<meta property=\"article:publisher\" content=\"https:\/\/www.facebook.com\/Albrecht.Cometa\/\" \/>\n<meta property=\"article:modified_time\" content=\"2026-02-11T10:46:36+00:00\" \/>\n<meta property=\"og:image\" content=\"https:\/\/fitting-cometa.hu\/wp-content\/uploads\/2026\/02\/logo.png\" \/>\n\t<meta property=\"og:image:width\" content=\"600\" \/>\n\t<meta property=\"og:image:height\" content=\"450\" \/>\n\t<meta property=\"og:image:type\" content=\"image\/png\" \/>\n<meta name=\"twitter:card\" content=\"summary_large_image\" \/>\n<meta name=\"twitter:label1\" content=\"Estimated reading time\" \/>\n\t<meta name=\"twitter:data1\" content=\"2 minutes\" \/>\n<script type=\"application\/ld+json\" class=\"yoast-schema-graph\">{\"@context\":\"https:\/\/schema.org\",\"@graph\":[{\"@type\":\"WebPage\",\"@id\":\"https:\/\/fitting-cometa.hu\/egyeb-csoidomok\/\",\"url\":\"https:\/\/fitting-cometa.hu\/egyeb-csoidomok\/\",\"name\":\"Egy\u00e9b cs\u0151idomok - Karima, Cs\u0151\u00edv, T-idom, Sz\u0171k\u00edt\u0151, Ed\u00e9nyfen\u00e9k | Cometa Kft.\",\"isPartOf\":{\"@id\":\"https:\/\/fitting-cometa.hu\/#website\"},\"datePublished\":\"2026-02-01T18:30:29+00:00\",\"dateModified\":\"2026-02-11T10:46:36+00:00\",\"description\":\"A cs\u0151idomok, p\u00e9ld\u00e1ul a Y-idom \u00e9s nyeregidom, ide\u00e1lisak magas nyom\u00e1s\u00fa rendszerekhez, egyedi ig\u00e9nyek szerint tervezhet\u0151k.\",\"breadcrumb\":{\"@id\":\"https:\/\/fitting-cometa.hu\/egyeb-csoidomok\/#breadcrumb\"},\"inLanguage\":\"en-GB\",\"potentialAction\":[{\"@type\":\"ReadAction\",\"target\":[\"https:\/\/fitting-cometa.hu\/egyeb-csoidomok\/\"]}]},{\"@type\":\"BreadcrumbList\",\"@id\":\"https:\/\/fitting-cometa.hu\/egyeb-csoidomok\/#breadcrumb\",\"itemListElement\":[{\"@type\":\"ListItem\",\"position\":1,\"name\":\"Kezd\u0151lap\",\"item\":\"https:\/\/fitting-cometa.hu\/\"},{\"@type\":\"ListItem\",\"position\":2,\"name\":\"Egy\u00e9b cs\u0151idomok\"}]},{\"@type\":\"WebSite\",\"@id\":\"https:\/\/fitting-cometa.hu\/#website\",\"url\":\"https:\/\/fitting-cometa.hu\/\",\"name\":\"Fitting-cometa\",\"description\":\"Sz\u00e9nac\u00e9l \u00e9s rozsdamentes term\u00e9kek\",\"publisher\":{\"@id\":\"https:\/\/fitting-cometa.hu\/#organization\"},\"potentialAction\":[{\"@type\":\"SearchAction\",\"target\":{\"@type\":\"EntryPoint\",\"urlTemplate\":\"https:\/\/fitting-cometa.hu\/?s={search_term_string}\"},\"query-input\":{\"@type\":\"PropertyValueSpecification\",\"valueRequired\":true,\"valueName\":\"search_term_string\"}}],\"inLanguage\":\"en-GB\"},{\"@type\":\"Organization\",\"@id\":\"https:\/\/fitting-cometa.hu\/#organization\",\"name\":\"Fitting-cometa\",\"url\":\"https:\/\/fitting-cometa.hu\/\",\"logo\":{\"@type\":\"ImageObject\",\"inLanguage\":\"en-GB\",\"@id\":\"https:\/\/fitting-cometa.hu\/#\/schema\/logo\/image\/\",\"url\":\"https:\/\/fitting-cometa.hu\/wp-content\/uploads\/2026\/02\/logo.png\",\"contentUrl\":\"https:\/\/fitting-cometa.hu\/wp-content\/uploads\/2026\/02\/logo.png\",\"width\":600,\"height\":450,\"caption\":\"Fitting-cometa\"},\"image\":{\"@id\":\"https:\/\/fitting-cometa.hu\/#\/schema\/logo\/image\/\"},\"sameAs\":[\"https:\/\/www.facebook.com\/Albrecht.Cometa\/\",\"https:\/\/www.linkedin.com\/company\/albrecht-s-fiai-kft\/\",\"https:\/\/hu.linkedin.com\/in\/krisztin-albrecht-17b47a3a5\/en\"]}]}<\/script>\n<!-- \/ Yoast SEO plugin. -->","yoast_head_json":{"title":"Egy\u00e9b cs\u0151idomok - Karima, Cs\u0151\u00edv, T-idom, Sz\u0171k\u00edt\u0151, Ed\u00e9nyfen\u00e9k | Cometa Kft.","description":"A cs\u0151idomok, p\u00e9ld\u00e1ul a Y-idom \u00e9s nyeregidom, ide\u00e1lisak magas nyom\u00e1s\u00fa rendszerekhez, egyedi ig\u00e9nyek szerint tervezhet\u0151k.","robots":{"index":"index","follow":"follow","max-snippet":"max-snippet:-1","max-image-preview":"max-image-preview:large","max-video-preview":"max-video-preview:-1"},"canonical":"https:\/\/fitting-cometa.hu\/en\/egyeb-csoidomok\/","og_locale":"en_GB","og_type":"article","og_title":"Egy\u00e9b cs\u0151idomok - Karima, Cs\u0151\u00edv, T-idom, Sz\u0171k\u00edt\u0151, Ed\u00e9nyfen\u00e9k | Cometa Kft.","og_description":"A cs\u0151idomok, p\u00e9ld\u00e1ul a Y-idom \u00e9s nyeregidom, ide\u00e1lisak magas nyom\u00e1s\u00fa rendszerekhez, egyedi ig\u00e9nyek szerint tervezhet\u0151k.","og_url":"https:\/\/fitting-cometa.hu\/en\/egyeb-csoidomok\/","og_site_name":"Karima, Cs\u0151\u00edv, T-idom, Sz\u0171k\u00edt\u0151, Ed\u00e9nyfen\u00e9k | Cometa Kft.","article_publisher":"https:\/\/www.facebook.com\/Albrecht.Cometa\/","article_modified_time":"2026-02-11T10:46:36+00:00","og_image":[{"width":600,"height":450,"url":"https:\/\/fitting-cometa.hu\/wp-content\/uploads\/2026\/02\/logo.png","type":"image\/png"}],"twitter_card":"summary_large_image","twitter_misc":{"Estimated reading time":"2 minutes"},"schema":{"@context":"https:\/\/schema.org","@graph":[{"@type":"WebPage","@id":"https:\/\/fitting-cometa.hu\/egyeb-csoidomok\/","url":"https:\/\/fitting-cometa.hu\/egyeb-csoidomok\/","name":"Egy\u00e9b cs\u0151idomok - Karima, Cs\u0151\u00edv, T-idom, Sz\u0171k\u00edt\u0151, Ed\u00e9nyfen\u00e9k | Cometa Kft.","isPartOf":{"@id":"https:\/\/fitting-cometa.hu\/#website"},"datePublished":"2026-02-01T18:30:29+00:00","dateModified":"2026-02-11T10:46:36+00:00","description":"A cs\u0151idomok, p\u00e9ld\u00e1ul a Y-idom \u00e9s nyeregidom, ide\u00e1lisak magas nyom\u00e1s\u00fa rendszerekhez, egyedi ig\u00e9nyek szerint tervezhet\u0151k.","breadcrumb":{"@id":"https:\/\/fitting-cometa.hu\/egyeb-csoidomok\/#breadcrumb"},"inLanguage":"en-GB","potentialAction":[{"@type":"ReadAction","target":["https:\/\/fitting-cometa.hu\/egyeb-csoidomok\/"]}]},{"@type":"BreadcrumbList","@id":"https:\/\/fitting-cometa.hu\/egyeb-csoidomok\/#breadcrumb","itemListElement":[{"@type":"ListItem","position":1,"name":"Kezd\u0151lap","item":"https:\/\/fitting-cometa.hu\/"},{"@type":"ListItem","position":2,"name":"Egy\u00e9b cs\u0151idomok"}]},{"@type":"WebSite","@id":"https:\/\/fitting-cometa.hu\/#website","url":"https:\/\/fitting-cometa.hu\/","name":"Fitting-cometa","description":"Sz\u00e9nac\u00e9l \u00e9s rozsdamentes term\u00e9kek","publisher":{"@id":"https:\/\/fitting-cometa.hu\/#organization"},"potentialAction":[{"@type":"SearchAction","target":{"@type":"EntryPoint","urlTemplate":"https:\/\/fitting-cometa.hu\/?s={search_term_string}"},"query-input":{"@type":"PropertyValueSpecification","valueRequired":true,"valueName":"search_term_string"}}],"inLanguage":"en-GB"},{"@type":"Organization","@id":"https:\/\/fitting-cometa.hu\/#organization","name":"Fitting-cometa","url":"https:\/\/fitting-cometa.hu\/","logo":{"@type":"ImageObject","inLanguage":"en-GB","@id":"https:\/\/fitting-cometa.hu\/#\/schema\/logo\/image\/","url":"https:\/\/fitting-cometa.hu\/wp-content\/uploads\/2026\/02\/logo.png","contentUrl":"https:\/\/fitting-cometa.hu\/wp-content\/uploads\/2026\/02\/logo.png","width":600,"height":450,"caption":"Fitting-cometa"},"image":{"@id":"https:\/\/fitting-cometa.hu\/#\/schema\/logo\/image\/"},"sameAs":["https:\/\/www.facebook.com\/Albrecht.Cometa\/","https:\/\/www.linkedin.com\/company\/albrecht-s-fiai-kft\/","https:\/\/hu.linkedin.com\/in\/krisztin-albrecht-17b47a3a5\/en"]}]}},"_links":{"self":[{"href":"https:\/\/fitting-cometa.hu\/en\/wp-json\/wp\/v2\/pages\/3916","targetHints":{"allow":["GET"]}}],"collection":[{"href":"https:\/\/fitting-cometa.hu\/en\/wp-json\/wp\/v2\/pages"}],"about":[{"href":"https:\/\/fitting-cometa.hu\/en\/wp-json\/wp\/v2\/types\/page"}],"author":[{"embeddable":true,"href":"https:\/\/fitting-cometa.hu\/en\/wp-json\/wp\/v2\/users\/1"}],"replies":[{"embeddable":true,"href":"https:\/\/fitting-cometa.hu\/en\/wp-json\/wp\/v2\/comments?post=3916"}],"version-history":[{"count":10,"href":"https:\/\/fitting-cometa.hu\/en\/wp-json\/wp\/v2\/pages\/3916\/revisions"}],"predecessor-version":[{"id":4344,"href":"https:\/\/fitting-cometa.hu\/en\/wp-json\/wp\/v2\/pages\/3916\/revisions\/4344"}],"wp:attachment":[{"href":"https:\/\/fitting-cometa.hu\/en\/wp-json\/wp\/v2\/media?parent=3916"}],"curies":[{"name":"wp","href":"https:\/\/api.w.org\/{rel}","templated":true}]}}