{"id":3880,"date":"2026-02-01T17:40:33","date_gmt":"2026-02-01T16:40:33","guid":{"rendered":"https:\/\/fitting-cometa.hu\/?page_id=3880"},"modified":"2026-02-11T11:45:26","modified_gmt":"2026-02-11T10:45:26","slug":"vakperem-kozperem","status":"publish","type":"page","link":"https:\/\/fitting-cometa.hu\/en\/vakperem-kozperem\/","title":{"rendered":"Blind edge \/ Spacer edge"},"content":{"rendered":"<section class=\"section\" id=\"section_1854257090\">\n\t\t<div class=\"bg section-bg fill bg-fill\" >\n\n\t\t\t\n\t\t\t\n\t\t\t\n\n\t\t<\/div>\n\n\t\t\n\n\t\t<div class=\"section-content relative\">\n\t\t\t\n\n<div class=\"row align-center\"  id=\"row-1689314017\">\n\n\n\t<div id=\"col-209996313\" class=\"col medium-12 small-12 large-10\"  >\n\t\t\t\t<div class=\"col-inner text-center\"  >\n\t\t\t\n\t\t\t\n\n\t<div id=\"text-3004456458\" class=\"text\">\n\t\t\n\n<h1>Blind edge \/ Spacer edge<\/h1>\n\t\t\n<style>\n#text-3004456458 {\n  font-size: 2.1rem;\n  color: rgb(212, 212, 212);\n}\n#text-3004456458 > * {\n  color: rgb(212, 212, 212);\n}\n@media (min-width:550px) {\n  #text-3004456458 {\n    font-size: 2.75rem;\n  }\n}\n<\/style>\n\t<\/div>\n\t\n\n\t\t<\/div>\n\t\t\t\t\n<style>\n#col-209996313 > .col-inner {\n  margin: 60px 0px 0px 0px;\n}\n<\/style>\n\t<\/div>\n\n\t\n\n<\/div>\n\n\t\t<\/div>\n\n\t\t\n<style>\n#section_1854257090 {\n  padding-top: 30px;\n  padding-bottom: 30px;\n  min-height: 500px;\n}\n#section_1854257090 .section-bg.bg-loaded {\n  background-image: url(https:\/\/fitting-cometa.hu\/wp-content\/uploads\/2026\/02\/vakeskoz-oldalhatter-scaled.jpg);\n}\n<\/style>\n\t<\/section>\n\t\n\t<section class=\"section\" id=\"section_1755244533\">\n\t\t<div class=\"bg section-bg fill bg-fill  bg-loaded\" >\n\n\t\t\t\n\t\t\t\n\t\t\t\n\n\t\t<\/div>\n\n\t\t\n\n\t\t<div class=\"section-content relative\">\n\t\t\t\n\n<div class=\"text-center\"><div class=\"is-divider divider clearfix\" style=\"max-width:45vw;height:5px;background-color:rgb(212, 212, 212);\"><\/div><\/div>\n\n<div class=\"row row-full-width align-center\"  id=\"row-1126507211\">\n\n\n\t<div id=\"col-527149618\" class=\"col medium-4 small-12 large-4\"  >\n\t\t\t\t<div class=\"col-inner text-center\"  >\n\t\t\t\n\t\t\t\n\n\t<div id=\"text-324993250\" class=\"text\">\n\t\t\n\n<p>Blind edge<\/p>\n\t\t\n<style>\n#text-324993250 {\n  font-size: 1.5rem;\n  text-align: center;\n  color: rgb(215, 215, 215);\n}\n#text-324993250 > * {\n  color: rgb(215, 215, 215);\n}\n<\/style>\n\t<\/div>\n\t\n\t<div id=\"text-939649298\" class=\"text\">\n\t\t\n\n<ul>\n<li>Dimensions: In addition to standard sizes (DN), it can also be ordered with custom diameters and thicknesses, even in extreme sizes.<\/li>\n<li>What is it good for? For sealing the ends of pipelines, inspection openings (manholes) in pressure vessels and tanks, and during pressure tests.<\/li>\n<li>Why it's good? They are made of forged steel, so they are free from the internal cavities and inclusions typical of castings. This guarantees that the flange will not crack or deform even under the highest operating pressure.<\/li>\n<li>Design: Can be manufactured as required with a flat (Type 05), raised sealing surface (Type B1), or with a special groove\/rib.<\/li>\n<\/ul>\n\t\t\n<style>\n#text-939649298 {\n  font-size: 0.8rem;\n  text-align: left;\n  color: rgb(215, 215, 215);\n}\n#text-939649298 > * {\n  color: rgb(215, 215, 215);\n}\n@media (min-width:550px) {\n  #text-939649298 {\n    font-size: 1.15rem;\n  }\n}\n<\/style>\n\t<\/div>\n\t\n\n\t\t<\/div>\n\t\t\t\t\t<\/div>\n\n\t\n\n\t<div id=\"col-1774607666\" class=\"col medium-4 small-12 large-4\"  >\n\t\t\t\t<div class=\"col-inner text-center\"  >\n\t\t\t\n\t\t\t\n\n\t<div id=\"text-3197633395\" class=\"text\">\n\t\t\n\n<p>Spacer \/ Intermediate edge<\/p>\n\t\t\n<style>\n#text-3197633395 {\n  font-size: 1.5rem;\n  text-align: center;\n  color: rgb(215, 215, 215);\n}\n#text-3197633395 > * {\n  color: rgb(215, 215, 215);\n}\n<\/style>\n\t<\/div>\n\t\n\t<div id=\"text-3218388428\" class=\"text\">\n\t\t\n\n<ul>\n<li>Function: An element that can be installed between two flanges and can also function as a spacer, measuring flange or reducer.<\/li>\n<li>What is it good for? For filling gaps when installing valves and instruments, for installing flow meters, or to facilitate the intermittent opening of the pipeline.<\/li>\n<li>Why is it good? The center flanges are guaranteed to have parallel contact surfaces, thus avoiding tension on the pipeline or uneven loading of the seals.<\/li>\n<li>Customization: Available with custom holes for instruments.<\/li>\n<\/ul>\n\t\t\n<style>\n#text-3218388428 {\n  font-size: 0.8rem;\n  text-align: left;\n  color: rgb(215, 215, 215);\n}\n#text-3218388428 > * {\n  color: rgb(215, 215, 215);\n}\n@media (min-width:550px) {\n  #text-3218388428 {\n    font-size: 1.15rem;\n  }\n}\n<\/style>\n\t<\/div>\n\t\n\n\t\t<\/div>\n\t\t\t\t\t<\/div>\n\n\t\n\n<\/div>\n\t<div id=\"text-4227676559\" class=\"text\">\n\t\t\n\n<p>Inquiry <a href=\"mailto:albrecht.fiai@albrecht.hu\">albrecht.fiai@albrecht.hu<\/a><\/p>\n\t\t\n<style>\n#text-4227676559 {\n  font-size: 1.35rem;\n  text-align: center;\n  color: rgb(212, 212, 212);\n}\n#text-4227676559 > * {\n  color: rgb(212, 212, 212);\n}\n<\/style>\n\t<\/div>\n\t\n\n\t\t<\/div>\n\n\t\t\n<style>\n#section_1755244533 {\n  padding-top: 30px;\n  padding-bottom: 30px;\n  background-color: rgb(64, 114, 89);\n}\n<\/style>\n\t<\/section>\n\t\n\t<section class=\"section\" id=\"section_707987598\">\n\t\t<div class=\"bg section-bg fill bg-fill  bg-loaded\" >\n\n\t\t\t\n\t\t\t\n\t\t\t\n\n\t\t<\/div>\n\n\t\t\n\n\t\t<div class=\"section-content relative\">\n\t\t\t\n\n<div class=\"row align-center\"  id=\"row-200668527\">\n\n\n\t<div id=\"col-267887993\" class=\"col medium-4 small-12 large-4\"  >\n\t\t\t\t<div class=\"col-inner text-center\"  >\n\t\t\t\n\t\t\t\n\n\t<div id=\"text-1905827321\" class=\"text\">\n\t\t\n\n<p>\u260f Phone: +36 46 502 070<\/p>\n<p>\u2706 Mobile: +36 20 404 6006<\/p>\n\t\t\n<style>\n#text-1905827321 {\n  font-size: 1.45rem;\n  color: rgb(215, 215, 215);\n}\n#text-1905827321 > * {\n  color: rgb(215, 215, 215);\n}\n<\/style>\n\t<\/div>\n\t\n\n\t\t<\/div>\n\t\t\t\t\t<\/div>\n\n\t\n\n\t<div id=\"col-19470422\" class=\"col medium-4 small-12 large-4\"  >\n\t\t\t\t<div class=\"col-inner text-center\"  >\n\t\t\t\n\t\t\t\n\n\t<div id=\"text-3701362225\" class=\"text\">\n\t\t\n\n<p>Address: 3526 Miskolc, Rep\u00fcl\u0151t\u00e9ri \u00fat 9\/b.<\/p>\n\t\t\n<style>\n#text-3701362225 {\n  font-size: 1.3rem;\n  color: rgb(212, 212, 212);\n}\n#text-3701362225 > * {\n  color: rgb(212, 212, 212);\n}\n<\/style>\n\t<\/div>\n\t\n\n\t\t<\/div>\n\t\t\t\t\t<\/div>\n\n\t\n\n<\/div>\n\n\t\t<\/div>\n\n\t\t\n<style>\n#section_707987598 {\n  padding-top: 30px;\n  padding-bottom: 30px;\n  background-color: rgb(64, 114, 89);\n}\n<\/style>\n\t<\/section>","protected":false},"excerpt":{"rendered":"","protected":false},"author":1,"featured_media":0,"parent":0,"menu_order":0,"comment_status":"closed","ping_status":"closed","template":"page-single-page-nav-transparent.php","meta":{"footnotes":""},"class_list":["post-3880","page","type-page","status-publish","hentry"],"yoast_head":"<!-- This site is optimized with the Yoast SEO plugin v27.0 - https:\/\/yoast.com\/product\/yoast-seo-wordpress\/ -->\n<title>Vakperem \u00e9s k\u00f6zperem - Karima, Cs\u0151\u00edv, T-idom, Sz\u0171k\u00edt\u0151, Ed\u00e9nyfen\u00e9k | Cometa Kft.<\/title>\n<meta name=\"description\" content=\"Szabv\u00e1nyos m\u00e9retv\u00e1laszt\u00e9k (DN) mellett egyedi \u00e1tm\u00e9r\u0151vel \u00e9s vastags\u00e1ggal is rendelhet\u0151, ak\u00e1r extr\u00e9m m\u00e9retekben is.\" \/>\n<meta name=\"robots\" content=\"index, follow, max-snippet:-1, max-image-preview:large, max-video-preview:-1\" \/>\n<link rel=\"canonical\" href=\"https:\/\/fitting-cometa.hu\/en\/vakperem-kozperem\/\" \/>\n<meta property=\"og:locale\" content=\"en_GB\" \/>\n<meta property=\"og:type\" content=\"article\" \/>\n<meta property=\"og:title\" content=\"Vakperem \u00e9s k\u00f6zperem - Karima, Cs\u0151\u00edv, T-idom, Sz\u0171k\u00edt\u0151, Ed\u00e9nyfen\u00e9k | Cometa Kft.\" \/>\n<meta property=\"og:description\" content=\"Szabv\u00e1nyos m\u00e9retv\u00e1laszt\u00e9k (DN) mellett egyedi \u00e1tm\u00e9r\u0151vel \u00e9s vastags\u00e1ggal is rendelhet\u0151, ak\u00e1r extr\u00e9m m\u00e9retekben is.\" \/>\n<meta property=\"og:url\" content=\"https:\/\/fitting-cometa.hu\/en\/vakperem-kozperem\/\" \/>\n<meta property=\"og:site_name\" content=\"Karima, Cs\u0151\u00edv, T-idom, Sz\u0171k\u00edt\u0151, Ed\u00e9nyfen\u00e9k | Cometa Kft.\" \/>\n<meta property=\"article:publisher\" content=\"https:\/\/www.facebook.com\/Albrecht.Cometa\/\" \/>\n<meta property=\"article:modified_time\" content=\"2026-02-11T10:45:26+00:00\" \/>\n<meta property=\"og:image\" content=\"https:\/\/fitting-cometa.hu\/wp-content\/uploads\/2026\/02\/logo.png\" \/>\n\t<meta property=\"og:image:width\" content=\"600\" \/>\n\t<meta property=\"og:image:height\" content=\"450\" \/>\n\t<meta property=\"og:image:type\" content=\"image\/png\" \/>\n<meta name=\"twitter:card\" content=\"summary_large_image\" \/>\n<meta name=\"twitter:label1\" content=\"Estimated reading time\" \/>\n\t<meta name=\"twitter:data1\" content=\"2 minutes\" \/>\n<script type=\"application\/ld+json\" class=\"yoast-schema-graph\">{\"@context\":\"https:\/\/schema.org\",\"@graph\":[{\"@type\":\"WebPage\",\"@id\":\"https:\/\/fitting-cometa.hu\/vakperem-kozperem\/\",\"url\":\"https:\/\/fitting-cometa.hu\/vakperem-kozperem\/\",\"name\":\"Vakperem \u00e9s k\u00f6zperem - Karima, Cs\u0151\u00edv, T-idom, Sz\u0171k\u00edt\u0151, Ed\u00e9nyfen\u00e9k | Cometa Kft.\",\"isPartOf\":{\"@id\":\"https:\/\/fitting-cometa.hu\/#website\"},\"datePublished\":\"2026-02-01T16:40:33+00:00\",\"dateModified\":\"2026-02-11T10:45:26+00:00\",\"description\":\"Szabv\u00e1nyos m\u00e9retv\u00e1laszt\u00e9k (DN) mellett egyedi \u00e1tm\u00e9r\u0151vel \u00e9s vastags\u00e1ggal is rendelhet\u0151, ak\u00e1r extr\u00e9m m\u00e9retekben is.\",\"breadcrumb\":{\"@id\":\"https:\/\/fitting-cometa.hu\/vakperem-kozperem\/#breadcrumb\"},\"inLanguage\":\"en-GB\",\"potentialAction\":[{\"@type\":\"ReadAction\",\"target\":[\"https:\/\/fitting-cometa.hu\/vakperem-kozperem\/\"]}]},{\"@type\":\"BreadcrumbList\",\"@id\":\"https:\/\/fitting-cometa.hu\/vakperem-kozperem\/#breadcrumb\",\"itemListElement\":[{\"@type\":\"ListItem\",\"position\":1,\"name\":\"Kezd\u0151lap\",\"item\":\"https:\/\/fitting-cometa.hu\/\"},{\"@type\":\"ListItem\",\"position\":2,\"name\":\"Vakperem \u00e9s k\u00f6zperem\"}]},{\"@type\":\"WebSite\",\"@id\":\"https:\/\/fitting-cometa.hu\/#website\",\"url\":\"https:\/\/fitting-cometa.hu\/\",\"name\":\"Fitting-cometa\",\"description\":\"Sz\u00e9nac\u00e9l \u00e9s rozsdamentes term\u00e9kek\",\"publisher\":{\"@id\":\"https:\/\/fitting-cometa.hu\/#organization\"},\"potentialAction\":[{\"@type\":\"SearchAction\",\"target\":{\"@type\":\"EntryPoint\",\"urlTemplate\":\"https:\/\/fitting-cometa.hu\/?s={search_term_string}\"},\"query-input\":{\"@type\":\"PropertyValueSpecification\",\"valueRequired\":true,\"valueName\":\"search_term_string\"}}],\"inLanguage\":\"en-GB\"},{\"@type\":\"Organization\",\"@id\":\"https:\/\/fitting-cometa.hu\/#organization\",\"name\":\"Fitting-cometa\",\"url\":\"https:\/\/fitting-cometa.hu\/\",\"logo\":{\"@type\":\"ImageObject\",\"inLanguage\":\"en-GB\",\"@id\":\"https:\/\/fitting-cometa.hu\/#\/schema\/logo\/image\/\",\"url\":\"https:\/\/fitting-cometa.hu\/wp-content\/uploads\/2026\/02\/logo.png\",\"contentUrl\":\"https:\/\/fitting-cometa.hu\/wp-content\/uploads\/2026\/02\/logo.png\",\"width\":600,\"height\":450,\"caption\":\"Fitting-cometa\"},\"image\":{\"@id\":\"https:\/\/fitting-cometa.hu\/#\/schema\/logo\/image\/\"},\"sameAs\":[\"https:\/\/www.facebook.com\/Albrecht.Cometa\/\",\"https:\/\/www.linkedin.com\/company\/albrecht-s-fiai-kft\/\",\"https:\/\/hu.linkedin.com\/in\/krisztin-albrecht-17b47a3a5\/en\"]}]}<\/script>\n<!-- \/ Yoast SEO plugin. -->","yoast_head_json":{"title":"Vakperem \u00e9s k\u00f6zperem - Karima, Cs\u0151\u00edv, T-idom, Sz\u0171k\u00edt\u0151, Ed\u00e9nyfen\u00e9k | Cometa Kft.","description":"Szabv\u00e1nyos m\u00e9retv\u00e1laszt\u00e9k (DN) mellett egyedi \u00e1tm\u00e9r\u0151vel \u00e9s vastags\u00e1ggal is rendelhet\u0151, ak\u00e1r extr\u00e9m m\u00e9retekben is.","robots":{"index":"index","follow":"follow","max-snippet":"max-snippet:-1","max-image-preview":"max-image-preview:large","max-video-preview":"max-video-preview:-1"},"canonical":"https:\/\/fitting-cometa.hu\/en\/vakperem-kozperem\/","og_locale":"en_GB","og_type":"article","og_title":"Vakperem \u00e9s k\u00f6zperem - Karima, Cs\u0151\u00edv, T-idom, Sz\u0171k\u00edt\u0151, Ed\u00e9nyfen\u00e9k | Cometa Kft.","og_description":"Szabv\u00e1nyos m\u00e9retv\u00e1laszt\u00e9k (DN) mellett egyedi \u00e1tm\u00e9r\u0151vel \u00e9s vastags\u00e1ggal is rendelhet\u0151, ak\u00e1r extr\u00e9m m\u00e9retekben is.","og_url":"https:\/\/fitting-cometa.hu\/en\/vakperem-kozperem\/","og_site_name":"Karima, Cs\u0151\u00edv, T-idom, Sz\u0171k\u00edt\u0151, Ed\u00e9nyfen\u00e9k | Cometa Kft.","article_publisher":"https:\/\/www.facebook.com\/Albrecht.Cometa\/","article_modified_time":"2026-02-11T10:45:26+00:00","og_image":[{"width":600,"height":450,"url":"https:\/\/fitting-cometa.hu\/wp-content\/uploads\/2026\/02\/logo.png","type":"image\/png"}],"twitter_card":"summary_large_image","twitter_misc":{"Estimated reading time":"2 minutes"},"schema":{"@context":"https:\/\/schema.org","@graph":[{"@type":"WebPage","@id":"https:\/\/fitting-cometa.hu\/vakperem-kozperem\/","url":"https:\/\/fitting-cometa.hu\/vakperem-kozperem\/","name":"Vakperem \u00e9s k\u00f6zperem - Karima, Cs\u0151\u00edv, T-idom, Sz\u0171k\u00edt\u0151, Ed\u00e9nyfen\u00e9k | Cometa Kft.","isPartOf":{"@id":"https:\/\/fitting-cometa.hu\/#website"},"datePublished":"2026-02-01T16:40:33+00:00","dateModified":"2026-02-11T10:45:26+00:00","description":"Szabv\u00e1nyos m\u00e9retv\u00e1laszt\u00e9k (DN) mellett egyedi \u00e1tm\u00e9r\u0151vel \u00e9s vastags\u00e1ggal is rendelhet\u0151, ak\u00e1r extr\u00e9m m\u00e9retekben is.","breadcrumb":{"@id":"https:\/\/fitting-cometa.hu\/vakperem-kozperem\/#breadcrumb"},"inLanguage":"en-GB","potentialAction":[{"@type":"ReadAction","target":["https:\/\/fitting-cometa.hu\/vakperem-kozperem\/"]}]},{"@type":"BreadcrumbList","@id":"https:\/\/fitting-cometa.hu\/vakperem-kozperem\/#breadcrumb","itemListElement":[{"@type":"ListItem","position":1,"name":"Kezd\u0151lap","item":"https:\/\/fitting-cometa.hu\/"},{"@type":"ListItem","position":2,"name":"Vakperem \u00e9s k\u00f6zperem"}]},{"@type":"WebSite","@id":"https:\/\/fitting-cometa.hu\/#website","url":"https:\/\/fitting-cometa.hu\/","name":"Fitting-cometa","description":"Sz\u00e9nac\u00e9l \u00e9s rozsdamentes term\u00e9kek","publisher":{"@id":"https:\/\/fitting-cometa.hu\/#organization"},"potentialAction":[{"@type":"SearchAction","target":{"@type":"EntryPoint","urlTemplate":"https:\/\/fitting-cometa.hu\/?s={search_term_string}"},"query-input":{"@type":"PropertyValueSpecification","valueRequired":true,"valueName":"search_term_string"}}],"inLanguage":"en-GB"},{"@type":"Organization","@id":"https:\/\/fitting-cometa.hu\/#organization","name":"Fitting-cometa","url":"https:\/\/fitting-cometa.hu\/","logo":{"@type":"ImageObject","inLanguage":"en-GB","@id":"https:\/\/fitting-cometa.hu\/#\/schema\/logo\/image\/","url":"https:\/\/fitting-cometa.hu\/wp-content\/uploads\/2026\/02\/logo.png","contentUrl":"https:\/\/fitting-cometa.hu\/wp-content\/uploads\/2026\/02\/logo.png","width":600,"height":450,"caption":"Fitting-cometa"},"image":{"@id":"https:\/\/fitting-cometa.hu\/#\/schema\/logo\/image\/"},"sameAs":["https:\/\/www.facebook.com\/Albrecht.Cometa\/","https:\/\/www.linkedin.com\/company\/albrecht-s-fiai-kft\/","https:\/\/hu.linkedin.com\/in\/krisztin-albrecht-17b47a3a5\/en"]}]}},"_links":{"self":[{"href":"https:\/\/fitting-cometa.hu\/en\/wp-json\/wp\/v2\/pages\/3880","targetHints":{"allow":["GET"]}}],"collection":[{"href":"https:\/\/fitting-cometa.hu\/en\/wp-json\/wp\/v2\/pages"}],"about":[{"href":"https:\/\/fitting-cometa.hu\/en\/wp-json\/wp\/v2\/types\/page"}],"author":[{"embeddable":true,"href":"https:\/\/fitting-cometa.hu\/en\/wp-json\/wp\/v2\/users\/1"}],"replies":[{"embeddable":true,"href":"https:\/\/fitting-cometa.hu\/en\/wp-json\/wp\/v2\/comments?post=3880"}],"version-history":[{"count":15,"href":"https:\/\/fitting-cometa.hu\/en\/wp-json\/wp\/v2\/pages\/3880\/revisions"}],"predecessor-version":[{"id":4341,"href":"https:\/\/fitting-cometa.hu\/en\/wp-json\/wp\/v2\/pages\/3880\/revisions\/4341"}],"wp:attachment":[{"href":"https:\/\/fitting-cometa.hu\/en\/wp-json\/wp\/v2\/media?parent=3880"}],"curies":[{"name":"wp","href":"https:\/\/api.w.org\/{rel}","templated":true}]}}