{"id":3878,"date":"2026-02-01T17:40:15","date_gmt":"2026-02-01T16:40:15","guid":{"rendered":"https:\/\/fitting-cometa.hu\/?page_id=3878"},"modified":"2026-02-11T11:44:52","modified_gmt":"2026-02-11T10:44:52","slug":"hocserelo-alkatreszek","status":"publish","type":"page","link":"https:\/\/fitting-cometa.hu\/en\/hocserelo-alkatreszek\/","title":{"rendered":"Heat exchanger parts"},"content":{"rendered":"<section class=\"section\" id=\"section_359301459\">\n\t\t<div class=\"bg section-bg fill bg-fill\" >\n\n\t\t\t\n\t\t\t\n\t\t\t\n\n\t\t<\/div>\n\n\t\t\n\n\t\t<div class=\"section-content relative\">\n\t\t\t\n\n<div class=\"row align-center\"  id=\"row-1106575612\">\n\n\n\t<div id=\"col-1554992516\" class=\"col medium-12 small-12 large-10\"  >\n\t\t\t\t<div class=\"col-inner text-center\"  >\n\t\t\t\n\t\t\t\n\n\t<div id=\"text-2699009286\" class=\"text\">\n\t\t\n\n<h1>Heat exchanger parts<\/h1>\n\t\t\n<style>\n#text-2699009286 {\n  font-size: 2.1rem;\n  color: rgb(212, 212, 212);\n}\n#text-2699009286 > * {\n  color: rgb(212, 212, 212);\n}\n@media (min-width:550px) {\n  #text-2699009286 {\n    font-size: 2.75rem;\n  }\n}\n<\/style>\n\t<\/div>\n\t\n\n\t\t<\/div>\n\t\t\t\t\n<style>\n#col-1554992516 > .col-inner {\n  margin: 60px 0px 0px 0px;\n}\n<\/style>\n\t<\/div>\n\n\t\n\n<\/div>\n\n\t\t<\/div>\n\n\t\t\n<style>\n#section_359301459 {\n  padding-top: 30px;\n  padding-bottom: 30px;\n  min-height: 500px;\n}\n#section_359301459 .section-bg.bg-loaded {\n  background-image: url(https:\/\/fitting-cometa.hu\/wp-content\/uploads\/2026\/02\/hocserelo-oldalhatter-scaled.jpg);\n}\n<\/style>\n\t<\/section>\n\t\n\t<section class=\"section\" id=\"section_1280539645\">\n\t\t<div class=\"bg section-bg fill bg-fill  bg-loaded\" >\n\n\t\t\t\n\t\t\t\n\t\t\t\n\n\t\t<\/div>\n\n\t\t\n\n\t\t<div class=\"section-content relative\">\n\t\t\t\n\n<div class=\"text-center\"><div class=\"is-divider divider clearfix\" style=\"max-width:45vw;height:5px;background-color:rgb(212, 212, 212);\"><\/div><\/div>\n\n<div class=\"row row-full-width\"  id=\"row-54992125\">\n\n\n\t<div id=\"col-510007499\" class=\"col medium-4 small-12 large-4\"  >\n\t\t\t\t<div class=\"col-inner text-center\"  >\n\t\t\t\n\t\t\t\n\n\t<div id=\"text-310757531\" class=\"text\">\n\t\t\n\n<p>Heat exchanger<\/p>\n\t\t\n<style>\n#text-310757531 {\n  font-size: 1.5rem;\n  text-align: center;\n  color: rgb(215, 215, 215);\n}\n#text-310757531 > * {\n  color: rgb(215, 215, 215);\n}\n<\/style>\n\t<\/div>\n\t\n\t<div id=\"text-1922680482\" class=\"text\">\n\t\t\n\n<p>Our Heat exchanger are manufactured to the strictest tolerances to guarantee perfect fit of the tube system and absolute safety of medium separation.<\/p>\n\t\t\n<style>\n#text-1922680482 {\n  font-size: 0.9rem;\n  color: rgb(215, 215, 215);\n}\n#text-1922680482 > * {\n  color: rgb(215, 215, 215);\n}\n<\/style>\n\t<\/div>\n\t\n<div class=\"is-divider divider clearfix\" style=\"max-width:100px;background-color:rgb(212, 212, 212);\"><\/div>\n\n\t<div id=\"text-3357771345\" class=\"text\">\n\t\t\n\n<ul>\n<li>Dimensions: Custom production from the smallest to large diameter designs, even several tons, in varying thicknesses.<\/li>\n<li>\u00a0What is it good for? In fixed tube bundle, floating head or U-tube heat exchangers, condensers and boilers.<\/li>\n<li>\u00a0Why is it good? The internal material structure of our forged or thick plate materials is homogeneous, so there is no need to worry about hidden material defects when making holes. The hole layout made with CNC technology is accurate, which facilitates the pulling in of pipes and the welding\/flanging processes.<\/li>\n<li>\u00a0Extra: Available with special groove design, stainless steel or Cladding (plated) for corrosion protection.<\/li>\n<\/ul>\n\t\t\n<style>\n#text-3357771345 {\n  font-size: 0.8rem;\n  text-align: left;\n  color: rgb(215, 215, 215);\n}\n#text-3357771345 > * {\n  color: rgb(215, 215, 215);\n}\n@media (min-width:550px) {\n  #text-3357771345 {\n    font-size: 1.15rem;\n  }\n}\n<\/style>\n\t<\/div>\n\t\n\n\t\t<\/div>\n\t\t\t\t\t<\/div>\n\n\t\n\n\t<div id=\"col-1535321327\" class=\"col medium-4 small-12 large-4\"  >\n\t\t\t\t<div class=\"col-inner text-center\"  >\n\t\t\t\n\t\t\t\n\n\t<div id=\"text-3753711440\" class=\"text\">\n\t\t\n\n<p>Heat exchanger baffle<\/p>\n\t\t\n<style>\n#text-3753711440 {\n  font-size: 1.5rem;\n  text-align: center;\n  color: rgb(215, 215, 215);\n}\n#text-3753711440 > * {\n  color: rgb(215, 215, 215);\n}\n<\/style>\n\t<\/div>\n\t\n\t<div id=\"text-3668559660\" class=\"text\">\n\t\t\n\n<p>The baffles are designed to provide an optimal flow path for the medium while providing rigid support for the tube bundle.<\/p>\n\t\t\n<style>\n#text-3668559660 {\n  font-size: 0.9rem;\n  color: rgb(215, 215, 215);\n}\n#text-3668559660 > * {\n  color: rgb(215, 215, 215);\n}\n<\/style>\n\t<\/div>\n\t\n<div class=\"is-divider divider clearfix\" style=\"max-width:100px;background-color:rgb(212, 212, 212);\"><\/div>\n\n\t<div id=\"text-2677375728\" class=\"text\">\n\t\t\n\n<ul>\n<li>Dimensions: Based on customer drawings in any segment or circle design, with precise hole positions.<\/li>\n<li>What is it good for? For Shell &amp; Tube heat exchangers to improve shell-side heat transfer and support the tubes.<\/li>\n<li>\u00a0Why it's good? Burr-free bore design prevents damage to the pipes during assembly and during operation. Precise fit minimizes \"bypass\" flow, so heat exchange efficiency is not compromised.<\/li>\n<li>Material quality: Carbon steel, corrosion-resistant steel or other alloys depending on the aggressiveness of the medium.<\/li>\n<\/ul>\n\t\t\n<style>\n#text-2677375728 {\n  font-size: 0.8rem;\n  text-align: left;\n  color: rgb(215, 215, 215);\n}\n#text-2677375728 > * {\n  color: rgb(215, 215, 215);\n}\n@media (min-width:550px) {\n  #text-2677375728 {\n    font-size: 1.15rem;\n  }\n}\n<\/style>\n\t<\/div>\n\t\n\n\t\t<\/div>\n\t\t\t\t\t<\/div>\n\n\t\n\n\t<div id=\"col-520369339\" class=\"col medium-4 small-12 large-4\"  >\n\t\t\t\t<div class=\"col-inner text-center\"  >\n\t\t\t\n\t\t\t\n\n\t<div id=\"text-1575084297\" class=\"text\">\n\t\t\n\n<p>Striker plate<\/p>\n\t\t\n<style>\n#text-1575084297 {\n  font-size: 1.5rem;\n  text-align: center;\n  color: rgb(215, 215, 215);\n}\n#text-1575084297 > * {\n  color: rgb(215, 215, 215);\n}\n<\/style>\n\t<\/div>\n\t\n\t<div id=\"text-1496457269\" class=\"text\">\n\t\t\n\n<p>The impact plate may seem like a small part, but it plays a key role in extending the life of the tube bundle. It distributes the force of the incoming fluid, thus protecting the tubes from premature puncture.<\/p>\n\t\t\n<style>\n#text-1496457269 {\n  color: rgb(215, 215, 215);\n}\n#text-1496457269 > * {\n  color: rgb(215, 215, 215);\n}\n<\/style>\n\t<\/div>\n\t\n<div class=\"is-divider divider clearfix\" style=\"max-width:100px;background-color:rgb(212, 212, 212);\"><\/div>\n\n\t<div id=\"text-2464090870\" class=\"text\">\n\t\t\n\n<ul>\n<li>Function: Mounted below the inlet manifold, it breaks the jet of steam or liquid entering at high speed.<\/li>\n<li>What is it good for? High-pressure steam systems, gas coolers and any place where the inflow velocity could damage the pipe wall.<\/li>\n<li>Why it's good? Prevents erosive wear and vibration-induced fatigue at pipe connection points. Made of extremely wear-resistant material to withstand continuous mechanical stress.<\/li>\n<li>Installation: Easy-to-attach design that does not hinder optimal media distribution in the jacket.<\/li>\n<\/ul>\n\t\t\n<style>\n#text-2464090870 {\n  font-size: 1.15rem;\n  text-align: left;\n  color: rgb(215, 215, 215);\n}\n#text-2464090870 > * {\n  color: rgb(215, 215, 215);\n}\n<\/style>\n\t<\/div>\n\t\n\n\t\t<\/div>\n\t\t\t\t\t<\/div>\n\n\t\n\n<\/div>\n\t<div id=\"text-622185310\" class=\"text\">\n\t\t\n\n<p>Inquiry <a href=\"mailto:albrecht.fiai@albrecht.hu\">albrecht.fiai@albrecht.hu<\/a><\/p>\n\t\t\n<style>\n#text-622185310 {\n  font-size: 1.35rem;\n  text-align: center;\n  color: rgb(212, 212, 212);\n}\n#text-622185310 > * {\n  color: rgb(212, 212, 212);\n}\n<\/style>\n\t<\/div>\n\t\n\n\t\t<\/div>\n\n\t\t\n<style>\n#section_1280539645 {\n  padding-top: 30px;\n  padding-bottom: 30px;\n  background-color: rgb(64, 114, 89);\n}\n<\/style>\n\t<\/section>\n\t\n\t<section class=\"section\" id=\"section_1526037916\">\n\t\t<div class=\"bg section-bg fill bg-fill  bg-loaded\" >\n\n\t\t\t\n\t\t\t\n\t\t\t\n\n\t\t<\/div>\n\n\t\t\n\n\t\t<div class=\"section-content relative\">\n\t\t\t\n\n<div class=\"row align-center\"  id=\"row-1576427864\">\n\n\n\t<div id=\"col-1358240460\" class=\"col medium-4 small-12 large-4\"  >\n\t\t\t\t<div class=\"col-inner text-center\"  >\n\t\t\t\n\t\t\t\n\n\t<div id=\"text-3227591996\" class=\"text\">\n\t\t\n\n<p>\u260f Phone: +36 46 502 070<\/p>\n<p>\u2706 Mobile: +36 20 404 6006<\/p>\n\t\t\n<style>\n#text-3227591996 {\n  font-size: 1.45rem;\n  color: rgb(215, 215, 215);\n}\n#text-3227591996 > * {\n  color: rgb(215, 215, 215);\n}\n<\/style>\n\t<\/div>\n\t\n\n\t\t<\/div>\n\t\t\t\t\t<\/div>\n\n\t\n\n\t<div id=\"col-1696247707\" class=\"col medium-4 small-12 large-4\"  >\n\t\t\t\t<div class=\"col-inner text-center\"  >\n\t\t\t\n\t\t\t\n\n\t<div id=\"text-2697809464\" class=\"text\">\n\t\t\n\n<p>Address: 3526 Miskolc, Rep\u00fcl\u0151t\u00e9ri \u00fat 9\/b.<\/p>\n\t\t\n<style>\n#text-2697809464 {\n  font-size: 1.3rem;\n  color: rgb(212, 212, 212);\n}\n#text-2697809464 > * {\n  color: rgb(212, 212, 212);\n}\n<\/style>\n\t<\/div>\n\t\n\n\t\t<\/div>\n\t\t\t\t\t<\/div>\n\n\t\n\n<\/div>\n\n\t\t<\/div>\n\n\t\t\n<style>\n#section_1526037916 {\n  padding-top: 30px;\n  padding-bottom: 30px;\n  background-color: rgb(64, 114, 89);\n}\n<\/style>\n\t<\/section>","protected":false},"excerpt":{"rendered":"","protected":false},"author":1,"featured_media":0,"parent":0,"menu_order":0,"comment_status":"closed","ping_status":"closed","template":"page-single-page-nav-transparent.php","meta":{"footnotes":""},"class_list":["post-3878","page","type-page","status-publish","hentry"],"yoast_head":"<!-- This site is optimized with the Yoast SEO plugin v27.0 - https:\/\/yoast.com\/product\/yoast-seo-wordpress\/ -->\n<title>H\u0151cser\u00e9l\u0151 alkatr\u00e9szek - Karima, Cs\u0151\u00edv, T-idom, Sz\u0171k\u00edt\u0151, Ed\u00e9nyfen\u00e9k | Cometa Kft.<\/title>\n<meta name=\"description\" content=\"Cs\u0151k\u00f6tegfal, Terel\u0151lemez, \u00dctk\u00f6z\u0151 lemez. Rajz szerint k\u00e9szre gy\u00e1rtott anyagbiztos\u00edt\u00e1ssal egy\u00fctt.\" \/>\n<meta name=\"robots\" content=\"index, follow, max-snippet:-1, max-image-preview:large, max-video-preview:-1\" \/>\n<link rel=\"canonical\" href=\"https:\/\/fitting-cometa.hu\/en\/hocserelo-alkatreszek\/\" \/>\n<meta property=\"og:locale\" content=\"en_GB\" \/>\n<meta property=\"og:type\" content=\"article\" \/>\n<meta property=\"og:title\" content=\"H\u0151cser\u00e9l\u0151 alkatr\u00e9szek - Karima, Cs\u0151\u00edv, T-idom, Sz\u0171k\u00edt\u0151, Ed\u00e9nyfen\u00e9k | Cometa Kft.\" \/>\n<meta property=\"og:description\" content=\"Cs\u0151k\u00f6tegfal, Terel\u0151lemez, \u00dctk\u00f6z\u0151 lemez. Rajz szerint k\u00e9szre gy\u00e1rtott anyagbiztos\u00edt\u00e1ssal egy\u00fctt.\" \/>\n<meta property=\"og:url\" content=\"https:\/\/fitting-cometa.hu\/en\/hocserelo-alkatreszek\/\" \/>\n<meta property=\"og:site_name\" content=\"Karima, Cs\u0151\u00edv, T-idom, Sz\u0171k\u00edt\u0151, Ed\u00e9nyfen\u00e9k | Cometa Kft.\" \/>\n<meta property=\"article:publisher\" content=\"https:\/\/www.facebook.com\/Albrecht.Cometa\/\" \/>\n<meta property=\"article:modified_time\" content=\"2026-02-11T10:44:52+00:00\" \/>\n<meta property=\"og:image\" content=\"https:\/\/fitting-cometa.hu\/wp-content\/uploads\/2026\/02\/logo.png\" \/>\n\t<meta property=\"og:image:width\" content=\"600\" \/>\n\t<meta property=\"og:image:height\" content=\"450\" \/>\n\t<meta property=\"og:image:type\" content=\"image\/png\" \/>\n<meta name=\"twitter:card\" content=\"summary_large_image\" \/>\n<meta name=\"twitter:label1\" content=\"Estimated reading time\" \/>\n\t<meta name=\"twitter:data1\" content=\"3 minutes\" \/>\n<script type=\"application\/ld+json\" class=\"yoast-schema-graph\">{\"@context\":\"https:\/\/schema.org\",\"@graph\":[{\"@type\":\"WebPage\",\"@id\":\"https:\/\/fitting-cometa.hu\/hocserelo-alkatreszek\/\",\"url\":\"https:\/\/fitting-cometa.hu\/hocserelo-alkatreszek\/\",\"name\":\"H\u0151cser\u00e9l\u0151 alkatr\u00e9szek - Karima, Cs\u0151\u00edv, T-idom, Sz\u0171k\u00edt\u0151, Ed\u00e9nyfen\u00e9k | Cometa Kft.\",\"isPartOf\":{\"@id\":\"https:\/\/fitting-cometa.hu\/#website\"},\"datePublished\":\"2026-02-01T16:40:15+00:00\",\"dateModified\":\"2026-02-11T10:44:52+00:00\",\"description\":\"Cs\u0151k\u00f6tegfal, Terel\u0151lemez, \u00dctk\u00f6z\u0151 lemez. Rajz szerint k\u00e9szre gy\u00e1rtott anyagbiztos\u00edt\u00e1ssal egy\u00fctt.\",\"breadcrumb\":{\"@id\":\"https:\/\/fitting-cometa.hu\/hocserelo-alkatreszek\/#breadcrumb\"},\"inLanguage\":\"en-GB\",\"potentialAction\":[{\"@type\":\"ReadAction\",\"target\":[\"https:\/\/fitting-cometa.hu\/hocserelo-alkatreszek\/\"]}]},{\"@type\":\"BreadcrumbList\",\"@id\":\"https:\/\/fitting-cometa.hu\/hocserelo-alkatreszek\/#breadcrumb\",\"itemListElement\":[{\"@type\":\"ListItem\",\"position\":1,\"name\":\"Kezd\u0151lap\",\"item\":\"https:\/\/fitting-cometa.hu\/\"},{\"@type\":\"ListItem\",\"position\":2,\"name\":\"H\u0151cser\u00e9l\u0151 alkatr\u00e9szek\"}]},{\"@type\":\"WebSite\",\"@id\":\"https:\/\/fitting-cometa.hu\/#website\",\"url\":\"https:\/\/fitting-cometa.hu\/\",\"name\":\"Fitting-cometa\",\"description\":\"Sz\u00e9nac\u00e9l \u00e9s rozsdamentes term\u00e9kek\",\"publisher\":{\"@id\":\"https:\/\/fitting-cometa.hu\/#organization\"},\"potentialAction\":[{\"@type\":\"SearchAction\",\"target\":{\"@type\":\"EntryPoint\",\"urlTemplate\":\"https:\/\/fitting-cometa.hu\/?s={search_term_string}\"},\"query-input\":{\"@type\":\"PropertyValueSpecification\",\"valueRequired\":true,\"valueName\":\"search_term_string\"}}],\"inLanguage\":\"en-GB\"},{\"@type\":\"Organization\",\"@id\":\"https:\/\/fitting-cometa.hu\/#organization\",\"name\":\"Fitting-cometa\",\"url\":\"https:\/\/fitting-cometa.hu\/\",\"logo\":{\"@type\":\"ImageObject\",\"inLanguage\":\"en-GB\",\"@id\":\"https:\/\/fitting-cometa.hu\/#\/schema\/logo\/image\/\",\"url\":\"https:\/\/fitting-cometa.hu\/wp-content\/uploads\/2026\/02\/logo.png\",\"contentUrl\":\"https:\/\/fitting-cometa.hu\/wp-content\/uploads\/2026\/02\/logo.png\",\"width\":600,\"height\":450,\"caption\":\"Fitting-cometa\"},\"image\":{\"@id\":\"https:\/\/fitting-cometa.hu\/#\/schema\/logo\/image\/\"},\"sameAs\":[\"https:\/\/www.facebook.com\/Albrecht.Cometa\/\",\"https:\/\/www.linkedin.com\/company\/albrecht-s-fiai-kft\/\",\"https:\/\/hu.linkedin.com\/in\/krisztin-albrecht-17b47a3a5\/en\"]}]}<\/script>\n<!-- \/ Yoast SEO plugin. -->","yoast_head_json":{"title":"H\u0151cser\u00e9l\u0151 alkatr\u00e9szek - Karima, Cs\u0151\u00edv, T-idom, Sz\u0171k\u00edt\u0151, Ed\u00e9nyfen\u00e9k | Cometa Kft.","description":"Cs\u0151k\u00f6tegfal, Terel\u0151lemez, \u00dctk\u00f6z\u0151 lemez. Rajz szerint k\u00e9szre gy\u00e1rtott anyagbiztos\u00edt\u00e1ssal egy\u00fctt.","robots":{"index":"index","follow":"follow","max-snippet":"max-snippet:-1","max-image-preview":"max-image-preview:large","max-video-preview":"max-video-preview:-1"},"canonical":"https:\/\/fitting-cometa.hu\/en\/hocserelo-alkatreszek\/","og_locale":"en_GB","og_type":"article","og_title":"H\u0151cser\u00e9l\u0151 alkatr\u00e9szek - Karima, Cs\u0151\u00edv, T-idom, Sz\u0171k\u00edt\u0151, Ed\u00e9nyfen\u00e9k | Cometa Kft.","og_description":"Cs\u0151k\u00f6tegfal, Terel\u0151lemez, \u00dctk\u00f6z\u0151 lemez. Rajz szerint k\u00e9szre gy\u00e1rtott anyagbiztos\u00edt\u00e1ssal egy\u00fctt.","og_url":"https:\/\/fitting-cometa.hu\/en\/hocserelo-alkatreszek\/","og_site_name":"Karima, Cs\u0151\u00edv, T-idom, Sz\u0171k\u00edt\u0151, Ed\u00e9nyfen\u00e9k | Cometa Kft.","article_publisher":"https:\/\/www.facebook.com\/Albrecht.Cometa\/","article_modified_time":"2026-02-11T10:44:52+00:00","og_image":[{"width":600,"height":450,"url":"https:\/\/fitting-cometa.hu\/wp-content\/uploads\/2026\/02\/logo.png","type":"image\/png"}],"twitter_card":"summary_large_image","twitter_misc":{"Estimated reading time":"3 minutes"},"schema":{"@context":"https:\/\/schema.org","@graph":[{"@type":"WebPage","@id":"https:\/\/fitting-cometa.hu\/hocserelo-alkatreszek\/","url":"https:\/\/fitting-cometa.hu\/hocserelo-alkatreszek\/","name":"H\u0151cser\u00e9l\u0151 alkatr\u00e9szek - Karima, Cs\u0151\u00edv, T-idom, Sz\u0171k\u00edt\u0151, Ed\u00e9nyfen\u00e9k | Cometa Kft.","isPartOf":{"@id":"https:\/\/fitting-cometa.hu\/#website"},"datePublished":"2026-02-01T16:40:15+00:00","dateModified":"2026-02-11T10:44:52+00:00","description":"Cs\u0151k\u00f6tegfal, Terel\u0151lemez, \u00dctk\u00f6z\u0151 lemez. Rajz szerint k\u00e9szre gy\u00e1rtott anyagbiztos\u00edt\u00e1ssal egy\u00fctt.","breadcrumb":{"@id":"https:\/\/fitting-cometa.hu\/hocserelo-alkatreszek\/#breadcrumb"},"inLanguage":"en-GB","potentialAction":[{"@type":"ReadAction","target":["https:\/\/fitting-cometa.hu\/hocserelo-alkatreszek\/"]}]},{"@type":"BreadcrumbList","@id":"https:\/\/fitting-cometa.hu\/hocserelo-alkatreszek\/#breadcrumb","itemListElement":[{"@type":"ListItem","position":1,"name":"Kezd\u0151lap","item":"https:\/\/fitting-cometa.hu\/"},{"@type":"ListItem","position":2,"name":"H\u0151cser\u00e9l\u0151 alkatr\u00e9szek"}]},{"@type":"WebSite","@id":"https:\/\/fitting-cometa.hu\/#website","url":"https:\/\/fitting-cometa.hu\/","name":"Fitting-cometa","description":"Sz\u00e9nac\u00e9l \u00e9s rozsdamentes term\u00e9kek","publisher":{"@id":"https:\/\/fitting-cometa.hu\/#organization"},"potentialAction":[{"@type":"SearchAction","target":{"@type":"EntryPoint","urlTemplate":"https:\/\/fitting-cometa.hu\/?s={search_term_string}"},"query-input":{"@type":"PropertyValueSpecification","valueRequired":true,"valueName":"search_term_string"}}],"inLanguage":"en-GB"},{"@type":"Organization","@id":"https:\/\/fitting-cometa.hu\/#organization","name":"Fitting-cometa","url":"https:\/\/fitting-cometa.hu\/","logo":{"@type":"ImageObject","inLanguage":"en-GB","@id":"https:\/\/fitting-cometa.hu\/#\/schema\/logo\/image\/","url":"https:\/\/fitting-cometa.hu\/wp-content\/uploads\/2026\/02\/logo.png","contentUrl":"https:\/\/fitting-cometa.hu\/wp-content\/uploads\/2026\/02\/logo.png","width":600,"height":450,"caption":"Fitting-cometa"},"image":{"@id":"https:\/\/fitting-cometa.hu\/#\/schema\/logo\/image\/"},"sameAs":["https:\/\/www.facebook.com\/Albrecht.Cometa\/","https:\/\/www.linkedin.com\/company\/albrecht-s-fiai-kft\/","https:\/\/hu.linkedin.com\/in\/krisztin-albrecht-17b47a3a5\/en"]}]}},"_links":{"self":[{"href":"https:\/\/fitting-cometa.hu\/en\/wp-json\/wp\/v2\/pages\/3878","targetHints":{"allow":["GET"]}}],"collection":[{"href":"https:\/\/fitting-cometa.hu\/en\/wp-json\/wp\/v2\/pages"}],"about":[{"href":"https:\/\/fitting-cometa.hu\/en\/wp-json\/wp\/v2\/types\/page"}],"author":[{"embeddable":true,"href":"https:\/\/fitting-cometa.hu\/en\/wp-json\/wp\/v2\/users\/1"}],"replies":[{"embeddable":true,"href":"https:\/\/fitting-cometa.hu\/en\/wp-json\/wp\/v2\/comments?post=3878"}],"version-history":[{"count":20,"href":"https:\/\/fitting-cometa.hu\/en\/wp-json\/wp\/v2\/pages\/3878\/revisions"}],"predecessor-version":[{"id":4340,"href":"https:\/\/fitting-cometa.hu\/en\/wp-json\/wp\/v2\/pages\/3878\/revisions\/4340"}],"wp:attachment":[{"href":"https:\/\/fitting-cometa.hu\/en\/wp-json\/wp\/v2\/media?parent=3878"}],"curies":[{"name":"wp","href":"https:\/\/api.w.org\/{rel}","templated":true}]}}