{"id":3876,"date":"2026-02-01T17:39:52","date_gmt":"2026-02-01T16:39:52","guid":{"rendered":"https:\/\/fitting-cometa.hu\/?page_id=3876"},"modified":"2026-02-11T11:44:24","modified_gmt":"2026-02-11T10:44:24","slug":"egyedi-kovacsolt-karima-kovacsolt-karima","status":"publish","type":"page","link":"https:\/\/fitting-cometa.hu\/en\/egyedi-kovacsolt-karima-kovacsolt-karima\/","title":{"rendered":"Unique forged flange"},"content":{"rendered":"<section class=\"section\" id=\"section_1500589702\">\n\t\t<div class=\"bg section-bg fill bg-fill\" >\n\n\t\t\t\n\t\t\t\n\t\t\t\n\n\t\t<\/div>\n\n\t\t\n\n\t\t<div class=\"section-content relative\">\n\t\t\t\n\n<div class=\"row align-center\"  id=\"row-579218353\">\n\n\n\t<div id=\"col-681529891\" class=\"col medium-12 small-12 large-10\"  >\n\t\t\t\t<div class=\"col-inner text-center\"  >\n\t\t\t\n\t\t\t\n\n\t<div id=\"text-1681627745\" class=\"text\">\n\t\t\n\n<h1>Unique forged flanges<\/h1>\n\t\t\n<style>\n#text-1681627745 {\n  font-size: 2.1rem;\n  color: rgb(212, 212, 212);\n}\n#text-1681627745 > * {\n  color: rgb(212, 212, 212);\n}\n@media (min-width:550px) {\n  #text-1681627745 {\n    font-size: 2.75rem;\n  }\n}\n<\/style>\n\t<\/div>\n\t\n\n\t\t<\/div>\n\t\t\t\t\n<style>\n#col-681529891 > .col-inner {\n  margin: 60px 0px 0px 0px;\n}\n<\/style>\n\t<\/div>\n\n\t\n\n\t<div id=\"col-1395164965\" class=\"col medium-10 small-12 large-7\"  >\n\t\t\t\t<div class=\"col-inner\"  >\n\t\t\t\n\t\t\t\n\n\t<div id=\"text-3927451488\" class=\"text\">\n\t\t\n\n<p style=\"text-align: center;\">We undertake the production from the procurement of raw materials to the final processing.<\/p>\n<p style=\"text-align: center;\">Over the past 30 years, we have delivered countless custom forged flanges to the oil, gas, chemical, and nuclear power industries.<\/p>\n\t\t\n<style>\n#text-3927451488 {\n  font-size: 0.8rem;\n  color: rgb(222, 222, 222);\n}\n#text-3927451488 > * {\n  color: rgb(222, 222, 222);\n}\n@media (min-width:550px) {\n  #text-3927451488 {\n    font-size: 1.4rem;\n  }\n}\n<\/style>\n\t<\/div>\n\t\n\n\t\t<\/div>\n\t\t\t\t\t<\/div>\n\n\t\n\n<\/div>\n\n\t\t<\/div>\n\n\t\t\n<style>\n#section_1500589702 {\n  padding-top: 30px;\n  padding-bottom: 30px;\n}\n#section_1500589702 .section-bg.bg-loaded {\n  background-image: url(https:\/\/fitting-cometa.hu\/wp-content\/uploads\/2026\/02\/egydi_kov_oldalhatter-scaled.jpg);\n}\n<\/style>\n\t<\/section>\n\t\n\t<section class=\"section\" id=\"section_272690568\">\n\t\t<div class=\"bg section-bg fill bg-fill  bg-loaded\" >\n\n\t\t\t\n\t\t\t\n\t\t\t\n\n\t\t<\/div>\n\n\t\t\n\n\t\t<div class=\"section-content relative\">\n\t\t\t\n\n<div class=\"text-center\"><div class=\"is-divider divider clearfix\" style=\"max-width:45vw;height:5px;background-color:rgb(212, 212, 212);\"><\/div><\/div>\n\n<div class=\"row\"  id=\"row-66872142\">\n\n\n\t<div id=\"col-920669101\" class=\"col small-12 large-12\"  >\n\t\t\t\t<div class=\"col-inner\"  >\n\t\t\t\n\t\t\t\n\n\t<div id=\"text-1875877805\" class=\"text\">\n\t\t\n\n<h2>Detailed information<\/h2>\n\t\t\n<style>\n#text-1875877805 {\n  font-size: 2.1rem;\n  text-align: center;\n  color: rgb(212, 212, 212);\n}\n#text-1875877805 > * {\n  color: rgb(212, 212, 212);\n}\n<\/style>\n\t<\/div>\n\t\n\n\t\t<\/div>\n\t\t\t\t\t<\/div>\n\n\t\n\n<\/div>\n<div class=\"row align-center\"  id=\"row-825993411\">\n\n\n\t<div id=\"col-1816930921\" class=\"col medium-8 small-12 large-8\"  >\n\t\t\t\t<div class=\"col-inner\"  >\n\t\t\t\n\t\t\t\n\n\t<div id=\"text-4037665060\" class=\"text\">\n\t\t\n\n<ul>\n<li><strong>Dimensions:<\/strong> up to a maximum diameter of 2500mm, with fully customized wall thickness and hole layout.<\/li>\n<li><strong>Good for what?<\/strong> For chemical piping, energy systems, custom engineering solutions and high pressure tank sealing.<\/li>\n<li><strong>Why is it good?<\/strong> Thanks to the forging technology, the material structure will be dense and have a controlled grain structure. This provides much higher tensile strength and fatigue resistance than conventional cast or cut parts.<\/li>\n<li><strong>Extra:<\/strong> Available in special alloys, heat treated and finished.<\/li>\n<\/ul>\n\t\t\n<style>\n#text-4037665060 {\n  font-size: 0.8rem;\n  color: rgb(212, 212, 212);\n}\n#text-4037665060 > * {\n  color: rgb(212, 212, 212);\n}\n@media (min-width:550px) {\n  #text-4037665060 {\n    font-size: 1.2rem;\n  }\n}\n<\/style>\n\t<\/div>\n\t\n\n\t\t<\/div>\n\t\t\t\t\t<\/div>\n\n\t\n\n<\/div>\n\t<div id=\"text-1731440404\" class=\"text\">\n\t\t\n\n<p>Inquiry: <a href=\"mailto:albrecht.fiai@albrecht.hu\">albrecht.fiai@albrecht.hu<\/a><\/p>\n\t\t\n<style>\n#text-1731440404 {\n  font-size: 1.35rem;\n  text-align: center;\n  color: rgb(212, 212, 212);\n}\n#text-1731440404 > * {\n  color: rgb(212, 212, 212);\n}\n<\/style>\n\t<\/div>\n\t\n\n\t\t<\/div>\n\n\t\t\n<style>\n#section_272690568 {\n  padding-top: 30px;\n  padding-bottom: 30px;\n  background-color: rgb(64, 114, 89);\n}\n<\/style>\n\t<\/section>\n\t\n\t<section class=\"section\" id=\"section_729273134\">\n\t\t<div class=\"bg section-bg fill bg-fill  bg-loaded\" >\n\n\t\t\t\n\t\t\t\n\t\t\t\n\n\t\t<\/div>\n\n\t\t\n\n\t\t<div class=\"section-content relative\">\n\t\t\t\n\n<div class=\"row align-center\"  id=\"row-285434057\">\n\n\n\t<div id=\"col-1947657906\" class=\"col medium-4 small-12 large-4\"  >\n\t\t\t\t<div class=\"col-inner text-center\"  >\n\t\t\t\n\t\t\t\n\n\t<div id=\"text-3517354417\" class=\"text\">\n\t\t\n\n<p>\u260f Phone: +36 46 502 070<\/p>\n<p>\u2706 Mobile: +36 20 404 6006<\/p>\n\t\t\n<style>\n#text-3517354417 {\n  font-size: 1.45rem;\n  color: rgb(215, 215, 215);\n}\n#text-3517354417 > * {\n  color: rgb(215, 215, 215);\n}\n<\/style>\n\t<\/div>\n\t\n\n\t\t<\/div>\n\t\t\t\t\t<\/div>\n\n\t\n\n\t<div id=\"col-566459749\" class=\"col medium-4 small-12 large-4\"  >\n\t\t\t\t<div class=\"col-inner text-center\"  >\n\t\t\t\n\t\t\t\n\n\t<div id=\"text-852146543\" class=\"text\">\n\t\t\n\n<p>Address: 3526 Miskolc, Rep\u00fcl\u0151t\u00e9ri \u00fat 9\/b.<\/p>\n\t\t\n<style>\n#text-852146543 {\n  font-size: 1.3rem;\n  color: rgb(212, 212, 212);\n}\n#text-852146543 > * {\n  color: rgb(212, 212, 212);\n}\n<\/style>\n\t<\/div>\n\t\n\n\t\t<\/div>\n\t\t\t\t\t<\/div>\n\n\t\n\n<\/div>\n\n\t\t<\/div>\n\n\t\t\n<style>\n#section_729273134 {\n  padding-top: 30px;\n  padding-bottom: 30px;\n  background-color: rgb(64, 114, 89);\n}\n<\/style>\n\t<\/section>","protected":false},"excerpt":{"rendered":"","protected":false},"author":1,"featured_media":0,"parent":0,"menu_order":0,"comment_status":"closed","ping_status":"closed","template":"page-single-page-nav-transparent.php","meta":{"footnotes":""},"class_list":["post-3876","page","type-page","status-publish","hentry"],"yoast_head":"<!-- This site is optimized with the Yoast SEO plugin v27.0 - https:\/\/yoast.com\/product\/yoast-seo-wordpress\/ -->\n<title>Egyedi kov\u00e1csolt karima - Karima, Cs\u0151\u00edv, T-idom, Sz\u0171k\u00edt\u0151, Ed\u00e9nyfen\u00e9k | Cometa Kft.<\/title>\n<meta name=\"description\" content=\"Egyedi kov\u00e1csolt karima. maximum \u00d8 2500mm \u00e1tm\u00e9r\u0151ig, teljesen egyedi falvastags\u00e1ggal \u00e9s furatkioszt\u00e1ssal. Sz\u00e9nac\u00e9l \u00e9s rozsdamentes kivitelben.\" \/>\n<meta name=\"robots\" content=\"index, follow, max-snippet:-1, max-image-preview:large, max-video-preview:-1\" \/>\n<link rel=\"canonical\" href=\"https:\/\/fitting-cometa.hu\/en\/egyedi-kovacsolt-karima-kovacsolt-karima\/\" \/>\n<meta property=\"og:locale\" content=\"en_GB\" \/>\n<meta property=\"og:type\" content=\"article\" \/>\n<meta property=\"og:title\" content=\"Egyedi kov\u00e1csolt karima - Karima, Cs\u0151\u00edv, T-idom, Sz\u0171k\u00edt\u0151, Ed\u00e9nyfen\u00e9k | Cometa Kft.\" \/>\n<meta property=\"og:description\" content=\"Egyedi kov\u00e1csolt karima. maximum \u00d8 2500mm \u00e1tm\u00e9r\u0151ig, teljesen egyedi falvastags\u00e1ggal \u00e9s furatkioszt\u00e1ssal. Sz\u00e9nac\u00e9l \u00e9s rozsdamentes kivitelben.\" \/>\n<meta property=\"og:url\" content=\"https:\/\/fitting-cometa.hu\/en\/egyedi-kovacsolt-karima-kovacsolt-karima\/\" \/>\n<meta property=\"og:site_name\" content=\"Karima, Cs\u0151\u00edv, T-idom, Sz\u0171k\u00edt\u0151, Ed\u00e9nyfen\u00e9k | Cometa Kft.\" \/>\n<meta property=\"article:publisher\" content=\"https:\/\/www.facebook.com\/Albrecht.Cometa\/\" \/>\n<meta property=\"article:modified_time\" content=\"2026-02-11T10:44:24+00:00\" \/>\n<meta property=\"og:image\" content=\"https:\/\/fitting-cometa.hu\/wp-content\/uploads\/2026\/02\/logo.png\" \/>\n\t<meta property=\"og:image:width\" content=\"600\" \/>\n\t<meta property=\"og:image:height\" content=\"450\" \/>\n\t<meta property=\"og:image:type\" content=\"image\/png\" \/>\n<meta name=\"twitter:card\" content=\"summary_large_image\" \/>\n<script type=\"application\/ld+json\" class=\"yoast-schema-graph\">{\"@context\":\"https:\/\/schema.org\",\"@graph\":[{\"@type\":\"WebPage\",\"@id\":\"https:\/\/fitting-cometa.hu\/egyedi-kovacsolt-karima-kovacsolt-karima\/\",\"url\":\"https:\/\/fitting-cometa.hu\/egyedi-kovacsolt-karima-kovacsolt-karima\/\",\"name\":\"Egyedi kov\u00e1csolt karima - Karima, Cs\u0151\u00edv, T-idom, Sz\u0171k\u00edt\u0151, Ed\u00e9nyfen\u00e9k | Cometa Kft.\",\"isPartOf\":{\"@id\":\"https:\/\/fitting-cometa.hu\/#website\"},\"datePublished\":\"2026-02-01T16:39:52+00:00\",\"dateModified\":\"2026-02-11T10:44:24+00:00\",\"description\":\"Egyedi kov\u00e1csolt karima. maximum \u00d8 2500mm \u00e1tm\u00e9r\u0151ig, teljesen egyedi falvastags\u00e1ggal \u00e9s furatkioszt\u00e1ssal. Sz\u00e9nac\u00e9l \u00e9s rozsdamentes kivitelben.\",\"breadcrumb\":{\"@id\":\"https:\/\/fitting-cometa.hu\/egyedi-kovacsolt-karima-kovacsolt-karima\/#breadcrumb\"},\"inLanguage\":\"en-GB\",\"potentialAction\":[{\"@type\":\"ReadAction\",\"target\":[\"https:\/\/fitting-cometa.hu\/egyedi-kovacsolt-karima-kovacsolt-karima\/\"]}]},{\"@type\":\"BreadcrumbList\",\"@id\":\"https:\/\/fitting-cometa.hu\/egyedi-kovacsolt-karima-kovacsolt-karima\/#breadcrumb\",\"itemListElement\":[{\"@type\":\"ListItem\",\"position\":1,\"name\":\"Kezd\u0151lap\",\"item\":\"https:\/\/fitting-cometa.hu\/\"},{\"@type\":\"ListItem\",\"position\":2,\"name\":\"Egyedi kov\u00e1csolt karima\"}]},{\"@type\":\"WebSite\",\"@id\":\"https:\/\/fitting-cometa.hu\/#website\",\"url\":\"https:\/\/fitting-cometa.hu\/\",\"name\":\"Fitting-cometa\",\"description\":\"Sz\u00e9nac\u00e9l \u00e9s rozsdamentes term\u00e9kek\",\"publisher\":{\"@id\":\"https:\/\/fitting-cometa.hu\/#organization\"},\"potentialAction\":[{\"@type\":\"SearchAction\",\"target\":{\"@type\":\"EntryPoint\",\"urlTemplate\":\"https:\/\/fitting-cometa.hu\/?s={search_term_string}\"},\"query-input\":{\"@type\":\"PropertyValueSpecification\",\"valueRequired\":true,\"valueName\":\"search_term_string\"}}],\"inLanguage\":\"en-GB\"},{\"@type\":\"Organization\",\"@id\":\"https:\/\/fitting-cometa.hu\/#organization\",\"name\":\"Fitting-cometa\",\"url\":\"https:\/\/fitting-cometa.hu\/\",\"logo\":{\"@type\":\"ImageObject\",\"inLanguage\":\"en-GB\",\"@id\":\"https:\/\/fitting-cometa.hu\/#\/schema\/logo\/image\/\",\"url\":\"https:\/\/fitting-cometa.hu\/wp-content\/uploads\/2026\/02\/logo.png\",\"contentUrl\":\"https:\/\/fitting-cometa.hu\/wp-content\/uploads\/2026\/02\/logo.png\",\"width\":600,\"height\":450,\"caption\":\"Fitting-cometa\"},\"image\":{\"@id\":\"https:\/\/fitting-cometa.hu\/#\/schema\/logo\/image\/\"},\"sameAs\":[\"https:\/\/www.facebook.com\/Albrecht.Cometa\/\",\"https:\/\/www.linkedin.com\/company\/albrecht-s-fiai-kft\/\",\"https:\/\/hu.linkedin.com\/in\/krisztin-albrecht-17b47a3a5\/en\"]}]}<\/script>\n<!-- \/ Yoast SEO plugin. -->","yoast_head_json":{"title":"Egyedi kov\u00e1csolt karima - Karima, Cs\u0151\u00edv, T-idom, Sz\u0171k\u00edt\u0151, Ed\u00e9nyfen\u00e9k | Cometa Kft.","description":"Egyedi kov\u00e1csolt karima. maximum \u00d8 2500mm \u00e1tm\u00e9r\u0151ig, teljesen egyedi falvastags\u00e1ggal \u00e9s furatkioszt\u00e1ssal. Sz\u00e9nac\u00e9l \u00e9s rozsdamentes kivitelben.","robots":{"index":"index","follow":"follow","max-snippet":"max-snippet:-1","max-image-preview":"max-image-preview:large","max-video-preview":"max-video-preview:-1"},"canonical":"https:\/\/fitting-cometa.hu\/en\/egyedi-kovacsolt-karima-kovacsolt-karima\/","og_locale":"en_GB","og_type":"article","og_title":"Egyedi kov\u00e1csolt karima - Karima, Cs\u0151\u00edv, T-idom, Sz\u0171k\u00edt\u0151, Ed\u00e9nyfen\u00e9k | Cometa Kft.","og_description":"Egyedi kov\u00e1csolt karima. maximum \u00d8 2500mm \u00e1tm\u00e9r\u0151ig, teljesen egyedi falvastags\u00e1ggal \u00e9s furatkioszt\u00e1ssal. Sz\u00e9nac\u00e9l \u00e9s rozsdamentes kivitelben.","og_url":"https:\/\/fitting-cometa.hu\/en\/egyedi-kovacsolt-karima-kovacsolt-karima\/","og_site_name":"Karima, Cs\u0151\u00edv, T-idom, Sz\u0171k\u00edt\u0151, Ed\u00e9nyfen\u00e9k | Cometa Kft.","article_publisher":"https:\/\/www.facebook.com\/Albrecht.Cometa\/","article_modified_time":"2026-02-11T10:44:24+00:00","og_image":[{"width":600,"height":450,"url":"https:\/\/fitting-cometa.hu\/wp-content\/uploads\/2026\/02\/logo.png","type":"image\/png"}],"twitter_card":"summary_large_image","schema":{"@context":"https:\/\/schema.org","@graph":[{"@type":"WebPage","@id":"https:\/\/fitting-cometa.hu\/egyedi-kovacsolt-karima-kovacsolt-karima\/","url":"https:\/\/fitting-cometa.hu\/egyedi-kovacsolt-karima-kovacsolt-karima\/","name":"Egyedi kov\u00e1csolt karima - Karima, Cs\u0151\u00edv, T-idom, Sz\u0171k\u00edt\u0151, Ed\u00e9nyfen\u00e9k | Cometa Kft.","isPartOf":{"@id":"https:\/\/fitting-cometa.hu\/#website"},"datePublished":"2026-02-01T16:39:52+00:00","dateModified":"2026-02-11T10:44:24+00:00","description":"Egyedi kov\u00e1csolt karima. maximum \u00d8 2500mm \u00e1tm\u00e9r\u0151ig, teljesen egyedi falvastags\u00e1ggal \u00e9s furatkioszt\u00e1ssal. Sz\u00e9nac\u00e9l \u00e9s rozsdamentes kivitelben.","breadcrumb":{"@id":"https:\/\/fitting-cometa.hu\/egyedi-kovacsolt-karima-kovacsolt-karima\/#breadcrumb"},"inLanguage":"en-GB","potentialAction":[{"@type":"ReadAction","target":["https:\/\/fitting-cometa.hu\/egyedi-kovacsolt-karima-kovacsolt-karima\/"]}]},{"@type":"BreadcrumbList","@id":"https:\/\/fitting-cometa.hu\/egyedi-kovacsolt-karima-kovacsolt-karima\/#breadcrumb","itemListElement":[{"@type":"ListItem","position":1,"name":"Kezd\u0151lap","item":"https:\/\/fitting-cometa.hu\/"},{"@type":"ListItem","position":2,"name":"Egyedi kov\u00e1csolt karima"}]},{"@type":"WebSite","@id":"https:\/\/fitting-cometa.hu\/#website","url":"https:\/\/fitting-cometa.hu\/","name":"Fitting-cometa","description":"Sz\u00e9nac\u00e9l \u00e9s rozsdamentes term\u00e9kek","publisher":{"@id":"https:\/\/fitting-cometa.hu\/#organization"},"potentialAction":[{"@type":"SearchAction","target":{"@type":"EntryPoint","urlTemplate":"https:\/\/fitting-cometa.hu\/?s={search_term_string}"},"query-input":{"@type":"PropertyValueSpecification","valueRequired":true,"valueName":"search_term_string"}}],"inLanguage":"en-GB"},{"@type":"Organization","@id":"https:\/\/fitting-cometa.hu\/#organization","name":"Fitting-cometa","url":"https:\/\/fitting-cometa.hu\/","logo":{"@type":"ImageObject","inLanguage":"en-GB","@id":"https:\/\/fitting-cometa.hu\/#\/schema\/logo\/image\/","url":"https:\/\/fitting-cometa.hu\/wp-content\/uploads\/2026\/02\/logo.png","contentUrl":"https:\/\/fitting-cometa.hu\/wp-content\/uploads\/2026\/02\/logo.png","width":600,"height":450,"caption":"Fitting-cometa"},"image":{"@id":"https:\/\/fitting-cometa.hu\/#\/schema\/logo\/image\/"},"sameAs":["https:\/\/www.facebook.com\/Albrecht.Cometa\/","https:\/\/www.linkedin.com\/company\/albrecht-s-fiai-kft\/","https:\/\/hu.linkedin.com\/in\/krisztin-albrecht-17b47a3a5\/en"]}]}},"_links":{"self":[{"href":"https:\/\/fitting-cometa.hu\/en\/wp-json\/wp\/v2\/pages\/3876","targetHints":{"allow":["GET"]}}],"collection":[{"href":"https:\/\/fitting-cometa.hu\/en\/wp-json\/wp\/v2\/pages"}],"about":[{"href":"https:\/\/fitting-cometa.hu\/en\/wp-json\/wp\/v2\/types\/page"}],"author":[{"embeddable":true,"href":"https:\/\/fitting-cometa.hu\/en\/wp-json\/wp\/v2\/users\/1"}],"replies":[{"embeddable":true,"href":"https:\/\/fitting-cometa.hu\/en\/wp-json\/wp\/v2\/comments?post=3876"}],"version-history":[{"count":11,"href":"https:\/\/fitting-cometa.hu\/en\/wp-json\/wp\/v2\/pages\/3876\/revisions"}],"predecessor-version":[{"id":4339,"href":"https:\/\/fitting-cometa.hu\/en\/wp-json\/wp\/v2\/pages\/3876\/revisions\/4339"}],"wp:attachment":[{"href":"https:\/\/fitting-cometa.hu\/en\/wp-json\/wp\/v2\/media?parent=3876"}],"curies":[{"name":"wp","href":"https:\/\/api.w.org\/{rel}","templated":true}]}}