{"id":3820,"date":"2026-01-30T17:23:58","date_gmt":"2026-01-30T16:23:58","guid":{"rendered":"https:\/\/fitting-cometa.hu\/?page_id=3820"},"modified":"2026-02-11T11:43:55","modified_gmt":"2026-02-11T10:43:55","slug":"edenyfenek","status":"publish","type":"page","link":"https:\/\/fitting-cometa.hu\/en\/edenyfenek\/","title":{"rendered":"CAP"},"content":{"rendered":"<section class=\"section\" id=\"section_1338037146\">\n\t\t<div class=\"bg section-bg fill bg-fill\" >\n\n\t\t\t\n\t\t\t\n\t\t\t\n\n\t\t<\/div>\n\n\t\t\n\n\t\t<div class=\"section-content relative\">\n\t\t\t\n\n<div class=\"row align-center\"  id=\"row-1687110570\">\n\n\n\t<div id=\"col-882269232\" class=\"col medium-12 small-12 large-10\"  >\n\t\t\t\t<div class=\"col-inner text-center\"  >\n\t\t\t\n\t\t\t\n\n\t<div id=\"text-3426177539\" class=\"text\">\n\t\t\n\n<div>CAP<\/div>\n\t\t\n<style>\n#text-3426177539 {\n  font-size: 2.1rem;\n  color: rgb(212, 212, 212);\n}\n#text-3426177539 > * {\n  color: rgb(212, 212, 212);\n}\n@media (min-width:550px) {\n  #text-3426177539 {\n    font-size: 3.95rem;\n  }\n}\n<\/style>\n\t<\/div>\n\t\n\t<div id=\"text-807965177\" class=\"text\">\n\t\t\n\n<h3>shallow convex\/deep convex<\/h3>\n\t\t\n<style>\n#text-807965177 {\n  font-size: 1.15rem;\n  color: rgb(222, 222, 222);\n}\n#text-807965177 > * {\n  color: rgb(222, 222, 222);\n}\n@media (min-width:550px) {\n  #text-807965177 {\n    font-size: 1.65rem;\n  }\n}\n<\/style>\n\t<\/div>\n\t\n\n\t\t<\/div>\n\t\t\t\t\n<style>\n#col-882269232 > .col-inner {\n  margin: 60px 0px 0px 0px;\n}\n<\/style>\n\t<\/div>\n\n\t\n\n\t<div id=\"col-236008404\" class=\"col medium-10 small-12 large-7\"  >\n\t\t\t\t<div class=\"col-inner\"  >\n\t\t\t\n\t\t\t\n\n\t<div id=\"text-1445691726\" class=\"text\">\n\t\t\n\n<p style=\"text-align: center;\">The Cometa Kft. has been present on the domestic and European market for more than 30 years.<\/p>\n<p style=\"text-align: center;\">High quality carbon steel and stainless steel vessel bottoms, also in turned design.<\/p>\n<p style=\"text-align: center;\">Carbon steel and stainless steel stock based on standard. ANSI\/EN\/DIN. Custom sizes up to \u00d8 2500.<\/p>\n<p style=\"text-align: center;\">Our price list includes the most standard sizes and qualities, other sizes\/material qualities\/wall thickness\/certificate\/unique requests are welcome.<\/p>\n\t\t\n<style>\n#text-1445691726 {\n  font-size: 0.8rem;\n  color: rgb(222, 222, 222);\n}\n#text-1445691726 > * {\n  color: rgb(222, 222, 222);\n}\n@media (min-width:550px) {\n  #text-1445691726 {\n    font-size: 1.4rem;\n  }\n}\n<\/style>\n\t<\/div>\n\t\n\n\t\t<\/div>\n\t\t\t\t\t<\/div>\n\n\t\n\n<\/div>\n\n\t\t<\/div>\n\n\t\t\n<style>\n#section_1338037146 {\n  padding-top: 30px;\n  padding-bottom: 30px;\n}\n#section_1338037146 .section-bg.bg-loaded {\n  background-image: url(https:\/\/fitting-cometa.hu\/wp-content\/uploads\/2026\/02\/edenyfenek-oldal-hater-e1770572952155.jpg);\n}\n<\/style>\n\t<\/section>\n\t\n\t<section class=\"section\" id=\"section_1785453645\">\n\t\t<div class=\"bg section-bg fill bg-fill  bg-loaded\" >\n\n\t\t\t\n\t\t\t\n\t\t\t\n\n\t\t<\/div>\n\n\t\t\n\n\t\t<div class=\"section-content relative\">\n\t\t\t\n\n<div class=\"text-center\"><div class=\"is-divider divider clearfix\" style=\"max-width:45vw;height:5px;background-color:rgb(212, 212, 212);\"><\/div><\/div>\n\n<div class=\"row\"  id=\"row-529844247\">\n\n\n\t<div id=\"col-1880801087\" class=\"col small-12 large-12\"  >\n\t\t\t\t<div class=\"col-inner\"  >\n\t\t\t\n\t\t\t\n\n\t<div id=\"text-667737686\" class=\"text\">\n\t\t\n\n<h2>Price list<\/h2>\n\t\t\n<style>\n#text-667737686 {\n  font-size: 2.1rem;\n  text-align: center;\n  color: rgb(212, 212, 212);\n}\n#text-667737686 > * {\n  color: rgb(212, 212, 212);\n}\n<\/style>\n\t<\/div>\n\t\n\n\t\t<\/div>\n\t\t\t\t\t<\/div>\n\n\t\n\n<\/div>\n<div class=\"row align-center\"  id=\"row-288964982\">\n\n\n\t<div id=\"col-949181475\" class=\"col medium-3 small-6 large-3\"  >\n\t\t\t\t<div class=\"col-inner\"  >\n\t\t\t\n\t<div class=\"is-border\"\n\t\tstyle=\"border-color:rgb(212, 212, 212);border-radius:12px;border-width:1px 1px 1px 1px;margin:1px 1px 1px 1px;\">\n\t<\/div>\n\t\t\t\n\n<div class=\"row\"  id=\"row-1268795145\">\n\n\n\t<div id=\"col-726917783\" class=\"col small-12 large-12\"  >\n\t\t\t\t<div class=\"col-inner text-center\"  >\n\t\t\t\n\t\t\t\n\n\t<div id=\"text-2222742079\" class=\"text\">\n\t\t\n\n<h2>Stainless steel cap price list<\/h2>\n\t\t\n<style>\n#text-2222742079 {\n  font-size: 1.4rem;\n  text-align: center;\n  color: rgb(212, 212, 212);\n}\n#text-2222742079 > * {\n  color: rgb(212, 212, 212);\n}\n<\/style>\n\t<\/div>\n\t\n\n\t\t<\/div>\n\t\t\t\t\t<\/div>\n\n\t\n\n\t<div id=\"col-287015332\" class=\"col small-12 large-12\"  >\n\t\t\t\t<div class=\"col-inner text-center dark\"  >\n\t\t\t\n\t\t\t\n\n<a href=\"https:\/\/fitting-cometa.hu\/wp-content\/uploads\/2026\/02\/edenyfenek-sav-vizjeles.pdf\" target=\"_self\" class=\"button white is-outline\"  style=\"border-radius:10px;\">\n    <span>Download from<\/span>\n  <\/a>\n\n\n\n\t\t<\/div>\n\t\t\t\t\t<\/div>\n\n\t\n\n<\/div>\n\n\t\t<\/div>\n\t\t\t\t\t<\/div>\n\n\t\n\n\t<div id=\"col-340425633\" class=\"col medium-3 small-6 large-3\"  >\n\t\t\t\t<div class=\"col-inner\"  >\n\t\t\t\n\t<div class=\"is-border\"\n\t\tstyle=\"border-color:rgb(212, 212, 212);border-radius:12px;border-width:1px 1px 1px 1px;margin:1px 1px 1px 1px;\">\n\t<\/div>\n\t\t\t\n\n<div class=\"row\"  id=\"row-1673584114\">\n\n\n\t<div id=\"col-1607472819\" class=\"col small-12 large-12\"  >\n\t\t\t\t<div class=\"col-inner text-center\"  >\n\t\t\t\n\t\t\t\n\n\t<div id=\"text-2265529395\" class=\"text rgb(212, 212, 212)\">\n\t\t\n\n<h2>Carbon steel cap price list<\/h2>\n\t\t\n<style>\n#text-2265529395 {\n  font-size: 1.4rem;\n  text-align: center;\n  color: rgb(212, 212, 212);\n}\n#text-2265529395 > * {\n  color: rgb(212, 212, 212);\n}\n<\/style>\n\t<\/div>\n\t\n\n\t\t<\/div>\n\t\t\t\t\t<\/div>\n\n\t\n\n\t<div id=\"col-1071484587\" class=\"col small-12 large-12\"  >\n\t\t\t\t<div class=\"col-inner text-center dark\"  >\n\t\t\t\n\t\t\t\n\n<a href=\"https:\/\/fitting-cometa.hu\/wp-content\/uploads\/2026\/02\/edenyfenek-szen-vizjeles.pdf\" target=\"_self\" class=\"button white is-outline\"  style=\"border-radius:10px;\">\n    <span>Download from<\/span>\n  <\/a>\n\n\n\n\t\t<\/div>\n\t\t\t\t\t<\/div>\n\n\t\n\n<\/div>\n\n\t\t<\/div>\n\t\t\t\t\t<\/div>\n\n\t\n\n<\/div>\n\n\t\t<\/div>\n\n\t\t\n<style>\n#section_1785453645 {\n  padding-top: 30px;\n  padding-bottom: 30px;\n  background-color: rgb(64, 114, 89);\n}\n<\/style>\n\t<\/section>\n\t\n\t<section class=\"section\" id=\"section_1810821075\">\n\t\t<div class=\"bg section-bg fill bg-fill  bg-loaded\" >\n\n\t\t\t\n\t\t\t\n\t\t\t\n\n\t\t<\/div>\n\n\t\t\n\n\t\t<div class=\"section-content relative\">\n\t\t\t\n\n<div class=\"row\"  id=\"row-1922959318\">\n\n\n\t<div id=\"col-866033643\" class=\"col medium-4 small-12 large-4\"  >\n\t\t\t\t<div class=\"col-inner text-center\"  >\n\t\t\t\n\t\t\t\n\n\t<div id=\"text-868444917\" class=\"text\">\n\t\t\n\n<p>Email: albrecht.fiai@albrecht.hu<\/p>\n<p>cometa@albrecht.hu<\/p>\n\t\t\n<style>\n#text-868444917 {\n  font-size: 1.35rem;\n  color: rgb(212, 212, 212);\n}\n#text-868444917 > * {\n  color: rgb(212, 212, 212);\n}\n<\/style>\n\t<\/div>\n\t\n\n\t\t<\/div>\n\t\t\t\t\t<\/div>\n\n\t\n\n\t<div id=\"col-42659224\" class=\"col medium-4 small-12 large-4\"  >\n\t\t\t\t<div class=\"col-inner text-center\"  >\n\t\t\t\n\t\t\t\n\n\t<div id=\"text-378887264\" class=\"text\">\n\t\t\n\n<p>\u260f Phone: +36 46 502 070<\/p>\n<p>\u2706 Mobile: +36 20 404 6006<\/p>\n\t\t\n<style>\n#text-378887264 {\n  font-size: 1.45rem;\n  color: rgb(215, 215, 215);\n}\n#text-378887264 > * {\n  color: rgb(215, 215, 215);\n}\n<\/style>\n\t<\/div>\n\t\n\n\t\t<\/div>\n\t\t\t\t\t<\/div>\n\n\t\n\n\t<div id=\"col-184831268\" class=\"col medium-4 small-12 large-4\"  >\n\t\t\t\t<div class=\"col-inner text-center\"  >\n\t\t\t\n\t\t\t\n\n\t<div id=\"text-3250042577\" class=\"text\">\n\t\t\n\n<p>Address: 3526 Miskolc, Rep\u00fcl\u0151t\u00e9ri \u00fat 9\/b.<\/p>\n\t\t\n<style>\n#text-3250042577 {\n  font-size: 1.3rem;\n  color: rgb(212, 212, 212);\n}\n#text-3250042577 > * {\n  color: rgb(212, 212, 212);\n}\n<\/style>\n\t<\/div>\n\t\n\n\t\t<\/div>\n\t\t\t\t\t<\/div>\n\n\t\n\n<\/div>\n\n\t\t<\/div>\n\n\t\t\n<style>\n#section_1810821075 {\n  padding-top: 30px;\n  padding-bottom: 30px;\n  background-color: rgb(64, 114, 89);\n}\n<\/style>\n\t<\/section>","protected":false},"excerpt":{"rendered":"","protected":false},"author":1,"featured_media":0,"parent":0,"menu_order":0,"comment_status":"closed","ping_status":"closed","template":"page-single-page-nav-transparent.php","meta":{"footnotes":""},"class_list":["post-3820","page","type-page","status-publish","hentry"],"yoast_head":"<!-- This site is optimized with the Yoast SEO plugin v27.0 - https:\/\/yoast.com\/product\/yoast-seo-wordpress\/ -->\n<title>Ed\u00e9nyfen\u00e9k - Karima, Cs\u0151\u00edv, T-idom, Sz\u0171k\u00edt\u0151, Ed\u00e9nyfen\u00e9k | Cometa Kft.<\/title>\n<meta name=\"description\" content=\"Sz\u00e9nac\u00e9l \u00e9s rozsdamentes rakt\u00e1rk\u00e9szlet szabv\u00e1ny alapj\u00e1n. ANSI\/EN\/DIN. Egyedi m\u00e9retben \u00d8 2500-ig.\" \/>\n<meta name=\"robots\" content=\"index, follow, max-snippet:-1, max-image-preview:large, max-video-preview:-1\" \/>\n<link rel=\"canonical\" href=\"https:\/\/fitting-cometa.hu\/en\/edenyfenek\/\" \/>\n<meta property=\"og:locale\" content=\"en_GB\" \/>\n<meta property=\"og:type\" content=\"article\" \/>\n<meta property=\"og:title\" content=\"Ed\u00e9nyfen\u00e9k - Karima, Cs\u0151\u00edv, T-idom, Sz\u0171k\u00edt\u0151, Ed\u00e9nyfen\u00e9k | Cometa Kft.\" \/>\n<meta property=\"og:description\" content=\"Sz\u00e9nac\u00e9l \u00e9s rozsdamentes rakt\u00e1rk\u00e9szlet szabv\u00e1ny alapj\u00e1n. ANSI\/EN\/DIN. Egyedi m\u00e9retben \u00d8 2500-ig.\" \/>\n<meta property=\"og:url\" content=\"https:\/\/fitting-cometa.hu\/en\/edenyfenek\/\" \/>\n<meta property=\"og:site_name\" content=\"Karima, Cs\u0151\u00edv, T-idom, Sz\u0171k\u00edt\u0151, Ed\u00e9nyfen\u00e9k | Cometa Kft.\" \/>\n<meta property=\"article:publisher\" content=\"https:\/\/www.facebook.com\/Albrecht.Cometa\/\" \/>\n<meta property=\"article:modified_time\" content=\"2026-02-11T10:43:55+00:00\" \/>\n<meta property=\"og:image\" content=\"https:\/\/fitting-cometa.hu\/wp-content\/uploads\/2026\/02\/logo.png\" \/>\n\t<meta property=\"og:image:width\" content=\"600\" \/>\n\t<meta property=\"og:image:height\" content=\"450\" \/>\n\t<meta property=\"og:image:type\" content=\"image\/png\" \/>\n<meta name=\"twitter:card\" content=\"summary_large_image\" \/>\n<meta name=\"twitter:label1\" content=\"Estimated reading time\" \/>\n\t<meta name=\"twitter:data1\" content=\"2 minutes\" \/>\n<script type=\"application\/ld+json\" class=\"yoast-schema-graph\">{\"@context\":\"https:\/\/schema.org\",\"@graph\":[{\"@type\":\"WebPage\",\"@id\":\"https:\/\/fitting-cometa.hu\/edenyfenek\/\",\"url\":\"https:\/\/fitting-cometa.hu\/edenyfenek\/\",\"name\":\"Ed\u00e9nyfen\u00e9k - Karima, Cs\u0151\u00edv, T-idom, Sz\u0171k\u00edt\u0151, Ed\u00e9nyfen\u00e9k | Cometa Kft.\",\"isPartOf\":{\"@id\":\"https:\/\/fitting-cometa.hu\/#website\"},\"datePublished\":\"2026-01-30T16:23:58+00:00\",\"dateModified\":\"2026-02-11T10:43:55+00:00\",\"description\":\"Sz\u00e9nac\u00e9l \u00e9s rozsdamentes rakt\u00e1rk\u00e9szlet szabv\u00e1ny alapj\u00e1n. ANSI\/EN\/DIN. Egyedi m\u00e9retben \u00d8 2500-ig.\",\"breadcrumb\":{\"@id\":\"https:\/\/fitting-cometa.hu\/edenyfenek\/#breadcrumb\"},\"inLanguage\":\"en-GB\",\"potentialAction\":[{\"@type\":\"ReadAction\",\"target\":[\"https:\/\/fitting-cometa.hu\/edenyfenek\/\"]}]},{\"@type\":\"BreadcrumbList\",\"@id\":\"https:\/\/fitting-cometa.hu\/edenyfenek\/#breadcrumb\",\"itemListElement\":[{\"@type\":\"ListItem\",\"position\":1,\"name\":\"Kezd\u0151lap\",\"item\":\"https:\/\/fitting-cometa.hu\/\"},{\"@type\":\"ListItem\",\"position\":2,\"name\":\"Ed\u00e9nyfen\u00e9k\"}]},{\"@type\":\"WebSite\",\"@id\":\"https:\/\/fitting-cometa.hu\/#website\",\"url\":\"https:\/\/fitting-cometa.hu\/\",\"name\":\"Fitting-cometa\",\"description\":\"Sz\u00e9nac\u00e9l \u00e9s rozsdamentes term\u00e9kek\",\"publisher\":{\"@id\":\"https:\/\/fitting-cometa.hu\/#organization\"},\"potentialAction\":[{\"@type\":\"SearchAction\",\"target\":{\"@type\":\"EntryPoint\",\"urlTemplate\":\"https:\/\/fitting-cometa.hu\/?s={search_term_string}\"},\"query-input\":{\"@type\":\"PropertyValueSpecification\",\"valueRequired\":true,\"valueName\":\"search_term_string\"}}],\"inLanguage\":\"en-GB\"},{\"@type\":\"Organization\",\"@id\":\"https:\/\/fitting-cometa.hu\/#organization\",\"name\":\"Fitting-cometa\",\"url\":\"https:\/\/fitting-cometa.hu\/\",\"logo\":{\"@type\":\"ImageObject\",\"inLanguage\":\"en-GB\",\"@id\":\"https:\/\/fitting-cometa.hu\/#\/schema\/logo\/image\/\",\"url\":\"https:\/\/fitting-cometa.hu\/wp-content\/uploads\/2026\/02\/logo.png\",\"contentUrl\":\"https:\/\/fitting-cometa.hu\/wp-content\/uploads\/2026\/02\/logo.png\",\"width\":600,\"height\":450,\"caption\":\"Fitting-cometa\"},\"image\":{\"@id\":\"https:\/\/fitting-cometa.hu\/#\/schema\/logo\/image\/\"},\"sameAs\":[\"https:\/\/www.facebook.com\/Albrecht.Cometa\/\",\"https:\/\/www.linkedin.com\/company\/albrecht-s-fiai-kft\/\",\"https:\/\/hu.linkedin.com\/in\/krisztin-albrecht-17b47a3a5\/en\"]}]}<\/script>\n<!-- \/ Yoast SEO plugin. -->","yoast_head_json":{"title":"Ed\u00e9nyfen\u00e9k - Karima, Cs\u0151\u00edv, T-idom, Sz\u0171k\u00edt\u0151, Ed\u00e9nyfen\u00e9k | Cometa Kft.","description":"Carbon steel and stainless steel stock based on standard. ANSI\/EN\/DIN. Custom sizes up to \u00d8 2500.","robots":{"index":"index","follow":"follow","max-snippet":"max-snippet:-1","max-image-preview":"max-image-preview:large","max-video-preview":"max-video-preview:-1"},"canonical":"https:\/\/fitting-cometa.hu\/en\/edenyfenek\/","og_locale":"en_GB","og_type":"article","og_title":"Ed\u00e9nyfen\u00e9k - Karima, Cs\u0151\u00edv, T-idom, Sz\u0171k\u00edt\u0151, Ed\u00e9nyfen\u00e9k | Cometa Kft.","og_description":"Sz\u00e9nac\u00e9l \u00e9s rozsdamentes rakt\u00e1rk\u00e9szlet szabv\u00e1ny alapj\u00e1n. ANSI\/EN\/DIN. Egyedi m\u00e9retben \u00d8 2500-ig.","og_url":"https:\/\/fitting-cometa.hu\/en\/edenyfenek\/","og_site_name":"Karima, Cs\u0151\u00edv, T-idom, Sz\u0171k\u00edt\u0151, Ed\u00e9nyfen\u00e9k | Cometa Kft.","article_publisher":"https:\/\/www.facebook.com\/Albrecht.Cometa\/","article_modified_time":"2026-02-11T10:43:55+00:00","og_image":[{"width":600,"height":450,"url":"https:\/\/fitting-cometa.hu\/wp-content\/uploads\/2026\/02\/logo.png","type":"image\/png"}],"twitter_card":"summary_large_image","twitter_misc":{"Estimated reading time":"2 minutes"},"schema":{"@context":"https:\/\/schema.org","@graph":[{"@type":"WebPage","@id":"https:\/\/fitting-cometa.hu\/edenyfenek\/","url":"https:\/\/fitting-cometa.hu\/edenyfenek\/","name":"Ed\u00e9nyfen\u00e9k - Karima, Cs\u0151\u00edv, T-idom, Sz\u0171k\u00edt\u0151, Ed\u00e9nyfen\u00e9k | Cometa Kft.","isPartOf":{"@id":"https:\/\/fitting-cometa.hu\/#website"},"datePublished":"2026-01-30T16:23:58+00:00","dateModified":"2026-02-11T10:43:55+00:00","description":"Carbon steel and stainless steel stock based on standard. ANSI\/EN\/DIN. Custom sizes up to \u00d8 2500.","breadcrumb":{"@id":"https:\/\/fitting-cometa.hu\/edenyfenek\/#breadcrumb"},"inLanguage":"en-GB","potentialAction":[{"@type":"ReadAction","target":["https:\/\/fitting-cometa.hu\/edenyfenek\/"]}]},{"@type":"BreadcrumbList","@id":"https:\/\/fitting-cometa.hu\/edenyfenek\/#breadcrumb","itemListElement":[{"@type":"ListItem","position":1,"name":"Kezd\u0151lap","item":"https:\/\/fitting-cometa.hu\/"},{"@type":"ListItem","position":2,"name":"Ed\u00e9nyfen\u00e9k"}]},{"@type":"WebSite","@id":"https:\/\/fitting-cometa.hu\/#website","url":"https:\/\/fitting-cometa.hu\/","name":"Fitting-cometa","description":"Sz\u00e9nac\u00e9l \u00e9s rozsdamentes term\u00e9kek","publisher":{"@id":"https:\/\/fitting-cometa.hu\/#organization"},"potentialAction":[{"@type":"SearchAction","target":{"@type":"EntryPoint","urlTemplate":"https:\/\/fitting-cometa.hu\/?s={search_term_string}"},"query-input":{"@type":"PropertyValueSpecification","valueRequired":true,"valueName":"search_term_string"}}],"inLanguage":"en-GB"},{"@type":"Organization","@id":"https:\/\/fitting-cometa.hu\/#organization","name":"Fitting-cometa","url":"https:\/\/fitting-cometa.hu\/","logo":{"@type":"ImageObject","inLanguage":"en-GB","@id":"https:\/\/fitting-cometa.hu\/#\/schema\/logo\/image\/","url":"https:\/\/fitting-cometa.hu\/wp-content\/uploads\/2026\/02\/logo.png","contentUrl":"https:\/\/fitting-cometa.hu\/wp-content\/uploads\/2026\/02\/logo.png","width":600,"height":450,"caption":"Fitting-cometa"},"image":{"@id":"https:\/\/fitting-cometa.hu\/#\/schema\/logo\/image\/"},"sameAs":["https:\/\/www.facebook.com\/Albrecht.Cometa\/","https:\/\/www.linkedin.com\/company\/albrecht-s-fiai-kft\/","https:\/\/hu.linkedin.com\/in\/krisztin-albrecht-17b47a3a5\/en"]}]}},"_links":{"self":[{"href":"https:\/\/fitting-cometa.hu\/en\/wp-json\/wp\/v2\/pages\/3820","targetHints":{"allow":["GET"]}}],"collection":[{"href":"https:\/\/fitting-cometa.hu\/en\/wp-json\/wp\/v2\/pages"}],"about":[{"href":"https:\/\/fitting-cometa.hu\/en\/wp-json\/wp\/v2\/types\/page"}],"author":[{"embeddable":true,"href":"https:\/\/fitting-cometa.hu\/en\/wp-json\/wp\/v2\/users\/1"}],"replies":[{"embeddable":true,"href":"https:\/\/fitting-cometa.hu\/en\/wp-json\/wp\/v2\/comments?post=3820"}],"version-history":[{"count":22,"href":"https:\/\/fitting-cometa.hu\/en\/wp-json\/wp\/v2\/pages\/3820\/revisions"}],"predecessor-version":[{"id":4338,"href":"https:\/\/fitting-cometa.hu\/en\/wp-json\/wp\/v2\/pages\/3820\/revisions\/4338"}],"wp:attachment":[{"href":"https:\/\/fitting-cometa.hu\/en\/wp-json\/wp\/v2\/media?parent=3820"}],"curies":[{"name":"wp","href":"https:\/\/api.w.org\/{rel}","templated":true}]}}