{"id":3811,"date":"2026-01-30T17:20:02","date_gmt":"2026-01-30T16:20:02","guid":{"rendered":"https:\/\/fitting-cometa.hu\/?page_id=3811"},"modified":"2026-02-11T11:42:22","modified_gmt":"2026-02-11T10:42:22","slug":"csoiv","status":"publish","type":"page","link":"https:\/\/fitting-cometa.hu\/en\/csoiv\/","title":{"rendered":"ELBOW"},"content":{"rendered":"<section class=\"section\" id=\"section_267847875\">\n\t\t<div class=\"bg section-bg fill bg-fill\" >\n\n\t\t\t\n\t\t\t\n\t\t\t\n\n\t\t<\/div>\n\n\t\t\n\n\t\t<div class=\"section-content relative\">\n\t\t\t\n\n<div class=\"row align-center\"  id=\"row-657327821\">\n\n\n\t<div id=\"col-1066248836\" class=\"col medium-12 small-12 large-10\"  >\n\t\t\t\t<div class=\"col-inner text-center\"  >\n\t\t\t\n\t\t\t\n\n\t<div id=\"text-4282813359\" class=\"text\">\n\t\t\n\n<h1>ELBOW<\/h1>\n\t\t\n<style>\n#text-4282813359 {\n  font-size: 2.1rem;\n  color: rgb(212, 212, 212);\n}\n#text-4282813359 > * {\n  color: rgb(212, 212, 212);\n}\n@media (min-width:550px) {\n  #text-4282813359 {\n    font-size: 2.75rem;\n  }\n}\n<\/style>\n\t<\/div>\n\t\n\n\t\t<\/div>\n\t\t\t\t\n<style>\n#col-1066248836 > .col-inner {\n  margin: 60px 0px 0px 0px;\n}\n<\/style>\n\t<\/div>\n\n\t\n\n\t<div id=\"col-1377841660\" class=\"col medium-10 small-12 large-7\"  >\n\t\t\t\t<div class=\"col-inner\"  >\n\t\t\t\n\t\t\t\n\n\t<div id=\"text-3136874269\" class=\"text\">\n\t\t\n\n<p style=\"text-align: center;\">The Cometa Kft. has been present on the domestic and European market for more than 30 years.<\/p>\n<p style=\"text-align: center;\">High quality carbon steel and stainless steel pipe fittings with custom radius to suit your requirements. ANSI\/EN\/DIN. Custom sizes up to \u00d8 2500.<\/p>\n<p style=\"text-align: center;\">Our price list includes the most standard sizes and qualities, other sizes\/material qualities\/wall thickness\/certificate\/unique requests are welcome.<\/p>\n\t\t\n<style>\n#text-3136874269 {\n  font-size: 0.8rem;\n  color: rgb(222, 222, 222);\n}\n#text-3136874269 > * {\n  color: rgb(222, 222, 222);\n}\n@media (min-width:550px) {\n  #text-3136874269 {\n    font-size: 1.4rem;\n  }\n}\n<\/style>\n\t<\/div>\n\t\n\n\t\t<\/div>\n\t\t\t\t\t<\/div>\n\n\t\n\n<\/div>\n\n\t\t<\/div>\n\n\t\t\n<style>\n#section_267847875 {\n  padding-top: 30px;\n  padding-bottom: 30px;\n}\n#section_267847875 .section-bg.bg-loaded {\n  background-image: url(https:\/\/fitting-cometa.hu\/wp-content\/uploads\/2026\/02\/csoiv_hatter.jpg);\n}\n<\/style>\n\t<\/section>\n\t\n\t<section class=\"section\" id=\"section_602055530\">\n\t\t<div class=\"bg section-bg fill bg-fill  bg-loaded\" >\n\n\t\t\t\n\t\t\t\n\t\t\t\n\n\t\t<\/div>\n\n\t\t\n\n\t\t<div class=\"section-content relative\">\n\t\t\t\n\n<div class=\"text-center\"><div class=\"is-divider divider clearfix\" style=\"max-width:45vw;height:5px;background-color:rgb(212, 212, 212);\"><\/div><\/div>\n\n<div class=\"row\"  id=\"row-1735445278\">\n\n\n\t<div id=\"col-207264031\" class=\"col small-12 large-12\"  >\n\t\t\t\t<div class=\"col-inner\"  >\n\t\t\t\n\t\t\t\n\n\t<div id=\"text-2477112776\" class=\"text\">\n\t\t\n\n<h2>Price list<\/h2>\n\t\t\n<style>\n#text-2477112776 {\n  font-size: 2.1rem;\n  text-align: center;\n  color: rgb(212, 212, 212);\n}\n#text-2477112776 > * {\n  color: rgb(212, 212, 212);\n}\n<\/style>\n\t<\/div>\n\t\n\n\t\t<\/div>\n\t\t\t\t\t<\/div>\n\n\t\n\n<\/div>\n<div class=\"row align-center\"  id=\"row-307297520\">\n\n\n\t<div id=\"col-1168629875\" class=\"col medium-3 small-6 large-3\"  >\n\t\t\t\t<div class=\"col-inner\"  >\n\t\t\t\n\t<div class=\"is-border\"\n\t\tstyle=\"border-color:rgb(212, 212, 212);border-radius:12px;border-width:1px 1px 1px 1px;margin:1px 1px 1px 1px;\">\n\t<\/div>\n\t\t\t\n\n<div class=\"row\"  id=\"row-1684467157\">\n\n\n\t<div id=\"col-958155991\" class=\"col small-12 large-12\"  >\n\t\t\t\t<div class=\"col-inner text-center\"  >\n\t\t\t\n\t\t\t\n\n\t<div id=\"text-3589625987\" class=\"text\">\n\t\t\n\n<h2>stainless steel<br \/>\nelbow price list<\/h2>\n\t\t\n<style>\n#text-3589625987 {\n  font-size: 1.4rem;\n  text-align: center;\n  color: rgb(212, 212, 212);\n}\n#text-3589625987 > * {\n  color: rgb(212, 212, 212);\n}\n<\/style>\n\t<\/div>\n\t\n\n\t\t<\/div>\n\t\t\t\t\t<\/div>\n\n\t\n\n\t<div id=\"col-418636600\" class=\"col small-12 large-12\"  >\n\t\t\t\t<div class=\"col-inner text-center dark\"  >\n\t\t\t\n\t\t\t\n\n<a href=\"https:\/\/fitting-cometa.hu\/wp-content\/uploads\/2026\/02\/csoiv-sav-vizjeles.pdf\" target=\"_self\" class=\"button white is-outline\"  style=\"border-radius:10px;\">\n    <span>Download from<\/span>\n  <\/a>\n\n\n\n\t\t<\/div>\n\t\t\t\t\t<\/div>\n\n\t\n\n<\/div>\n\n\t\t<\/div>\n\t\t\t\t\t<\/div>\n\n\t\n\n\t<div id=\"col-1583849590\" class=\"col medium-3 small-6 large-3\"  >\n\t\t\t\t<div class=\"col-inner\"  >\n\t\t\t\n\t<div class=\"is-border\"\n\t\tstyle=\"border-color:rgb(212, 212, 212);border-radius:12px;border-width:1px 1px 1px 1px;margin:1px 1px 1px 1px;\">\n\t<\/div>\n\t\t\t\n\n<div class=\"row\"  id=\"row-481234544\">\n\n\n\t<div id=\"col-343813000\" class=\"col small-12 large-12\"  >\n\t\t\t\t<div class=\"col-inner text-center\"  >\n\t\t\t\n\t\t\t\n\n\t<div id=\"text-2154203753\" class=\"text rgb(212, 212, 212)\">\n\t\t\n\n<h2>Carbon steel elbow price list<\/h2>\n\t\t\n<style>\n#text-2154203753 {\n  font-size: 1.4rem;\n  text-align: center;\n  color: rgb(212, 212, 212);\n}\n#text-2154203753 > * {\n  color: rgb(212, 212, 212);\n}\n<\/style>\n\t<\/div>\n\t\n\n\t\t<\/div>\n\t\t\t\t\t<\/div>\n\n\t\n\n\t<div id=\"col-1275885529\" class=\"col small-12 large-12\"  >\n\t\t\t\t<div class=\"col-inner text-center dark\"  >\n\t\t\t\n\t\t\t\n\n<a href=\"https:\/\/fitting-cometa.hu\/wp-content\/uploads\/2026\/02\/csoiv-szen-vizjeles.pdf\" target=\"_self\" class=\"button white is-outline\"  style=\"border-radius:10px;\">\n    <span>Download from<\/span>\n  <\/a>\n\n\n\n\t\t<\/div>\n\t\t\t\t\t<\/div>\n\n\t\n\n<\/div>\n\n\t\t<\/div>\n\t\t\t\t\t<\/div>\n\n\t\n\n<\/div>\n\n\t\t<\/div>\n\n\t\t\n<style>\n#section_602055530 {\n  padding-top: 30px;\n  padding-bottom: 30px;\n  background-color: rgb(64, 114, 89);\n}\n<\/style>\n\t<\/section>\n\t\n\t<section class=\"section\" id=\"section_1186049595\">\n\t\t<div class=\"bg section-bg fill bg-fill  bg-loaded\" >\n\n\t\t\t\n\t\t\t\n\t\t\t\n\n\t\t<\/div>\n\n\t\t\n\n\t\t<div class=\"section-content relative\">\n\t\t\t\n\n<div class=\"row\"  id=\"row-2069484361\">\n\n\n\t<div id=\"col-1217100773\" class=\"col medium-4 small-12 large-4\"  >\n\t\t\t\t<div class=\"col-inner text-center\"  >\n\t\t\t\n\t\t\t\n\n\t<div id=\"text-1285509149\" class=\"text\">\n\t\t\n\n<p>Email: albrecht.fiai@albrecht.hu<\/p>\n<p>cometa@albrecht.hu<\/p>\n\t\t\n<style>\n#text-1285509149 {\n  font-size: 1.35rem;\n  color: rgb(212, 212, 212);\n}\n#text-1285509149 > * {\n  color: rgb(212, 212, 212);\n}\n<\/style>\n\t<\/div>\n\t\n\n\t\t<\/div>\n\t\t\t\t\t<\/div>\n\n\t\n\n\t<div id=\"col-1985228533\" class=\"col medium-4 small-12 large-4\"  >\n\t\t\t\t<div class=\"col-inner text-center\"  >\n\t\t\t\n\t\t\t\n\n\t<div id=\"text-2683213806\" class=\"text\">\n\t\t\n\n<p>\u260f Phone: +36 46 502 070<\/p>\n<p>\u2706 Mobile: +36 20 404 6006<\/p>\n\t\t\n<style>\n#text-2683213806 {\n  font-size: 1.45rem;\n  color: rgb(215, 215, 215);\n}\n#text-2683213806 > * {\n  color: rgb(215, 215, 215);\n}\n<\/style>\n\t<\/div>\n\t\n\n\t\t<\/div>\n\t\t\t\t\t<\/div>\n\n\t\n\n\t<div id=\"col-488270709\" class=\"col medium-4 small-12 large-4\"  >\n\t\t\t\t<div class=\"col-inner text-center\"  >\n\t\t\t\n\t\t\t\n\n\t<div id=\"text-1177269335\" class=\"text\">\n\t\t\n\n<p>Address: 3526 Miskolc, Rep\u00fcl\u0151t\u00e9ri \u00fat 9\/b.<\/p>\n\t\t\n<style>\n#text-1177269335 {\n  font-size: 1.3rem;\n  color: rgb(212, 212, 212);\n}\n#text-1177269335 > * {\n  color: rgb(212, 212, 212);\n}\n<\/style>\n\t<\/div>\n\t\n\n\t\t<\/div>\n\t\t\t\t\t<\/div>\n\n\t\n\n<\/div>\n\n\t\t<\/div>\n\n\t\t\n<style>\n#section_1186049595 {\n  padding-top: 30px;\n  padding-bottom: 30px;\n  background-color: rgb(64, 114, 89);\n}\n<\/style>\n\t<\/section>","protected":false},"excerpt":{"rendered":"","protected":false},"author":1,"featured_media":0,"parent":0,"menu_order":0,"comment_status":"closed","ping_status":"closed","template":"page-single-page-nav-transparent.php","meta":{"footnotes":""},"class_list":["post-3811","page","type-page","status-publish","hentry"],"yoast_head":"<!-- This site is optimized with the Yoast SEO plugin v27.0 - https:\/\/yoast.com\/product\/yoast-seo-wordpress\/ -->\n<title>Cs\u0151\u00edv - Karima, Cs\u0151\u00edv, T-idom, Sz\u0171k\u00edt\u0151, Ed\u00e9nyfen\u00e9k | Cometa Kft.<\/title>\n<meta name=\"description\" content=\"Min\u0151s\u00e9gi sz\u00e9nac\u00e9l \u00e9s rozsdamentes cs\u0151szerelv\u00e9nyek ig\u00e9ny szerinti r\u00e1diuszokkal. ANSI\/EN\/DIN. Egyedi m\u00e9retben \u00d8 2500-ig.\" \/>\n<meta name=\"robots\" content=\"index, follow, max-snippet:-1, max-image-preview:large, max-video-preview:-1\" \/>\n<link rel=\"canonical\" href=\"https:\/\/fitting-cometa.hu\/en\/csoiv\/\" \/>\n<meta property=\"og:locale\" content=\"en_GB\" \/>\n<meta property=\"og:type\" content=\"article\" \/>\n<meta property=\"og:title\" content=\"Cs\u0151\u00edv - Karima, Cs\u0151\u00edv, T-idom, Sz\u0171k\u00edt\u0151, Ed\u00e9nyfen\u00e9k | Cometa Kft.\" \/>\n<meta property=\"og:description\" content=\"Min\u0151s\u00e9gi sz\u00e9nac\u00e9l \u00e9s rozsdamentes cs\u0151szerelv\u00e9nyek ig\u00e9ny szerinti r\u00e1diuszokkal. ANSI\/EN\/DIN. Egyedi m\u00e9retben \u00d8 2500-ig.\" \/>\n<meta property=\"og:url\" content=\"https:\/\/fitting-cometa.hu\/en\/csoiv\/\" \/>\n<meta property=\"og:site_name\" content=\"Karima, Cs\u0151\u00edv, T-idom, Sz\u0171k\u00edt\u0151, Ed\u00e9nyfen\u00e9k | Cometa Kft.\" \/>\n<meta property=\"article:publisher\" content=\"https:\/\/www.facebook.com\/Albrecht.Cometa\/\" \/>\n<meta property=\"article:modified_time\" content=\"2026-02-11T10:42:22+00:00\" \/>\n<meta property=\"og:image\" content=\"https:\/\/fitting-cometa.hu\/wp-content\/uploads\/2026\/02\/logo.png\" \/>\n\t<meta property=\"og:image:width\" content=\"600\" \/>\n\t<meta property=\"og:image:height\" content=\"450\" \/>\n\t<meta property=\"og:image:type\" content=\"image\/png\" \/>\n<meta name=\"twitter:card\" content=\"summary_large_image\" \/>\n<script type=\"application\/ld+json\" class=\"yoast-schema-graph\">{\"@context\":\"https:\/\/schema.org\",\"@graph\":[{\"@type\":\"WebPage\",\"@id\":\"https:\/\/fitting-cometa.hu\/csoiv\/\",\"url\":\"https:\/\/fitting-cometa.hu\/csoiv\/\",\"name\":\"Cs\u0151\u00edv - Karima, Cs\u0151\u00edv, T-idom, Sz\u0171k\u00edt\u0151, Ed\u00e9nyfen\u00e9k | Cometa Kft.\",\"isPartOf\":{\"@id\":\"https:\/\/fitting-cometa.hu\/#website\"},\"datePublished\":\"2026-01-30T16:20:02+00:00\",\"dateModified\":\"2026-02-11T10:42:22+00:00\",\"description\":\"Min\u0151s\u00e9gi sz\u00e9nac\u00e9l \u00e9s rozsdamentes cs\u0151szerelv\u00e9nyek ig\u00e9ny szerinti r\u00e1diuszokkal. ANSI\/EN\/DIN. Egyedi m\u00e9retben \u00d8 2500-ig.\",\"breadcrumb\":{\"@id\":\"https:\/\/fitting-cometa.hu\/csoiv\/#breadcrumb\"},\"inLanguage\":\"en-GB\",\"potentialAction\":[{\"@type\":\"ReadAction\",\"target\":[\"https:\/\/fitting-cometa.hu\/csoiv\/\"]}]},{\"@type\":\"BreadcrumbList\",\"@id\":\"https:\/\/fitting-cometa.hu\/csoiv\/#breadcrumb\",\"itemListElement\":[{\"@type\":\"ListItem\",\"position\":1,\"name\":\"Kezd\u0151lap\",\"item\":\"https:\/\/fitting-cometa.hu\/\"},{\"@type\":\"ListItem\",\"position\":2,\"name\":\"Cs\u0151\u00edv\"}]},{\"@type\":\"WebSite\",\"@id\":\"https:\/\/fitting-cometa.hu\/#website\",\"url\":\"https:\/\/fitting-cometa.hu\/\",\"name\":\"Fitting-cometa\",\"description\":\"Sz\u00e9nac\u00e9l \u00e9s rozsdamentes term\u00e9kek\",\"publisher\":{\"@id\":\"https:\/\/fitting-cometa.hu\/#organization\"},\"potentialAction\":[{\"@type\":\"SearchAction\",\"target\":{\"@type\":\"EntryPoint\",\"urlTemplate\":\"https:\/\/fitting-cometa.hu\/?s={search_term_string}\"},\"query-input\":{\"@type\":\"PropertyValueSpecification\",\"valueRequired\":true,\"valueName\":\"search_term_string\"}}],\"inLanguage\":\"en-GB\"},{\"@type\":\"Organization\",\"@id\":\"https:\/\/fitting-cometa.hu\/#organization\",\"name\":\"Fitting-cometa\",\"url\":\"https:\/\/fitting-cometa.hu\/\",\"logo\":{\"@type\":\"ImageObject\",\"inLanguage\":\"en-GB\",\"@id\":\"https:\/\/fitting-cometa.hu\/#\/schema\/logo\/image\/\",\"url\":\"https:\/\/fitting-cometa.hu\/wp-content\/uploads\/2026\/02\/logo.png\",\"contentUrl\":\"https:\/\/fitting-cometa.hu\/wp-content\/uploads\/2026\/02\/logo.png\",\"width\":600,\"height\":450,\"caption\":\"Fitting-cometa\"},\"image\":{\"@id\":\"https:\/\/fitting-cometa.hu\/#\/schema\/logo\/image\/\"},\"sameAs\":[\"https:\/\/www.facebook.com\/Albrecht.Cometa\/\",\"https:\/\/www.linkedin.com\/company\/albrecht-s-fiai-kft\/\",\"https:\/\/hu.linkedin.com\/in\/krisztin-albrecht-17b47a3a5\/en\"]}]}<\/script>\n<!-- \/ Yoast SEO plugin. -->","yoast_head_json":{"title":"Cs\u0151\u00edv - Karima, Cs\u0151\u00edv, T-idom, Sz\u0171k\u00edt\u0151, Ed\u00e9nyfen\u00e9k | Cometa Kft.","description":"High quality carbon steel and stainless steel pipe fittings with custom radius to suit your requirements. ANSI\/EN\/DIN. Custom sizes up to \u00d8 2500.","robots":{"index":"index","follow":"follow","max-snippet":"max-snippet:-1","max-image-preview":"max-image-preview:large","max-video-preview":"max-video-preview:-1"},"canonical":"https:\/\/fitting-cometa.hu\/en\/csoiv\/","og_locale":"en_GB","og_type":"article","og_title":"Cs\u0151\u00edv - Karima, Cs\u0151\u00edv, T-idom, Sz\u0171k\u00edt\u0151, Ed\u00e9nyfen\u00e9k | Cometa Kft.","og_description":"Min\u0151s\u00e9gi sz\u00e9nac\u00e9l \u00e9s rozsdamentes cs\u0151szerelv\u00e9nyek ig\u00e9ny szerinti r\u00e1diuszokkal. ANSI\/EN\/DIN. Egyedi m\u00e9retben \u00d8 2500-ig.","og_url":"https:\/\/fitting-cometa.hu\/en\/csoiv\/","og_site_name":"Karima, Cs\u0151\u00edv, T-idom, Sz\u0171k\u00edt\u0151, Ed\u00e9nyfen\u00e9k | Cometa Kft.","article_publisher":"https:\/\/www.facebook.com\/Albrecht.Cometa\/","article_modified_time":"2026-02-11T10:42:22+00:00","og_image":[{"width":600,"height":450,"url":"https:\/\/fitting-cometa.hu\/wp-content\/uploads\/2026\/02\/logo.png","type":"image\/png"}],"twitter_card":"summary_large_image","schema":{"@context":"https:\/\/schema.org","@graph":[{"@type":"WebPage","@id":"https:\/\/fitting-cometa.hu\/csoiv\/","url":"https:\/\/fitting-cometa.hu\/csoiv\/","name":"Cs\u0151\u00edv - Karima, Cs\u0151\u00edv, T-idom, Sz\u0171k\u00edt\u0151, Ed\u00e9nyfen\u00e9k | Cometa Kft.","isPartOf":{"@id":"https:\/\/fitting-cometa.hu\/#website"},"datePublished":"2026-01-30T16:20:02+00:00","dateModified":"2026-02-11T10:42:22+00:00","description":"High quality carbon steel and stainless steel pipe fittings with custom radius to suit your requirements. ANSI\/EN\/DIN. Custom sizes up to \u00d8 2500.","breadcrumb":{"@id":"https:\/\/fitting-cometa.hu\/csoiv\/#breadcrumb"},"inLanguage":"en-GB","potentialAction":[{"@type":"ReadAction","target":["https:\/\/fitting-cometa.hu\/csoiv\/"]}]},{"@type":"BreadcrumbList","@id":"https:\/\/fitting-cometa.hu\/csoiv\/#breadcrumb","itemListElement":[{"@type":"ListItem","position":1,"name":"Kezd\u0151lap","item":"https:\/\/fitting-cometa.hu\/"},{"@type":"ListItem","position":2,"name":"Cs\u0151\u00edv"}]},{"@type":"WebSite","@id":"https:\/\/fitting-cometa.hu\/#website","url":"https:\/\/fitting-cometa.hu\/","name":"Fitting-cometa","description":"Sz\u00e9nac\u00e9l \u00e9s rozsdamentes term\u00e9kek","publisher":{"@id":"https:\/\/fitting-cometa.hu\/#organization"},"potentialAction":[{"@type":"SearchAction","target":{"@type":"EntryPoint","urlTemplate":"https:\/\/fitting-cometa.hu\/?s={search_term_string}"},"query-input":{"@type":"PropertyValueSpecification","valueRequired":true,"valueName":"search_term_string"}}],"inLanguage":"en-GB"},{"@type":"Organization","@id":"https:\/\/fitting-cometa.hu\/#organization","name":"Fitting-cometa","url":"https:\/\/fitting-cometa.hu\/","logo":{"@type":"ImageObject","inLanguage":"en-GB","@id":"https:\/\/fitting-cometa.hu\/#\/schema\/logo\/image\/","url":"https:\/\/fitting-cometa.hu\/wp-content\/uploads\/2026\/02\/logo.png","contentUrl":"https:\/\/fitting-cometa.hu\/wp-content\/uploads\/2026\/02\/logo.png","width":600,"height":450,"caption":"Fitting-cometa"},"image":{"@id":"https:\/\/fitting-cometa.hu\/#\/schema\/logo\/image\/"},"sameAs":["https:\/\/www.facebook.com\/Albrecht.Cometa\/","https:\/\/www.linkedin.com\/company\/albrecht-s-fiai-kft\/","https:\/\/hu.linkedin.com\/in\/krisztin-albrecht-17b47a3a5\/en"]}]}},"_links":{"self":[{"href":"https:\/\/fitting-cometa.hu\/en\/wp-json\/wp\/v2\/pages\/3811","targetHints":{"allow":["GET"]}}],"collection":[{"href":"https:\/\/fitting-cometa.hu\/en\/wp-json\/wp\/v2\/pages"}],"about":[{"href":"https:\/\/fitting-cometa.hu\/en\/wp-json\/wp\/v2\/types\/page"}],"author":[{"embeddable":true,"href":"https:\/\/fitting-cometa.hu\/en\/wp-json\/wp\/v2\/users\/1"}],"replies":[{"embeddable":true,"href":"https:\/\/fitting-cometa.hu\/en\/wp-json\/wp\/v2\/comments?post=3811"}],"version-history":[{"count":19,"href":"https:\/\/fitting-cometa.hu\/en\/wp-json\/wp\/v2\/pages\/3811\/revisions"}],"predecessor-version":[{"id":4335,"href":"https:\/\/fitting-cometa.hu\/en\/wp-json\/wp\/v2\/pages\/3811\/revisions\/4335"}],"wp:attachment":[{"href":"https:\/\/fitting-cometa.hu\/en\/wp-json\/wp\/v2\/media?parent=3811"}],"curies":[{"name":"wp","href":"https:\/\/api.w.org\/{rel}","templated":true}]}}