{"id":3783,"date":"2026-01-30T10:02:33","date_gmt":"2026-01-30T09:02:33","guid":{"rendered":"https:\/\/fitting-cometa.hu\/?page_id=3783"},"modified":"2026-02-11T11:41:47","modified_gmt":"2026-02-11T10:41:47","slug":"karimak","status":"publish","type":"page","link":"https:\/\/fitting-cometa.hu\/en\/karimak\/","title":{"rendered":"Karima"},"content":{"rendered":"<section class=\"section\" id=\"section_17744173\">\n\t\t<div class=\"bg section-bg fill bg-fill\" >\n\n\t\t\t\n\t\t\t\n\t\t\t\n\n\t\t<\/div>\n\n\t\t\n\n\t\t<div class=\"section-content relative\">\n\t\t\t\n\n<div class=\"row align-center\"  id=\"row-207964247\">\n\n\n\t<div id=\"col-964366624\" class=\"col medium-12 small-12 large-10\"  >\n\t\t\t\t<div class=\"col-inner text-center\"  >\n\t\t\t\n\t\t\t\n\n\t<div id=\"text-2725238984\" class=\"text\">\n\t\t\n\n<h1>FLANGE <\/h1>\n\t\t\n<style>\n#text-2725238984 {\n  font-size: 2.1rem;\n  color: rgb(212, 212, 212);\n}\n#text-2725238984 > * {\n  color: rgb(212, 212, 212);\n}\n@media (min-width:550px) {\n  #text-2725238984 {\n    font-size: 2.75rem;\n  }\n}\n<\/style>\n\t<\/div>\n\t\n\n\t\t<\/div>\n\t\t\t\t\n<style>\n#col-964366624 > .col-inner {\n  margin: 60px 0px 0px 0px;\n}\n<\/style>\n\t<\/div>\n\n\t\n\n\t<div id=\"col-1514643234\" class=\"col medium-10 small-12 large-6\"  >\n\t\t\t\t<div class=\"col-inner\"  >\n\t\t\t\n\t\t\t\n\n\t<div id=\"text-1497584464\" class=\"text\">\n\t\t\n\n<p style=\"text-align: center;\">Among the products of Albrecht \u00e9s Fiai Kft. you can find the following flanges:\u00a0<\/p>\n<p style=\"text-align: center;\">Welding neck flange, flat flange, loose flange, weldable case flange, blind flange, threaded flange, flared flange.<\/p>\n<p style=\"text-align: center;\">It has been present on the national and European market as a manufacturer for more than 30 years.<\/p>\n<p style=\"text-align: center;\">Carbon steel and stainless steel stock based on standard. ANSI, EN, GOST, DIN, MSZ, JIS. Custom sizes up to \u00d8 2500.<\/p>\n<p style=\"text-align: center;\">Our price list includes the most standard sizes and qualities, other sizes\/material qualities\/ wall thickness\/<wbr \/>proof\/unique requests are welcome.\u00a0<\/p>\n<p style=\"text-align: center;\">It is possible to order in sets: flange + set screw + gasket<\/p>\n\t\t\n<style>\n#text-1497584464 {\n  font-size: 0.8rem;\n  color: rgb(222, 222, 222);\n}\n#text-1497584464 > * {\n  color: rgb(222, 222, 222);\n}\n@media (min-width:550px) {\n  #text-1497584464 {\n    font-size: 1.4rem;\n  }\n}\n<\/style>\n\t<\/div>\n\t\n\n\t\t<\/div>\n\t\t\t\t\t<\/div>\n\n\t\n\n<\/div>\n\n\t\t<\/div>\n\n\t\t\n<style>\n#section_17744173 {\n  padding-top: 30px;\n  padding-bottom: 30px;\n}\n#section_17744173 .section-bg.bg-loaded {\n  background-image: url(https:\/\/fitting-cometa.hu\/wp-content\/uploads\/2026\/02\/karima-oldal-hatter.jpg);\n}\n<\/style>\n\t<\/section>\n\t\n\t<section class=\"section\" id=\"section_1404099877\">\n\t\t<div class=\"bg section-bg fill bg-fill  bg-loaded\" >\n\n\t\t\t\n\t\t\t\n\t\t\t\n\n\t\t<\/div>\n\n\t\t\n\n\t\t<div class=\"section-content relative\">\n\t\t\t\n\n<div class=\"text-center\"><div class=\"is-divider divider clearfix\" style=\"max-width:45vw;background-color:rgb(212, 212, 212);\"><\/div><\/div>\n\n<div class=\"row\"  id=\"row-1408775753\">\n\n\n\t<div id=\"col-1759081612\" class=\"col small-12 large-12\"  >\n\t\t\t\t<div class=\"col-inner\"  >\n\t\t\t\n\t\t\t\n\n\t<div id=\"text-2578245547\" class=\"text\">\n\t\t\n\n<h2>Price list<\/h2>\n\t\t\n<style>\n#text-2578245547 {\n  font-size: 2.1rem;\n  text-align: center;\n  color: rgb(212, 212, 212);\n}\n#text-2578245547 > * {\n  color: rgb(212, 212, 212);\n}\n<\/style>\n\t<\/div>\n\t\n\n\t\t<\/div>\n\t\t\t\t\t<\/div>\n\n\t\n\n<\/div>\n<div class=\"row\"  id=\"row-1779365824\">\n\n\n\t<div id=\"col-1443073642\" class=\"col medium-3 small-6 large-3\"  >\n\t\t\t\t<div class=\"col-inner\"  >\n\t\t\t\n\t<div class=\"is-border\"\n\t\tstyle=\"border-color:rgb(212, 212, 212);border-radius:12px;border-width:1px 1px 1px 1px;margin:1px 1px 1px 1px;\">\n\t<\/div>\n\t\t\t\n\n<div class=\"row\"  id=\"row-2047958611\">\n\n\n\t<div id=\"col-2064387195\" class=\"col small-12 large-12\"  >\n\t\t\t\t<div class=\"col-inner text-center\"  >\n\t\t\t\n\t\t\t\n\n\t<div id=\"text-1732907786\" class=\"text\">\n\t\t\n\n<h2>Stainless steel welding neck flange price list<\/h2>\n<h2>EN\/ANSI<\/h2>\n\t\t\n<style>\n#text-1732907786 {\n  font-size: 0.85rem;\n  text-align: center;\n  color: rgb(212, 212, 212);\n}\n#text-1732907786 > * {\n  color: rgb(212, 212, 212);\n}\n@media (min-width:550px) {\n  #text-1732907786 {\n    font-size: 1.3rem;\n  }\n}\n<\/style>\n\t<\/div>\n\t\n\n\t\t<\/div>\n\t\t\t\t\t<\/div>\n\n\t\n\n\t<div id=\"col-1840435567\" class=\"col small-12 large-12\"  >\n\t\t\t\t<div class=\"col-inner text-center dark\"  >\n\t\t\t\n\t\t\t\n\n<a href=\"https:\/\/fitting-cometa.hu\/wp-content\/uploads\/2026\/02\/arlista-karima-sav-vizjeles-uj.pdf\" target=\"_self\" class=\"button white is-outline\"  style=\"border-radius:10px;\">\n    <span>Download from<\/span>\n  <\/a>\n\n\n\n\t\t<\/div>\n\t\t\t\t\t<\/div>\n\n\t\n\n<\/div>\n\n\t\t<\/div>\n\t\t\t\t\t<\/div>\n\n\t\n\n\t<div id=\"col-456919029\" class=\"col medium-3 small-6 large-3\"  >\n\t\t\t\t<div class=\"col-inner\"  >\n\t\t\t\n\t<div class=\"is-border\"\n\t\tstyle=\"border-color:rgb(212, 212, 212);border-radius:12px;border-width:1px 1px 1px 1px;margin:1px 1px 1px 1px;\">\n\t<\/div>\n\t\t\t\n\n<div class=\"row\"  id=\"row-1688262638\">\n\n\n\t<div id=\"col-793933233\" class=\"col small-12 large-12\"  >\n\t\t\t\t<div class=\"col-inner text-center\"  >\n\t\t\t\n\t\t\t\n\n\t<div id=\"text-548259784\" class=\"text rgb(212, 212, 212)\">\n\t\t\n\n<h2>Carbon steel welding neck flange price list<\/h2>\n<h2>EN\/ANSI<\/h2>\n\t\t\n<style>\n#text-548259784 {\n  font-size: 0.85rem;\n  text-align: center;\n  color: rgb(212, 212, 212);\n}\n#text-548259784 > * {\n  color: rgb(212, 212, 212);\n}\n@media (min-width:550px) {\n  #text-548259784 {\n    font-size: 1.3rem;\n  }\n}\n<\/style>\n\t<\/div>\n\t\n\n\t\t<\/div>\n\t\t\t\t\t<\/div>\n\n\t\n\n\t<div id=\"col-26116202\" class=\"col small-12 large-12\"  >\n\t\t\t\t<div class=\"col-inner text-center dark\"  >\n\t\t\t\n\t\t\t\n\n<a href=\"https:\/\/fitting-cometa.hu\/wp-content\/uploads\/2026\/02\/arlista-karima-szen-vizjeles-uj.pdf\" target=\"_self\" class=\"button white is-outline\"  style=\"border-radius:10px;\">\n    <span>Download from<\/span>\n  <\/a>\n\n\n\n\t\t<\/div>\n\t\t\t\t\t<\/div>\n\n\t\n\n<\/div>\n\n\t\t<\/div>\n\t\t\t\t\t<\/div>\n\n\t\n\n\t<div id=\"col-1085311599\" class=\"col medium-3 small-6 large-3\"  >\n\t\t\t\t<div class=\"col-inner\"  >\n\t\t\t\n\t<div class=\"is-border\"\n\t\tstyle=\"border-color:rgb(212, 212, 212);border-radius:12px;border-width:1px 1px 1px 1px;margin:1px 1px 1px 1px;\">\n\t<\/div>\n\t\t\t\n\n<div class=\"row\"  id=\"row-2070211912\">\n\n\n\t<div id=\"col-495295664\" class=\"col small-12 large-12\"  >\n\t\t\t\t<div class=\"col-inner text-center\"  >\n\t\t\t\n\t\t\t\n\n\t<div id=\"text-401585042\" class=\"text\">\n\t\t\n\n<h2>Stainless steel flat\/loose flange price list<\/h2>\n<h2>EN\/ANSI<\/h2>\n\t\t\n<style>\n#text-401585042 {\n  font-size: 0.85rem;\n  text-align: center;\n  color: rgb(212, 212, 212);\n}\n#text-401585042 > * {\n  color: rgb(212, 212, 212);\n}\n@media (min-width:550px) {\n  #text-401585042 {\n    font-size: 1.3rem;\n  }\n}\n<\/style>\n\t<\/div>\n\t\n\n\t\t<\/div>\n\t\t\t\t\t<\/div>\n\n\t\n\n\t<div id=\"col-1868242669\" class=\"col small-12 large-12\"  >\n\t\t\t\t<div class=\"col-inner text-center dark\"  >\n\t\t\t\n\t\t\t\n\n<a href=\"https:\/\/fitting-cometa.hu\/wp-content\/uploads\/2026\/02\/arlistas-lapos-sav-karima-vizjeles.pdf\" target=\"_self\" class=\"button white is-outline\"  style=\"border-radius:10px;\">\n    <span>Download from<\/span>\n  <\/a>\n\n\n\n\t\t<\/div>\n\t\t\t\t\t<\/div>\n\n\t\n\n<\/div>\n\n\t\t<\/div>\n\t\t\t\t\t<\/div>\n\n\t\n\n\t<div id=\"col-1718697819\" class=\"col medium-3 small-6 large-3\"  >\n\t\t\t\t<div class=\"col-inner\"  >\n\t\t\t\n\t<div class=\"is-border\"\n\t\tstyle=\"border-color:rgb(212, 212, 212);border-radius:12px;border-width:1px 1px 1px 1px;margin:1px 1px 1px 1px;\">\n\t<\/div>\n\t\t\t\n\n<div class=\"row\"  id=\"row-691050893\">\n\n\n\t<div id=\"col-1827874279\" class=\"col small-12 large-12\"  >\n\t\t\t\t<div class=\"col-inner text-center\"  >\n\t\t\t\n\t\t\t\n\n\t<div id=\"text-3248440806\" class=\"text\">\n\t\t\n\n<h2 style=\"text-align: center;\">Carbon steel flat\/loose flange price list<\/h2>\n<h2>EN\/ANSI<\/h2>\n\t\t\n<style>\n#text-3248440806 {\n  font-size: 0.85rem;\n  text-align: center;\n  color: rgb(212, 212, 212);\n}\n#text-3248440806 > * {\n  color: rgb(212, 212, 212);\n}\n@media (min-width:550px) {\n  #text-3248440806 {\n    font-size: 1.3rem;\n  }\n}\n<\/style>\n\t<\/div>\n\t\n\n\t\t<\/div>\n\t\t\t\t\t<\/div>\n\n\t\n\n\t<div id=\"col-1405024151\" class=\"col small-12 large-12\"  >\n\t\t\t\t<div class=\"col-inner text-center dark\"  >\n\t\t\t\n\t\t\t\n\n<a href=\"https:\/\/fitting-cometa.hu\/wp-content\/uploads\/2026\/02\/arlistas-lapos-szen-karima-vizjeles.pdf\" target=\"_self\" class=\"button white is-outline\"  style=\"border-radius:10px;\">\n    <span>Download from<\/span>\n  <\/a>\n\n\n\n\t\t<\/div>\n\t\t\t\t\t<\/div>\n\n\t\n\n<\/div>\n\n\t\t<\/div>\n\t\t\t\t\t<\/div>\n\n\t\n\n<\/div>\n\n\t\t<\/div>\n\n\t\t\n<style>\n#section_1404099877 {\n  padding-top: 30px;\n  padding-bottom: 30px;\n  background-color: rgb(64, 114, 89);\n}\n<\/style>\n\t<\/section>\n\t\n\t<section class=\"section\" id=\"section_1905957920\">\n\t\t<div class=\"bg section-bg fill bg-fill  bg-loaded\" >\n\n\t\t\t\n\t\t\t\n\t\t\t\n\n\t\t<\/div>\n\n\t\t\n\n\t\t<div class=\"section-content relative\">\n\t\t\t\n\n<div class=\"row\"  id=\"row-88428336\">\n\n\n\t<div id=\"col-2016464642\" class=\"col medium-4 small-12 large-4\"  >\n\t\t\t\t<div class=\"col-inner text-center\"  >\n\t\t\t\n\t\t\t\n\n\t<div id=\"text-1356846826\" class=\"text\">\n\t\t\n\n<p>Email: albrecht.fiai@albrecht.hu<\/p>\n<p>cometa@albrecht.hu<\/p>\n\t\t\n<style>\n#text-1356846826 {\n  font-size: 1.35rem;\n  color: rgb(212, 212, 212);\n}\n#text-1356846826 > * {\n  color: rgb(212, 212, 212);\n}\n<\/style>\n\t<\/div>\n\t\n\n\t\t<\/div>\n\t\t\t\t\t<\/div>\n\n\t\n\n\t<div id=\"col-596944892\" class=\"col medium-4 small-12 large-4\"  >\n\t\t\t\t<div class=\"col-inner text-center\"  >\n\t\t\t\n\t\t\t\n\n\t<div id=\"text-3750660448\" class=\"text\">\n\t\t\n\n<p>\u260f Phone: +36 46 502 070<\/p>\n<p>\u2706 Mobile: +36 20 404 6006<\/p>\n\t\t\n<style>\n#text-3750660448 {\n  font-size: 1.45rem;\n  color: rgb(215, 215, 215);\n}\n#text-3750660448 > * {\n  color: rgb(215, 215, 215);\n}\n<\/style>\n\t<\/div>\n\t\n\n\t\t<\/div>\n\t\t\t\t\t<\/div>\n\n\t\n\n\t<div id=\"col-464837538\" class=\"col medium-4 small-12 large-4\"  >\n\t\t\t\t<div class=\"col-inner text-center\"  >\n\t\t\t\n\t\t\t\n\n\t<div id=\"text-2231933239\" class=\"text\">\n\t\t\n\n<p>Address: 3526 Miskolc, Rep\u00fcl\u0151t\u00e9ri \u00fat 9\/b.<\/p>\n\t\t\n<style>\n#text-2231933239 {\n  font-size: 1.3rem;\n  color: rgb(212, 212, 212);\n}\n#text-2231933239 > * {\n  color: rgb(212, 212, 212);\n}\n<\/style>\n\t<\/div>\n\t\n\n\t\t<\/div>\n\t\t\t\t\t<\/div>\n\n\t\n\n<\/div>\n\n\t\t<\/div>\n\n\t\t\n<style>\n#section_1905957920 {\n  padding-top: 30px;\n  padding-bottom: 30px;\n  background-color: rgb(64, 114, 89);\n}\n<\/style>\n\t<\/section>","protected":false},"excerpt":{"rendered":"","protected":false},"author":1,"featured_media":0,"parent":0,"menu_order":0,"comment_status":"closed","ping_status":"closed","template":"page-single-page-nav-transparent.php","meta":{"footnotes":""},"class_list":["post-3783","page","type-page","status-publish","hentry"],"yoast_head":"<!-- This site is optimized with the Yoast SEO plugin v27.0 - https:\/\/yoast.com\/product\/yoast-seo-wordpress\/ -->\n<title>Karima - Karima gy\u00e1rt\u00e1s - Sz\u00e9nac\u00e9l - Sav\u00e1ll\u00f3<\/title>\n<meta name=\"description\" content=\"Sz\u00e9nac\u00e9l \u00e9s rozsdamentes rakt\u00e1rk\u00e9szlet szabv\u00e1ny alapj\u00e1n. ANSI, EN, GOST, DIN, MSZ, JIS. Egyedi m\u00e9retben \u00d8 2500-ig.\" \/>\n<meta name=\"robots\" content=\"index, follow, max-snippet:-1, max-image-preview:large, max-video-preview:-1\" \/>\n<link rel=\"canonical\" href=\"https:\/\/fitting-cometa.hu\/en\/karimak\/\" \/>\n<meta property=\"og:locale\" content=\"en_GB\" \/>\n<meta property=\"og:type\" content=\"article\" \/>\n<meta property=\"og:title\" content=\"Karima - Karima gy\u00e1rt\u00e1s - Sz\u00e9nac\u00e9l - Sav\u00e1ll\u00f3\" \/>\n<meta property=\"og:description\" content=\"Sz\u00e9nac\u00e9l \u00e9s rozsdamentes rakt\u00e1rk\u00e9szlet szabv\u00e1ny alapj\u00e1n. ANSI, EN, GOST, DIN, MSZ, JIS. Egyedi m\u00e9retben \u00d8 2500-ig.\" \/>\n<meta property=\"og:url\" content=\"https:\/\/fitting-cometa.hu\/en\/karimak\/\" \/>\n<meta property=\"og:site_name\" content=\"Karima, Cs\u0151\u00edv, T-idom, Sz\u0171k\u00edt\u0151, Ed\u00e9nyfen\u00e9k | Cometa Kft.\" \/>\n<meta property=\"article:publisher\" content=\"https:\/\/www.facebook.com\/Albrecht.Cometa\/\" \/>\n<meta property=\"article:modified_time\" content=\"2026-02-11T10:41:47+00:00\" \/>\n<meta property=\"og:image\" content=\"https:\/\/fitting-cometa.hu\/wp-content\/uploads\/2026\/02\/logo.png\" \/>\n\t<meta property=\"og:image:width\" content=\"600\" \/>\n\t<meta property=\"og:image:height\" content=\"450\" \/>\n\t<meta property=\"og:image:type\" content=\"image\/png\" \/>\n<meta name=\"twitter:card\" content=\"summary_large_image\" \/>\n<script type=\"application\/ld+json\" class=\"yoast-schema-graph\">{\"@context\":\"https:\/\/schema.org\",\"@graph\":[{\"@type\":\"WebPage\",\"@id\":\"https:\/\/fitting-cometa.hu\/karimak\/\",\"url\":\"https:\/\/fitting-cometa.hu\/karimak\/\",\"name\":\"Karima - Karima gy\u00e1rt\u00e1s - Sz\u00e9nac\u00e9l - Sav\u00e1ll\u00f3\",\"isPartOf\":{\"@id\":\"https:\/\/fitting-cometa.hu\/#website\"},\"datePublished\":\"2026-01-30T09:02:33+00:00\",\"dateModified\":\"2026-02-11T10:41:47+00:00\",\"description\":\"Sz\u00e9nac\u00e9l \u00e9s rozsdamentes rakt\u00e1rk\u00e9szlet szabv\u00e1ny alapj\u00e1n. ANSI, EN, GOST, DIN, MSZ, JIS. Egyedi m\u00e9retben \u00d8 2500-ig.\",\"breadcrumb\":{\"@id\":\"https:\/\/fitting-cometa.hu\/karimak\/#breadcrumb\"},\"inLanguage\":\"en-GB\",\"potentialAction\":[{\"@type\":\"ReadAction\",\"target\":[\"https:\/\/fitting-cometa.hu\/karimak\/\"]}]},{\"@type\":\"BreadcrumbList\",\"@id\":\"https:\/\/fitting-cometa.hu\/karimak\/#breadcrumb\",\"itemListElement\":[{\"@type\":\"ListItem\",\"position\":1,\"name\":\"Kezd\u0151lap\",\"item\":\"https:\/\/fitting-cometa.hu\/\"},{\"@type\":\"ListItem\",\"position\":2,\"name\":\"Karima\"}]},{\"@type\":\"WebSite\",\"@id\":\"https:\/\/fitting-cometa.hu\/#website\",\"url\":\"https:\/\/fitting-cometa.hu\/\",\"name\":\"Fitting-cometa\",\"description\":\"Sz\u00e9nac\u00e9l \u00e9s rozsdamentes term\u00e9kek\",\"publisher\":{\"@id\":\"https:\/\/fitting-cometa.hu\/#organization\"},\"potentialAction\":[{\"@type\":\"SearchAction\",\"target\":{\"@type\":\"EntryPoint\",\"urlTemplate\":\"https:\/\/fitting-cometa.hu\/?s={search_term_string}\"},\"query-input\":{\"@type\":\"PropertyValueSpecification\",\"valueRequired\":true,\"valueName\":\"search_term_string\"}}],\"inLanguage\":\"en-GB\"},{\"@type\":\"Organization\",\"@id\":\"https:\/\/fitting-cometa.hu\/#organization\",\"name\":\"Fitting-cometa\",\"url\":\"https:\/\/fitting-cometa.hu\/\",\"logo\":{\"@type\":\"ImageObject\",\"inLanguage\":\"en-GB\",\"@id\":\"https:\/\/fitting-cometa.hu\/#\/schema\/logo\/image\/\",\"url\":\"https:\/\/fitting-cometa.hu\/wp-content\/uploads\/2026\/02\/logo.png\",\"contentUrl\":\"https:\/\/fitting-cometa.hu\/wp-content\/uploads\/2026\/02\/logo.png\",\"width\":600,\"height\":450,\"caption\":\"Fitting-cometa\"},\"image\":{\"@id\":\"https:\/\/fitting-cometa.hu\/#\/schema\/logo\/image\/\"},\"sameAs\":[\"https:\/\/www.facebook.com\/Albrecht.Cometa\/\",\"https:\/\/www.linkedin.com\/company\/albrecht-s-fiai-kft\/\",\"https:\/\/hu.linkedin.com\/in\/krisztin-albrecht-17b47a3a5\/en\"]}]}<\/script>\n<!-- \/ Yoast SEO plugin. -->","yoast_head_json":{"title":"Karima - Karima gy\u00e1rt\u00e1s - Sz\u00e9nac\u00e9l - Sav\u00e1ll\u00f3","description":"Carbon steel and stainless steel stock based on standard. ANSI, EN, GOST, DIN, MSZ, JIS. Custom sizes up to \u00d8 2500.","robots":{"index":"index","follow":"follow","max-snippet":"max-snippet:-1","max-image-preview":"max-image-preview:large","max-video-preview":"max-video-preview:-1"},"canonical":"https:\/\/fitting-cometa.hu\/en\/karimak\/","og_locale":"en_GB","og_type":"article","og_title":"Karima - Karima gy\u00e1rt\u00e1s - Sz\u00e9nac\u00e9l - Sav\u00e1ll\u00f3","og_description":"Sz\u00e9nac\u00e9l \u00e9s rozsdamentes rakt\u00e1rk\u00e9szlet szabv\u00e1ny alapj\u00e1n. ANSI, EN, GOST, DIN, MSZ, JIS. Egyedi m\u00e9retben \u00d8 2500-ig.","og_url":"https:\/\/fitting-cometa.hu\/en\/karimak\/","og_site_name":"Karima, Cs\u0151\u00edv, T-idom, Sz\u0171k\u00edt\u0151, Ed\u00e9nyfen\u00e9k | Cometa Kft.","article_publisher":"https:\/\/www.facebook.com\/Albrecht.Cometa\/","article_modified_time":"2026-02-11T10:41:47+00:00","og_image":[{"width":600,"height":450,"url":"https:\/\/fitting-cometa.hu\/wp-content\/uploads\/2026\/02\/logo.png","type":"image\/png"}],"twitter_card":"summary_large_image","schema":{"@context":"https:\/\/schema.org","@graph":[{"@type":"WebPage","@id":"https:\/\/fitting-cometa.hu\/karimak\/","url":"https:\/\/fitting-cometa.hu\/karimak\/","name":"Karima - Karima gy\u00e1rt\u00e1s - Sz\u00e9nac\u00e9l - Sav\u00e1ll\u00f3","isPartOf":{"@id":"https:\/\/fitting-cometa.hu\/#website"},"datePublished":"2026-01-30T09:02:33+00:00","dateModified":"2026-02-11T10:41:47+00:00","description":"Carbon steel and stainless steel stock based on standard. ANSI, EN, GOST, DIN, MSZ, JIS. Custom sizes up to \u00d8 2500.","breadcrumb":{"@id":"https:\/\/fitting-cometa.hu\/karimak\/#breadcrumb"},"inLanguage":"en-GB","potentialAction":[{"@type":"ReadAction","target":["https:\/\/fitting-cometa.hu\/karimak\/"]}]},{"@type":"BreadcrumbList","@id":"https:\/\/fitting-cometa.hu\/karimak\/#breadcrumb","itemListElement":[{"@type":"ListItem","position":1,"name":"Kezd\u0151lap","item":"https:\/\/fitting-cometa.hu\/"},{"@type":"ListItem","position":2,"name":"Karima"}]},{"@type":"WebSite","@id":"https:\/\/fitting-cometa.hu\/#website","url":"https:\/\/fitting-cometa.hu\/","name":"Fitting-cometa","description":"Sz\u00e9nac\u00e9l \u00e9s rozsdamentes term\u00e9kek","publisher":{"@id":"https:\/\/fitting-cometa.hu\/#organization"},"potentialAction":[{"@type":"SearchAction","target":{"@type":"EntryPoint","urlTemplate":"https:\/\/fitting-cometa.hu\/?s={search_term_string}"},"query-input":{"@type":"PropertyValueSpecification","valueRequired":true,"valueName":"search_term_string"}}],"inLanguage":"en-GB"},{"@type":"Organization","@id":"https:\/\/fitting-cometa.hu\/#organization","name":"Fitting-cometa","url":"https:\/\/fitting-cometa.hu\/","logo":{"@type":"ImageObject","inLanguage":"en-GB","@id":"https:\/\/fitting-cometa.hu\/#\/schema\/logo\/image\/","url":"https:\/\/fitting-cometa.hu\/wp-content\/uploads\/2026\/02\/logo.png","contentUrl":"https:\/\/fitting-cometa.hu\/wp-content\/uploads\/2026\/02\/logo.png","width":600,"height":450,"caption":"Fitting-cometa"},"image":{"@id":"https:\/\/fitting-cometa.hu\/#\/schema\/logo\/image\/"},"sameAs":["https:\/\/www.facebook.com\/Albrecht.Cometa\/","https:\/\/www.linkedin.com\/company\/albrecht-s-fiai-kft\/","https:\/\/hu.linkedin.com\/in\/krisztin-albrecht-17b47a3a5\/en"]}]}},"_links":{"self":[{"href":"https:\/\/fitting-cometa.hu\/en\/wp-json\/wp\/v2\/pages\/3783","targetHints":{"allow":["GET"]}}],"collection":[{"href":"https:\/\/fitting-cometa.hu\/en\/wp-json\/wp\/v2\/pages"}],"about":[{"href":"https:\/\/fitting-cometa.hu\/en\/wp-json\/wp\/v2\/types\/page"}],"author":[{"embeddable":true,"href":"https:\/\/fitting-cometa.hu\/en\/wp-json\/wp\/v2\/users\/1"}],"replies":[{"embeddable":true,"href":"https:\/\/fitting-cometa.hu\/en\/wp-json\/wp\/v2\/comments?post=3783"}],"version-history":[{"count":41,"href":"https:\/\/fitting-cometa.hu\/en\/wp-json\/wp\/v2\/pages\/3783\/revisions"}],"predecessor-version":[{"id":4334,"href":"https:\/\/fitting-cometa.hu\/en\/wp-json\/wp\/v2\/pages\/3783\/revisions\/4334"}],"wp:attachment":[{"href":"https:\/\/fitting-cometa.hu\/en\/wp-json\/wp\/v2\/media?parent=3783"}],"curies":[{"name":"wp","href":"https:\/\/api.w.org\/{rel}","templated":true}]}}